{"id":25456,"date":"2026-02-23T14:33:06","date_gmt":"2026-02-23T12:33:06","guid":{"rendered":"https:\/\/dev.garden.ee\/?post_type=product&#038;p=25456"},"modified":"2026-02-23T14:44:30","modified_gmt":"2026-02-23T12:44:30","slug":"elymus-arenarius","status":"publish","type":"product","link":"https:\/\/dev.garden.ee\/en\/product\/elymus-arenarius\/","title":{"rendered":"Elymus arenarius"},"content":{"rendered":"<input class=\"fooboxshare_post_id\" type=\"hidden\" value=\"25456\"\/>","protected":false},"excerpt":{"rendered":"<p>P\u00f5hja-Euroopas, sealhulgas ka Eestis looduslikult leviv tihe, sinakashalli lehestikuga tugevakasvuline k\u00f5rreline. Looduses kasvab liiv-vareskaer, nagu nimigi \u00fctleb,\u00a0liivastel ja kiviklibustel mererandadel. Taim levib tugevate risoomide teel ning n\u00e4iteks maastikukujunduses kasutatakse teda tihti pinnase erosiooni v\u00e4ltimiseks, eriti n\u00f5lvadel.<\/p>\n<p>Liiv-vareskaerale iseloomuliku puhmiku moodustavad pikad, j\u00e4igad hallikad-sinakad vahakirmega kaetud teravatipulised lehed. \u00d5iep\u00e4hikud ilmuvad taimele juunis-juulis. Dekoratiivne k\u00f5rreline eelistab kasvada t\u00e4isp\u00e4ikese k\u00e4es, \u00fclihea drenaa\u017eiga lahjas kuivemas pinnases, kuid saab hakkama ka poolvarjus, ehkki taime v\u00e4rv on sel juhul veidi rohelisem.<\/p>","protected":false},"featured_media":25459,"template":"","meta":[],"product_brand":[],"product_cat":[4400,4401,22],"product_tag":[],"class_list":{"0":"post-25456","1":"product","2":"type-product","3":"status-publish","4":"has-post-thumbnail","6":"product_cat-korrelised","7":"product_cat-pusikud","8":"product_cat-taimed","9":"pa_kasvukorgus-100-150-cm","10":"pa_lisainfo-dekoratiivne-lehestik","11":"pa_lisainfo-sobib-osalise-varjuga-kasvualale","12":"pa_oie-varv-beez","13":"pa_oitsemise-aeg-juuni-juuli","14":"pa_talvekindlus-vaga-hea","15":"pa_tingimused-hea-drenaaz","16":"pa_tingimused-kuiv","17":"pa_tingimused-vaheviljakas","18":"pa_valguse-tingimused-paike","19":"pa_valguse-tingimused-poolvari","20":"pa_variatsioon-suurem-pott","21":"pa_variatsioon-suurem-pott-soodushind-50","22":"pa_variatsioon-vaiksem-pott","24":"first","25":"instock","26":"sale","27":"purchasable","28":"product-type-variable"},"acf":[],"_links":{"self":[{"href":"https:\/\/dev.garden.ee\/en\/wp-json\/wp\/v2\/product\/25456","targetHints":{"allow":["GET"]}}],"collection":[{"href":"https:\/\/dev.garden.ee\/en\/wp-json\/wp\/v2\/product"}],"about":[{"href":"https:\/\/dev.garden.ee\/en\/wp-json\/wp\/v2\/types\/product"}],"wp:featuredmedia":[{"embeddable":true,"href":"https:\/\/dev.garden.ee\/en\/wp-json\/wp\/v2\/media\/25459"}],"wp:attachment":[{"href":"https:\/\/dev.garden.ee\/en\/wp-json\/wp\/v2\/media?parent=25456"}],"wp:term":[{"taxonomy":"product_brand","embeddable":true,"href":"https:\/\/dev.garden.ee\/en\/wp-json\/wp\/v2\/product_brand?post=25456"},{"taxonomy":"product_cat","embeddable":true,"href":"https:\/\/dev.garden.ee\/en\/wp-json\/wp\/v2\/product_cat?post=25456"},{"taxonomy":"product_tag","embeddable":true,"href":"https:\/\/dev.garden.ee\/en\/wp-json\/wp\/v2\/product_tag?post=25456"}],"curies":[{"name":"wp","href":"https:\/\/api.w.org\/{rel}","templated":true}]}}