{"id":25453,"date":"2026-02-23T13:55:33","date_gmt":"2026-02-23T11:55:33","guid":{"rendered":"https:\/\/dev.garden.ee\/?post_type=product&#038;p=25453"},"modified":"2026-02-23T14:01:29","modified_gmt":"2026-02-23T12:01:29","slug":"echinacea-purpurea-double-decker","status":"publish","type":"product","link":"https:\/\/dev.garden.ee\/en\/product\/echinacea-purpurea-double-decker\/","title":{"rendered":"Echinacea purpurea &#8216;Double-Decker&#8217;"},"content":{"rendered":"<input class=\"fooboxshare_post_id\" type=\"hidden\" value=\"25453\"\/>","protected":false},"excerpt":{"rendered":"<p>Ebatavaline kahekordne, umbes 1 m k\u00f5rgune siilk\u00fcbar, mis moodustab ainulaadseid kahekorruselisi \u00f5isikuid. Pikkade s\u00fcgavate roosi roosade kroonlehtedega, mis \u00fcmbritsevad oran\u017eikaspruuni keskkoonust ning mille tipus on omakorda v\u00e4ike l\u00fchemate kroonlehtedega tutt. Meelitab ligi liblikaid. T\u00e4iendava \u00f5itsemise soodustamiseks eemalda \u00e4ra \u00f5itsenud \u00f5isikud. V\u00f5ib olla tundlik jagamisele.<\/p>","protected":false},"featured_media":0,"template":"","meta":[],"product_brand":[],"product_cat":[4415,4413,6934,4401,22],"product_tag":[],"class_list":{"0":"post-25453","1":"product","2":"type-product","3":"status-publish","5":"product_cat-lilleaed","6":"product_cat-loikelilleaed","7":"product_cat-mesilassobralik-aed","8":"product_cat-pusikud","9":"product_cat-taimed","10":"pa_kasvukorgus-100-120-cm","11":"pa_laius-45-60-cm","12":"pa_lisainfo-mesilaste-lemmik","13":"pa_lisainfo-pilgupuudja","14":"pa_lisainfo-sobib-loikelilleks","15":"pa_lisainfo-talvine-ponevus","16":"pa_oie-varv-roosa","17":"pa_oitsemise-aeg-juuli-september","18":"pa_talvekindlus-vaga-hea","19":"pa_tingimused-hea-drenaaz","20":"pa_tingimused-viljakas","21":"pa_tsoon-3-9","22":"pa_valguse-tingimused-paike","23":"pa_variatsioon-suurem-pott","24":"pa_variatsioon-vaiksem-pott","26":"first","27":"instock","28":"purchasable","29":"product-type-variable"},"acf":[],"_links":{"self":[{"href":"https:\/\/dev.garden.ee\/en\/wp-json\/wp\/v2\/product\/25453","targetHints":{"allow":["GET"]}}],"collection":[{"href":"https:\/\/dev.garden.ee\/en\/wp-json\/wp\/v2\/product"}],"about":[{"href":"https:\/\/dev.garden.ee\/en\/wp-json\/wp\/v2\/types\/product"}],"wp:attachment":[{"href":"https:\/\/dev.garden.ee\/en\/wp-json\/wp\/v2\/media?parent=25453"}],"wp:term":[{"taxonomy":"product_brand","embeddable":true,"href":"https:\/\/dev.garden.ee\/en\/wp-json\/wp\/v2\/product_brand?post=25453"},{"taxonomy":"product_cat","embeddable":true,"href":"https:\/\/dev.garden.ee\/en\/wp-json\/wp\/v2\/product_cat?post=25453"},{"taxonomy":"product_tag","embeddable":true,"href":"https:\/\/dev.garden.ee\/en\/wp-json\/wp\/v2\/product_tag?post=25453"}],"curies":[{"name":"wp","href":"https:\/\/api.w.org\/{rel}","templated":true}]}}