{"id":2544,"date":"2023-01-18T17:16:06","date_gmt":"2023-01-18T15:16:06","guid":{"rendered":"https:\/\/dev.zezz.ee\/garden\/toode\/anthemis-tinctoria-ec-buxton\/"},"modified":"2026-02-16T18:49:54","modified_gmt":"2026-02-16T16:49:54","slug":"anthemis-tinctoria-ec-buxton","status":"publish","type":"product","link":"https:\/\/dev.garden.ee\/en\/product\/anthemis-tinctoria-ec-buxton\/","title":{"rendered":"Anthemis tinctoria &#8216;EC Buxton&#8217;"},"content":{"rendered":"<input class=\"fooboxshare_post_id\" type=\"hidden\" value=\"2544\"\/>","protected":false},"excerpt":{"rendered":"<p>Taim on puhmast moodustav, \u00fchtlaselt ja h\u00e4sti hargnev. Tal on kitsad, s\u00f5najalalaadsed, terved ja rohelised lehed. Produtseerib l\u00f5putul hulgal karikakra sarnaseid, meekollase s\u00fcdamikuga, sidrunikollaste kroonlehtedega \u00f5isi, mis vaatamata kuumadele ja kuivadele ilmadele \u00f5itsevad r\u00f5\u00f5msalt kogu suve, kuni s\u00fcgiseste \u00f6\u00f6k\u00fclmadeni. Kasvatada v\u00f5ib, kus iganes &#8211; p\u00fcsikupeenardes, \u00a0madalate okaspuudega istutusaladel, massina v\u00f5i n\u00e4iteks hekina teede \u00e4\u00e4ristusel. Arvestada tuleks taimede istutamise vahekauguseks pea meetrijagu, sest see taim kogub hoogu aasta v\u00f5i paar, et oma t\u00e4ism\u00f5\u00f5tmed saavutada. \u00d5itsemist alustab ta m\u00f5ningal m\u00e4\u00e4ral juba istutamisaastal, kuid uskuge, ootus on seda v\u00e4\u00e4rt! T\u00e4idab h\u00e4sti pinda. Istutada v\u00f5imalikult p\u00e4ikeselisse kasvukohta, vett l\u00e4bilaskvasse aiamulda. Sobib kokku n\u00e4iteks dekoratiivsete k\u00f5rrelistega, hariliku raudrohuga&#8217; Cerise Queen&#8217;, jukalehise ogaputkega, hariliku perovskiaga &#8216;Blue Spire&#8217;, erinevate salviatega. S\u00fcgisel l\u00f5igata varred maani maha, kevadel ilmuvad uued v\u00f5rsed. Suurep\u00e4rane ja kauap\u00fcsiv vaasilill. Taime saab paljundada varakevadel, jagamise teel. Seemnest kasvatades ei s\u00e4ili sordilomadused.<\/p>\n<p>Kaaslastena sobivad nt\u00a0Lupinus x russellii &#8216;Chandelier&#8217;,\u00a0Eryngium alpinum &#8216;Blue Star&#8217;<em>.\u00a0<\/em>Vt all &#8211; seotud tooted.<\/p>","protected":false},"featured_media":25248,"template":"","meta":[],"product_brand":[],"product_cat":[4407,4415,4413,6934,4401,22],"product_tag":[9209],"class_list":{"0":"post-2544","1":"product","2":"type-product","3":"status-publish","4":"has-post-thumbnail","6":"product_cat-aasad","7":"product_cat-lilleaed","8":"product_cat-loikelilleaed","9":"product_cat-mesilassobralik-aed","10":"product_cat-pusikud","11":"product_cat-taimed","12":"product_tag-rhs-award-of-garden-merit","13":"pa_haiguskindlus-hea","14":"pa_kasvukorgus-60-cm","15":"pa_laius-50-70-cm","16":"pa_lisainfo-hirve-kahjustustele-vastupidav","17":"pa_lisainfo-mesilaste-lemmik","18":"pa_lisainfo-sobib-loikelilleks","19":"pa_lisainfo-talub-pouda","20":"pa_lisainfo-talub-soola","21":"pa_oie-varv-kollane","22":"pa_oie-varv-kreemjas","23":"pa_oitsemise-aeg-juuli-oktoober","24":"pa_talvekindlus-vaga-hea","25":"pa_tingimused-hea-drenaaz","26":"pa_tingimused-viljakas","27":"pa_tsoon-3-7","28":"pa_valguse-tingimused-paike","29":"pa_variatsioon-suurem-pott","30":"pa_variatsioon-vaiksem-pott","32":"first","33":"onbackorder","34":"purchasable","35":"product-type-variable"},"acf":[],"_links":{"self":[{"href":"https:\/\/dev.garden.ee\/en\/wp-json\/wp\/v2\/product\/2544","targetHints":{"allow":["GET"]}}],"collection":[{"href":"https:\/\/dev.garden.ee\/en\/wp-json\/wp\/v2\/product"}],"about":[{"href":"https:\/\/dev.garden.ee\/en\/wp-json\/wp\/v2\/types\/product"}],"wp:featuredmedia":[{"embeddable":true,"href":"https:\/\/dev.garden.ee\/en\/wp-json\/wp\/v2\/media\/25248"}],"wp:attachment":[{"href":"https:\/\/dev.garden.ee\/en\/wp-json\/wp\/v2\/media?parent=2544"}],"wp:term":[{"taxonomy":"product_brand","embeddable":true,"href":"https:\/\/dev.garden.ee\/en\/wp-json\/wp\/v2\/product_brand?post=2544"},{"taxonomy":"product_cat","embeddable":true,"href":"https:\/\/dev.garden.ee\/en\/wp-json\/wp\/v2\/product_cat?post=2544"},{"taxonomy":"product_tag","embeddable":true,"href":"https:\/\/dev.garden.ee\/en\/wp-json\/wp\/v2\/product_tag?post=2544"}],"curies":[{"name":"wp","href":"https:\/\/api.w.org\/{rel}","templated":true}]}}