{"id":25434,"date":"2026-02-21T21:49:39","date_gmt":"2026-02-21T19:49:39","guid":{"rendered":"https:\/\/dev.garden.ee\/?post_type=product&#038;p=25434"},"modified":"2026-02-21T21:55:43","modified_gmt":"2026-02-21T19:55:43","slug":"digitalis-grandiflora-mill","status":"publish","type":"product","link":"https:\/\/dev.garden.ee\/en\/product\/digitalis-grandiflora-mill\/","title":{"rendered":"Digitalis grandiflora Mill."},"content":{"rendered":"<input class=\"fooboxshare_post_id\" type=\"hidden\" value=\"25434\"\/>","protected":false},"excerpt":{"rendered":"<p>V\u00e4hen\u00f5udlik taim, mis saab hakkama ka kivisematel pindadel. Moodustab suuri kitsaste, piklike, sakiliste ja karvaste lehtedega rosette. Pikad \u00f5ievarred kannavad kahvatukollaseid kellukakujulisi \u00f5iekobaraid, mis on seest poolt m\u00e4rgistatud pruuniga. Suurema efekti saavutamiseks istuta grupina.<\/p>\n<p>Taim on p\u00e4rjatud Award of Garden Merit tiitliga.<\/p>\n<p>L\u00f5igates tagasi h\u00e4\u00e4buva peamise \u00f5ievarre, soodustad uute k\u00fclgmiste \u00f5ievarte tekkimist. Kuivad varred l\u00f5igake \u00e4ra kohe, kui need ei ole enam dekoratiivsed, v\u00f5i vahetult p\u00e4rast \u00f5itsemist, et v\u00e4ltida liigset iseeneslikku seemikute teket. Eemaldage kuivad lehed. Puhastage kuivanud osadest enne kasvuperioodi. V\u00e4ga m\u00fcrgine, hoolduseks kasuta kindaid!<\/p>","protected":false},"featured_media":0,"template":"","meta":[],"product_brand":[],"product_cat":[4401,22],"product_tag":[9209],"class_list":{"0":"post-25434","1":"product","2":"type-product","3":"status-publish","5":"product_cat-pusikud","6":"product_cat-taimed","7":"product_tag-rhs-award-of-garden-merit","8":"pa_haiguskindlus-keskmine","9":"pa_kasvukorgus-100-cm","10":"pa_laius-30-45-cm-2","11":"pa_lisainfo-hirve-kahjustustele-vastupidav","12":"pa_lisainfo-janese-kahjustustele-vastupidav","13":"pa_lisainfo-murgine","14":"pa_lisainfo-sobib-osalise-varjuga-kasvualale","15":"pa_oie-varv-kollane","16":"pa_oitsemise-aeg-juuni-august","17":"pa_talvekindlus-vaga-hea","18":"pa_tingimused-hea-drenaaz","19":"pa_tingimused-parasniiske","20":"pa_tsoon-3-8","21":"pa_valguse-tingimused-paike","22":"pa_valguse-tingimused-poolvari","23":"pa_variatsioon-suurem-pott","24":"pa_variatsioon-vaiksem-pott","26":"first","27":"instock","28":"purchasable","29":"product-type-variable"},"acf":[],"_links":{"self":[{"href":"https:\/\/dev.garden.ee\/en\/wp-json\/wp\/v2\/product\/25434","targetHints":{"allow":["GET"]}}],"collection":[{"href":"https:\/\/dev.garden.ee\/en\/wp-json\/wp\/v2\/product"}],"about":[{"href":"https:\/\/dev.garden.ee\/en\/wp-json\/wp\/v2\/types\/product"}],"wp:attachment":[{"href":"https:\/\/dev.garden.ee\/en\/wp-json\/wp\/v2\/media?parent=25434"}],"wp:term":[{"taxonomy":"product_brand","embeddable":true,"href":"https:\/\/dev.garden.ee\/en\/wp-json\/wp\/v2\/product_brand?post=25434"},{"taxonomy":"product_cat","embeddable":true,"href":"https:\/\/dev.garden.ee\/en\/wp-json\/wp\/v2\/product_cat?post=25434"},{"taxonomy":"product_tag","embeddable":true,"href":"https:\/\/dev.garden.ee\/en\/wp-json\/wp\/v2\/product_tag?post=25434"}],"curies":[{"name":"wp","href":"https:\/\/api.w.org\/{rel}","templated":true}]}}