{"id":25414,"date":"2026-02-20T20:50:31","date_gmt":"2026-02-20T18:50:31","guid":{"rendered":"https:\/\/dev.garden.ee\/?post_type=product&#038;p=25414"},"modified":"2026-02-20T20:56:20","modified_gmt":"2026-02-20T18:56:20","slug":"delphinium-cinderella","status":"publish","type":"product","link":"https:\/\/dev.garden.ee\/en\/product\/delphinium-cinderella\/","title":{"rendered":"Delphinium &#8216;Cinderella&#8217;"},"content":{"rendered":"<input class=\"fooboxshare_post_id\" type=\"hidden\" value=\"25414\"\/>","protected":false},"excerpt":{"rendered":"<p>&#8216;Cinderella&#8217; pungad on helerohelised, millest avanevad pastelsed roosad topelt \u00f5ied, mille tipud v\u00f5ivad v\u00e4rvuda rohekaks ja s\u00fcdamik j\u00e4\u00e4b valgeks.<\/p>\n<p>Armastavad niiskepoolset rikkalikku pinnast ja aastas korra mult\u0161imist. J\u00e4lgi kasvuperioodi alguses, et teod lehti ega varsi \u00e4ra ei s\u00f6\u00f6ks. Tugevate \u00f5ievartega, mida v\u00f5ib vajadusel tuulisemas kohas toestusega toetada. T\u00e4nuv\u00e4\u00e4rselt pika \u00f5itsemisajaga. T\u00e4iendava \u00f5itsemise soodustamiseks eemalda \u00f5itsenud \u00f5isikud.<\/p>","protected":false},"featured_media":0,"template":"","meta":[],"product_brand":[],"product_cat":[9637,4413,4401,22],"product_tag":[],"class_list":{"0":"post-25414","1":"product","2":"type-product","3":"status-publish","5":"product_cat-istutuskast","6":"product_cat-loikelilleaed","7":"product_cat-pusikud","8":"product_cat-taimed","9":"pa_haiguskindlus-keskmine","10":"pa_kasvukorgus-120-cm","11":"pa_laius-50-80-cm","12":"pa_lisainfo-sobilik-istutuskasti-jaoks","13":"pa_lisainfo-sobib-loikelilleks","14":"pa_lisainfo-vajab-tuulte-eest-varju","15":"pa_oie-varv-roosa","16":"pa_oitsemise-aeg-juuni-september","17":"pa_talvekindlus-vaga-hea","18":"pa_tingimused-niiske","19":"pa_tingimused-viljakas","20":"pa_tsoon-3-7","21":"pa_valguse-tingimused-paike","22":"pa_variatsioon-suurem-pott","23":"pa_variatsioon-vaiksem-pott","25":"first","26":"instock","27":"purchasable","28":"product-type-variable"},"acf":[],"_links":{"self":[{"href":"https:\/\/dev.garden.ee\/en\/wp-json\/wp\/v2\/product\/25414","targetHints":{"allow":["GET"]}}],"collection":[{"href":"https:\/\/dev.garden.ee\/en\/wp-json\/wp\/v2\/product"}],"about":[{"href":"https:\/\/dev.garden.ee\/en\/wp-json\/wp\/v2\/types\/product"}],"wp:attachment":[{"href":"https:\/\/dev.garden.ee\/en\/wp-json\/wp\/v2\/media?parent=25414"}],"wp:term":[{"taxonomy":"product_brand","embeddable":true,"href":"https:\/\/dev.garden.ee\/en\/wp-json\/wp\/v2\/product_brand?post=25414"},{"taxonomy":"product_cat","embeddable":true,"href":"https:\/\/dev.garden.ee\/en\/wp-json\/wp\/v2\/product_cat?post=25414"},{"taxonomy":"product_tag","embeddable":true,"href":"https:\/\/dev.garden.ee\/en\/wp-json\/wp\/v2\/product_tag?post=25414"}],"curies":[{"name":"wp","href":"https:\/\/api.w.org\/{rel}","templated":true}]}}