{"id":25411,"date":"2026-02-20T19:03:59","date_gmt":"2026-02-20T17:03:59","guid":{"rendered":"https:\/\/dev.garden.ee\/?post_type=product&#038;p=25411"},"modified":"2026-02-20T19:20:19","modified_gmt":"2026-02-20T17:20:19","slug":"delosperma-nubigenum","status":"publish","type":"product","link":"https:\/\/dev.garden.ee\/en\/product\/delosperma-nubigenum\/","title":{"rendered":"Delosperma nubigenum"},"content":{"rendered":"<input class=\"fooboxshare_post_id\" type=\"hidden\" value=\"25411\"\/>","protected":false},"excerpt":{"rendered":"<p>Maukleht istuta k\u00f5ige kuumemasse ja kuivemasse kasvukohta kus ta saab tunda ennast k\u00f5ige paremini ja olla v\u00e4ga t\u00e4nuv\u00e4\u00e4rne pinnakatja. Lihavad rohelised lehed on igihaljad, mis talvel muutuvad pronksjaks.\u00a0V\u00e4ga rikkaliku \u00f5itsemisega &#8211;\u00a0soojemate suveilmade saabumisest kuni s\u00fcgiseste k\u00fclmadeni, kattudes \u00f5ienuppudega tihedalt ja v\u00e4rvikalt.<\/p>","protected":false},"featured_media":0,"template":"","meta":[],"product_brand":[],"product_cat":[9637,9702,6934,9200,4401,9550,22],"product_tag":[],"class_list":{"0":"post-25411","1":"product","2":"type-product","3":"status-publish","5":"product_cat-istutuskast","6":"product_cat-linnaaed","7":"product_cat-mesilassobralik-aed","8":"product_cat-pinnakatjad","9":"product_cat-pusikud","10":"product_cat-rodu-ja-terrass","11":"product_cat-taimed","12":"pa_haiguskindlus-vaga-hea","13":"pa_kasvukorgus-7-cm","14":"pa_laius-60-cm","15":"pa_lehestikuvarv-sinakasroheline","16":"pa_lisainfo-hea-pinnakatja","17":"pa_lisainfo-igihaljas","18":"pa_lisainfo-sobilik-istutuskasti-jaoks","19":"pa_lisainfo-talub-pouda","20":"pa_oie-varv-kollane","21":"pa_oitsemise-aeg-juuni-september","22":"pa_talvekindlus-kulmaorn","23":"pa_tingimused-hea-drenaaz","24":"pa_tingimused-kuiv","25":"pa_tsoon-6-8","26":"pa_valguse-tingimused-paike","27":"pa_variatsioon-suurem-pott","28":"pa_variatsioon-vaiksem-pott","30":"first","31":"instock","32":"purchasable","33":"product-type-variable"},"acf":[],"_links":{"self":[{"href":"https:\/\/dev.garden.ee\/en\/wp-json\/wp\/v2\/product\/25411","targetHints":{"allow":["GET"]}}],"collection":[{"href":"https:\/\/dev.garden.ee\/en\/wp-json\/wp\/v2\/product"}],"about":[{"href":"https:\/\/dev.garden.ee\/en\/wp-json\/wp\/v2\/types\/product"}],"wp:attachment":[{"href":"https:\/\/dev.garden.ee\/en\/wp-json\/wp\/v2\/media?parent=25411"}],"wp:term":[{"taxonomy":"product_brand","embeddable":true,"href":"https:\/\/dev.garden.ee\/en\/wp-json\/wp\/v2\/product_brand?post=25411"},{"taxonomy":"product_cat","embeddable":true,"href":"https:\/\/dev.garden.ee\/en\/wp-json\/wp\/v2\/product_cat?post=25411"},{"taxonomy":"product_tag","embeddable":true,"href":"https:\/\/dev.garden.ee\/en\/wp-json\/wp\/v2\/product_tag?post=25411"}],"curies":[{"name":"wp","href":"https:\/\/api.w.org\/{rel}","templated":true}]}}