{"id":25389,"date":"2026-02-19T18:17:08","date_gmt":"2026-02-19T16:17:08","guid":{"rendered":"https:\/\/dev.garden.ee\/?post_type=product&#038;p=25389"},"modified":"2026-02-19T18:28:33","modified_gmt":"2026-02-19T16:28:33","slug":"clematis-integrifolia","status":"publish","type":"product","link":"https:\/\/dev.garden.ee\/en\/product\/clematis-integrifolia\/","title":{"rendered":"Clematis integrifolia"},"content":{"rendered":"<input class=\"fooboxshare_post_id\" type=\"hidden\" value=\"25389\"\/>","protected":false},"excerpt":{"rendered":"<p>Tervelehine elul\u00f5ng on rohtne p\u00fcsilill, mis moodustab juurekaela juurest puitunud ja p\u00fcstiteid varsi. Tema \u00f5ied ripuvad \u00fcmber p\u00f6\u00f6ratud tupplehtedega. Peale \u00f5itsemist moodustuvad dekoratiivselt h\u00f5bedased ja sulelised seemnepead.<\/p>\n<p>Eelistab niiskust hoidvat pinnast, kuid mitte liigniisket. Naudib teiste taimedega varjutatud jahedamat pinnast. Sobib h\u00e4sti kokku roosidega. Loomadele m\u00fcrgine.<\/p>\n<p>L\u00f5ika tagasi kuivanud varred talve l\u00f5pus. Hiljemalt, siis kui esimesed pungad ilmuvad.<\/p>","protected":false},"featured_media":25392,"template":"","meta":[],"product_brand":[],"product_cat":[4401,22],"product_tag":[],"class_list":{"0":"post-25389","1":"product","2":"type-product","3":"status-publish","4":"has-post-thumbnail","6":"product_cat-pusikud","7":"product_cat-taimed","8":"pa_haiguskindlus-hea","9":"pa_lisainfo-hirve-kahjustustele-vastupidav","10":"pa_lisainfo-janese-kahjustustele-vastupidav","11":"pa_lisainfo-murgine","12":"pa_oie-varv-sinine","13":"pa_oitsemise-aeg-juuli-august","14":"pa_talvekindlus-vaga-hea","15":"pa_tingimused-hea-drenaaz","16":"pa_tingimused-jahe","17":"pa_tingimused-niiske","18":"pa_tsoon-4-11","19":"pa_valguse-tingimused-paike","20":"pa_valguse-tingimused-poolvari","21":"pa_variatsioon-suurem-pott","22":"pa_variatsioon-vaiksem-pott","24":"first","25":"instock","26":"purchasable","27":"product-type-variable"},"acf":[],"_links":{"self":[{"href":"https:\/\/dev.garden.ee\/en\/wp-json\/wp\/v2\/product\/25389","targetHints":{"allow":["GET"]}}],"collection":[{"href":"https:\/\/dev.garden.ee\/en\/wp-json\/wp\/v2\/product"}],"about":[{"href":"https:\/\/dev.garden.ee\/en\/wp-json\/wp\/v2\/types\/product"}],"wp:featuredmedia":[{"embeddable":true,"href":"https:\/\/dev.garden.ee\/en\/wp-json\/wp\/v2\/media\/25392"}],"wp:attachment":[{"href":"https:\/\/dev.garden.ee\/en\/wp-json\/wp\/v2\/media?parent=25389"}],"wp:term":[{"taxonomy":"product_brand","embeddable":true,"href":"https:\/\/dev.garden.ee\/en\/wp-json\/wp\/v2\/product_brand?post=25389"},{"taxonomy":"product_cat","embeddable":true,"href":"https:\/\/dev.garden.ee\/en\/wp-json\/wp\/v2\/product_cat?post=25389"},{"taxonomy":"product_tag","embeddable":true,"href":"https:\/\/dev.garden.ee\/en\/wp-json\/wp\/v2\/product_tag?post=25389"}],"curies":[{"name":"wp","href":"https:\/\/api.w.org\/{rel}","templated":true}]}}