{"id":25385,"date":"2026-02-19T16:50:06","date_gmt":"2026-02-19T14:50:06","guid":{"rendered":"https:\/\/dev.garden.ee\/?post_type=product&#038;p=25385"},"modified":"2026-02-19T17:26:21","modified_gmt":"2026-02-19T15:26:21","slug":"chamaemelum-nobile","status":"publish","type":"product","link":"https:\/\/dev.garden.ee\/en\/product\/chamaemelum-nobile\/","title":{"rendered":"Chamaemelum nobile"},"content":{"rendered":"<input class=\"fooboxshare_post_id\" type=\"hidden\" value=\"25385\"\/>","protected":false},"excerpt":{"rendered":"<p>V\u00e4\u00e4ris-vaipkakar on tihedat vaipa moodustav pinnakattetaim, mis talub h\u00e4sti tagasi l\u00f5ikamist ja oma \u00f5rnast v\u00e4limusest hoolimata ka kerget tallamist. Peenelt l\u00f5histunud lehti ja lehevarsi puudutades eraldub k\u00fcpse \u00f5una l\u00f5hna meenutav aroom.<\/p>\n<p>\u00d5isi sobib kasutada tee tegemiseks ja kasutada ravimtaimena. Korja kuivatamiseks kui nad on t\u00e4ielikult avanenud.<\/p>","protected":false},"featured_media":25388,"template":"","meta":[],"product_brand":[],"product_cat":[4414,9650,6934,4401,4410,4411,4393,22],"product_tag":[],"class_list":{"0":"post-25385","1":"product","2":"type-product","3":"status-publish","4":"has-post-thumbnail","6":"product_cat-lohnaaed","7":"product_cat-looduslik-aed","8":"product_cat-mesilassobralik-aed","9":"product_cat-pusikud","10":"product_cat-tarbeaed","11":"product_cat-urdiaed","12":"product_cat-urdid","13":"product_cat-taimed","14":"pa_haiguskindlus-hea","15":"pa_kasvukorgus-15-30-cm","16":"pa_laius-30-cm","17":"pa_lisainfo-hea-pinnakatja","18":"pa_lisainfo-sobib-lohnaaeda","19":"pa_lisainfo-talub-pouda","20":"pa_lohn-keskmine","21":"pa_oie-varv-valge","22":"pa_oitsemise-aeg-juuni-august","23":"pa_talvekindlus-hea","24":"pa_tingimused-hea-drenaaz","25":"pa_tsoon-4-9","26":"pa_valguse-tingimused-paike","27":"pa_valguse-tingimused-poolvari","28":"pa_variatsioon-suurem-pott","29":"pa_variatsioon-suurem-pott-soodushind-50","30":"pa_variatsioon-vaiksem-pott","32":"first","33":"instock","34":"sale","35":"purchasable","36":"product-type-variable"},"acf":[],"_links":{"self":[{"href":"https:\/\/dev.garden.ee\/en\/wp-json\/wp\/v2\/product\/25385","targetHints":{"allow":["GET"]}}],"collection":[{"href":"https:\/\/dev.garden.ee\/en\/wp-json\/wp\/v2\/product"}],"about":[{"href":"https:\/\/dev.garden.ee\/en\/wp-json\/wp\/v2\/types\/product"}],"wp:featuredmedia":[{"embeddable":true,"href":"https:\/\/dev.garden.ee\/en\/wp-json\/wp\/v2\/media\/25388"}],"wp:attachment":[{"href":"https:\/\/dev.garden.ee\/en\/wp-json\/wp\/v2\/media?parent=25385"}],"wp:term":[{"taxonomy":"product_brand","embeddable":true,"href":"https:\/\/dev.garden.ee\/en\/wp-json\/wp\/v2\/product_brand?post=25385"},{"taxonomy":"product_cat","embeddable":true,"href":"https:\/\/dev.garden.ee\/en\/wp-json\/wp\/v2\/product_cat?post=25385"},{"taxonomy":"product_tag","embeddable":true,"href":"https:\/\/dev.garden.ee\/en\/wp-json\/wp\/v2\/product_tag?post=25385"}],"curies":[{"name":"wp","href":"https:\/\/api.w.org\/{rel}","templated":true}]}}