{"id":25379,"date":"2026-02-19T12:33:48","date_gmt":"2026-02-19T10:33:48","guid":{"rendered":"https:\/\/dev.garden.ee\/?post_type=product&#038;p=25379"},"modified":"2026-02-19T13:01:03","modified_gmt":"2026-02-19T11:01:03","slug":"ceratostigma-plumbaginoides","status":"publish","type":"product","link":"https:\/\/dev.garden.ee\/en\/product\/ceratostigma-plumbaginoides\/","title":{"rendered":"Ceratostigma plumbaginoides"},"content":{"rendered":"<input class=\"fooboxshare_post_id\" type=\"hidden\" value=\"25379\"\/>","protected":false},"excerpt":{"rendered":"<p data-start=\"0\" data-end=\"333\">Madalakasvuline mitmeaastane taim, mis moodustab tiheda m\u00e4tta peenikeste vartega, kaetud ovaalsete, l\u00e4ikivate ja erkroheliste lehtedega (kuni 5 cm pikkused). Lehed ilmuvad hilja kevadel ja muutuvad s\u00fcgisel efektseks pronksjaspunaseks v\u00f5i lillakaks.\u00a0\u00d5itseb kesksuvest s\u00fcgise keskpaigani, kattes end rikkalike siniste \u00f5iekobaratega (\u00f5ie l\u00e4bim\u00f5\u00f5t 2 cm), mis t\u00f5usevad lehestiku kohale. Suurep\u00e4rane pinnakattetaim p\u00e4ikesepaistelistes v\u00f5i osaliselt varjulistes kohtades ning sobib ka kiviktaimlasse. Optimaalsetes tingimustes levib\u00a0risoomide abil, moodustades suuri kogumikke.\u00a0T\u00f5hus erosioonit\u00f5rjetaim.\u00a0Suurep\u00e4rane kaaslane ka kevadlilledele, kuna hilja t\u00e4rkav lehestik v\u00f5imaldab sibulataimedel oma lehed v\u00e4lja arendada ja seej\u00e4rel varjab neid, kui need hakkavad kuivama.\u00a0Sobib kasvatamiseks h\u00f5reda v\u00f5ra all v\u00f5i p\u00f5\u00f5saste vahel.<\/p>\n<p data-start=\"0\" data-end=\"333\">Kevadel enne kasvu algust v\u00f5ib taime\u00a0tagasil\u00f5igata v\u00f5i niita.\u00a0Haiguskindel, kuid\u00a0hallituse suhtes v\u00f5ib olla vastuv\u00f5tlik.<\/p>\n<p data-start=\"0\" data-end=\"333\">P\u00e4rit\u00a0L\u00e4\u00e4ne-Hiinast.<\/p>","protected":false},"featured_media":25382,"template":"","meta":[],"product_brand":[],"product_cat":[9503,9200,4401,22],"product_tag":[9209],"class_list":{"0":"post-25379","1":"product","2":"type-product","3":"status-publish","4":"has-post-thumbnail","6":"product_cat-kiviktaimla","7":"product_cat-pinnakatjad","8":"product_cat-pusikud","9":"product_cat-taimed","10":"product_tag-rhs-award-of-garden-merit","11":"pa_haiguskindlus-hea","12":"pa_kasvukorgus-25-30-cm-2","13":"pa_laius-30-60-cm","14":"pa_lisainfo-hea-pinnakatja","15":"pa_lisainfo-kaunis-sugisvarvus","16":"pa_lisainfo-sobib-osalise-varjuga-kasvualale","17":"pa_lisainfo-talub-juurekonkurentsi","18":"pa_lisainfo-talub-kuiva-varjulisemat-kasvukohta","19":"pa_oie-varv-sinine","20":"pa_oitsemise-aeg-august-september","21":"pa_tingimused-hea-drenaaz","22":"pa_tingimused-kuiv","23":"pa_tingimused-niiske","24":"pa_tingimused-parasniiske","25":"pa_tingimused-tavaline","26":"pa_tsoon-5-9","27":"pa_valguse-tingimused-paike","28":"pa_valguse-tingimused-poolvari","29":"pa_variatsioon-suurem-pott","30":"pa_variatsioon-vaiksem-pott","32":"first","33":"instock","34":"purchasable","35":"product-type-variable"},"acf":[],"_links":{"self":[{"href":"https:\/\/dev.garden.ee\/en\/wp-json\/wp\/v2\/product\/25379","targetHints":{"allow":["GET"]}}],"collection":[{"href":"https:\/\/dev.garden.ee\/en\/wp-json\/wp\/v2\/product"}],"about":[{"href":"https:\/\/dev.garden.ee\/en\/wp-json\/wp\/v2\/types\/product"}],"wp:featuredmedia":[{"embeddable":true,"href":"https:\/\/dev.garden.ee\/en\/wp-json\/wp\/v2\/media\/25382"}],"wp:attachment":[{"href":"https:\/\/dev.garden.ee\/en\/wp-json\/wp\/v2\/media?parent=25379"}],"wp:term":[{"taxonomy":"product_brand","embeddable":true,"href":"https:\/\/dev.garden.ee\/en\/wp-json\/wp\/v2\/product_brand?post=25379"},{"taxonomy":"product_cat","embeddable":true,"href":"https:\/\/dev.garden.ee\/en\/wp-json\/wp\/v2\/product_cat?post=25379"},{"taxonomy":"product_tag","embeddable":true,"href":"https:\/\/dev.garden.ee\/en\/wp-json\/wp\/v2\/product_tag?post=25379"}],"curies":[{"name":"wp","href":"https:\/\/api.w.org\/{rel}","templated":true}]}}