{"id":25374,"date":"2026-02-19T11:43:07","date_gmt":"2026-02-19T09:43:07","guid":{"rendered":"https:\/\/dev.garden.ee\/?post_type=product&#038;p=25374"},"modified":"2026-02-19T12:19:08","modified_gmt":"2026-02-19T10:19:08","slug":"cephalaria-gigantea","status":"publish","type":"product","link":"https:\/\/dev.garden.ee\/en\/product\/cephalaria-gigantea\/","title":{"rendered":"Cephalaria gigantea"},"content":{"rendered":"<input class=\"fooboxshare_post_id\" type=\"hidden\" value=\"25374\"\/>","protected":false},"excerpt":{"rendered":"<p>Tugevalt l\u00f5histunud sulgjagustest lehtedest moodustuva puhma kohale k\u00f5rguvad suve keskpaigast \u00f5huliselt harunevad \u00f5ievarred kahvatukollaste \u00f5itega, mis meeldivad v\u00e4ga tolmendajatele! \u00d5ievarred p\u00fcsivad paremini p\u00fcsti tuulevaiksemas asukohas. Suurep\u00e4rane lisadus naturaalsesse aeda ja \u00f5huliste piirete loomiseks.<\/p>\n<p>Hea v\u00e4ljan\u00e4gemise hoidmiseks l\u00f5igata tagasi peale \u00f5itsemist.<\/p>","protected":false},"featured_media":25377,"template":"","meta":[],"product_brand":[],"product_cat":[4407,9650,6934,4401,22],"product_tag":[],"class_list":{"0":"post-25374","1":"product","2":"type-product","3":"status-publish","4":"has-post-thumbnail","6":"product_cat-aasad","7":"product_cat-looduslik-aed","8":"product_cat-mesilassobralik-aed","9":"product_cat-pusikud","10":"product_cat-taimed","11":"pa_haiguskindlus-vaga-hea","12":"pa_kasvukorgus-200-cm","13":"pa_laius-80-90-cm","14":"pa_lisainfo-mesilaste-lemmik","15":"pa_oie-varv-kollane","16":"pa_oitsemise-aeg-juuli-august","17":"pa_tingimused-niiske","18":"pa_tingimused-parasniiske","19":"pa_tingimused-viljakas","20":"pa_tsoon-info-lisamisel","21":"pa_valguse-tingimused-paike","22":"pa_variatsioon-suurem-pott","23":"pa_variatsioon-vaiksem-pott","25":"first","26":"instock","27":"purchasable","28":"product-type-variable"},"acf":[],"_links":{"self":[{"href":"https:\/\/dev.garden.ee\/en\/wp-json\/wp\/v2\/product\/25374","targetHints":{"allow":["GET"]}}],"collection":[{"href":"https:\/\/dev.garden.ee\/en\/wp-json\/wp\/v2\/product"}],"about":[{"href":"https:\/\/dev.garden.ee\/en\/wp-json\/wp\/v2\/types\/product"}],"wp:featuredmedia":[{"embeddable":true,"href":"https:\/\/dev.garden.ee\/en\/wp-json\/wp\/v2\/media\/25377"}],"wp:attachment":[{"href":"https:\/\/dev.garden.ee\/en\/wp-json\/wp\/v2\/media?parent=25374"}],"wp:term":[{"taxonomy":"product_brand","embeddable":true,"href":"https:\/\/dev.garden.ee\/en\/wp-json\/wp\/v2\/product_brand?post=25374"},{"taxonomy":"product_cat","embeddable":true,"href":"https:\/\/dev.garden.ee\/en\/wp-json\/wp\/v2\/product_cat?post=25374"},{"taxonomy":"product_tag","embeddable":true,"href":"https:\/\/dev.garden.ee\/en\/wp-json\/wp\/v2\/product_tag?post=25374"}],"curies":[{"name":"wp","href":"https:\/\/api.w.org\/{rel}","templated":true}]}}