{"id":25361,"date":"2026-02-19T10:30:28","date_gmt":"2026-02-19T08:30:28","guid":{"rendered":"https:\/\/dev.garden.ee\/?post_type=product&#038;p=25361"},"modified":"2026-02-19T10:35:59","modified_gmt":"2026-02-19T08:35:59","slug":"carex-remota","status":"publish","type":"product","link":"https:\/\/dev.garden.ee\/en\/product\/carex-remota\/","title":{"rendered":"Carex remota"},"content":{"rendered":"<input class=\"fooboxshare_post_id\" type=\"hidden\" value=\"25361\"\/>","protected":false},"excerpt":{"rendered":"<p>Moodustab v\u00e4ga \u00f5hukeste, pikkade, kaarduvate kahvaturoheliste kuni erkroheliste lehtedega tihedaid pooligihaljad puhmikuid.\u00a0Massiliselt kasvatades annab &#8220;laine&#8221; efekti, mis annab liikumist.\u00a0Varjutarn sobib ideaalselt jaheda alusmetsa jaoks.\u00a0Selle areng on suhteliselt aeglane, kuid tema eeliseks on see, et ta talub h\u00e4sti juurekonkurentsi. Dekoratiivsuselt v\u00e4hem t\u00e4htsamad on rippuvad \u00f5ievarred, mis kannavad varasuvel kahvatukollakasrohelisi \u00f5isi.<\/p>","protected":false},"featured_media":25364,"template":"","meta":[],"product_brand":[],"product_cat":[4400,9200,4401,4409,22],"product_tag":[],"class_list":{"0":"post-25361","1":"product","2":"type-product","3":"status-publish","4":"has-post-thumbnail","6":"product_cat-korrelised","7":"product_cat-pinnakatjad","8":"product_cat-pusikud","9":"product_cat-tiigiaed","10":"product_cat-taimed","11":"pa_haiguskindlus-vaga-hea","12":"pa_kasvukorgus-50-60-cm","13":"pa_laius-40-50-cm","14":"pa_lisainfo-hea-pinnakatja","15":"pa_lisainfo-kaldataim","16":"pa_lisainfo-sobib-osalise-varjuga-kasvualale","17":"pa_lisainfo-talub-juurekonkurentsi","18":"pa_oie-varv-kollane","19":"pa_oitsemise-aeg-juuni","20":"pa_tingimused-niiske","21":"pa_tsoon-634","22":"pa_valguse-tingimused-paike","23":"pa_valguse-tingimused-poolvari","24":"pa_variatsioon-suurem-pott","25":"pa_variatsioon-vaiksem-pott","27":"first","28":"instock","29":"purchasable","30":"product-type-variable"},"acf":[],"_links":{"self":[{"href":"https:\/\/dev.garden.ee\/en\/wp-json\/wp\/v2\/product\/25361","targetHints":{"allow":["GET"]}}],"collection":[{"href":"https:\/\/dev.garden.ee\/en\/wp-json\/wp\/v2\/product"}],"about":[{"href":"https:\/\/dev.garden.ee\/en\/wp-json\/wp\/v2\/types\/product"}],"wp:featuredmedia":[{"embeddable":true,"href":"https:\/\/dev.garden.ee\/en\/wp-json\/wp\/v2\/media\/25364"}],"wp:attachment":[{"href":"https:\/\/dev.garden.ee\/en\/wp-json\/wp\/v2\/media?parent=25361"}],"wp:term":[{"taxonomy":"product_brand","embeddable":true,"href":"https:\/\/dev.garden.ee\/en\/wp-json\/wp\/v2\/product_brand?post=25361"},{"taxonomy":"product_cat","embeddable":true,"href":"https:\/\/dev.garden.ee\/en\/wp-json\/wp\/v2\/product_cat?post=25361"},{"taxonomy":"product_tag","embeddable":true,"href":"https:\/\/dev.garden.ee\/en\/wp-json\/wp\/v2\/product_tag?post=25361"}],"curies":[{"name":"wp","href":"https:\/\/api.w.org\/{rel}","templated":true}]}}