{"id":25352,"date":"2026-02-18T17:45:52","date_gmt":"2026-02-18T15:45:52","guid":{"rendered":"https:\/\/dev.garden.ee\/?post_type=product&#038;p=25352"},"modified":"2026-02-18T18:37:44","modified_gmt":"2026-02-18T16:37:44","slug":"calamintha-nepeta-triumphator","status":"publish","type":"product","link":"https:\/\/dev.garden.ee\/en\/product\/calamintha-nepeta-triumphator\/","title":{"rendered":"Calamintha nepeta &#8216;Triumphator&#8217;"},"content":{"rendered":"<input class=\"fooboxshare_post_id\" type=\"hidden\" value=\"25352\"\/>","protected":false},"excerpt":{"rendered":"<p>Madala kasvuga, kuid pikalt laiali kaarduvate v\u00f5rsetega taim. Tihedalt kaetud pisikeste aromaatsete lehtede ning helevioletsete \u00f5hk\u00f5rnade \u00f5itega, mis augusti jahedsamate ilmadega valgemaks muutuvad. Armastatud mesilaste ja liblikate poolt. Kompaktse vormiga ega valgu laiali. Samuti ei paljune meeletu kiirusega ega muutu umbrohuks. Suurep\u00e4rane teeradade \u00e4\u00e4ristuseks, kaunis konteineris, suvelilledega miksides. Juuli l\u00f5pus, kui taim tundub r\u00e4situd, v\u00f5ib teda p\u00fcgada, et soodustada uute kasvude tekkimist ja t\u00e4iendavat \u00f5itsemist. Lihtne kasvatada, vastupidav nii kuiva kui m\u00e4rja mulla suhtes.<\/p>\n<p>Jagamist v\u00f5ib teha kevadeti.<\/p>","protected":false},"featured_media":25356,"template":"","meta":[],"product_brand":[],"product_cat":[9637,4414,6934,4401,22],"product_tag":[],"class_list":{"0":"post-25352","1":"product","2":"type-product","3":"status-publish","4":"has-post-thumbnail","6":"product_cat-istutuskast","7":"product_cat-lohnaaed","8":"product_cat-mesilassobralik-aed","9":"product_cat-pusikud","10":"product_cat-taimed","11":"pa_haiguskindlus-vaga-hea","12":"pa_kasvukorgus-40-50-cm","13":"pa_laius-45-cm","14":"pa_lisainfo-hirve-kahjustustele-vastupidav","15":"pa_lisainfo-sobilik-istutuskasti-jaoks","16":"pa_lohn-lohnav","17":"pa_oie-varv-helelilla","18":"pa_oie-varv-valge","19":"pa_oitsemise-aeg-juuli-september","20":"pa_talvekindlus-hea","21":"pa_tingimused-hea-drenaaz","22":"pa_valguse-tingimused-paike","23":"pa_variatsioon-suurem-pott","24":"pa_variatsioon-vaiksem-pott","26":"first","27":"onbackorder","28":"purchasable","29":"product-type-variable"},"acf":[],"_links":{"self":[{"href":"https:\/\/dev.garden.ee\/en\/wp-json\/wp\/v2\/product\/25352","targetHints":{"allow":["GET"]}}],"collection":[{"href":"https:\/\/dev.garden.ee\/en\/wp-json\/wp\/v2\/product"}],"about":[{"href":"https:\/\/dev.garden.ee\/en\/wp-json\/wp\/v2\/types\/product"}],"wp:featuredmedia":[{"embeddable":true,"href":"https:\/\/dev.garden.ee\/en\/wp-json\/wp\/v2\/media\/25356"}],"wp:attachment":[{"href":"https:\/\/dev.garden.ee\/en\/wp-json\/wp\/v2\/media?parent=25352"}],"wp:term":[{"taxonomy":"product_brand","embeddable":true,"href":"https:\/\/dev.garden.ee\/en\/wp-json\/wp\/v2\/product_brand?post=25352"},{"taxonomy":"product_cat","embeddable":true,"href":"https:\/\/dev.garden.ee\/en\/wp-json\/wp\/v2\/product_cat?post=25352"},{"taxonomy":"product_tag","embeddable":true,"href":"https:\/\/dev.garden.ee\/en\/wp-json\/wp\/v2\/product_tag?post=25352"}],"curies":[{"name":"wp","href":"https:\/\/api.w.org\/{rel}","templated":true}]}}