{"id":25311,"date":"2026-02-17T15:04:59","date_gmt":"2026-02-17T13:04:59","guid":{"rendered":"https:\/\/dev.garden.ee\/?post_type=product&#038;p=25311"},"modified":"2026-02-17T15:14:37","modified_gmt":"2026-02-17T13:14:37","slug":"astilbe-arendsii-mont-blanc","status":"publish","type":"product","link":"https:\/\/dev.garden.ee\/en\/product\/astilbe-arendsii-mont-blanc\/","title":{"rendered":"Astilbe arendsii &#8216;Mont Blanc&#8217;"},"content":{"rendered":"<input class=\"fooboxshare_post_id\" type=\"hidden\" value=\"25311\"\/>","protected":false},"excerpt":{"rendered":"<p>L\u00e4ikivate, keskroheliste s\u00fcgavalt l\u00f5histunud lehtedega sort, millel on k\u00f5rged, peenikesed, lahtised puhasvalged \u00f5ied. See sort talub ka p\u00e4ikeselisemat kohta kui muld p\u00fcsib niiske.<\/p>\n<p>Meelitab ligi liblikaid. Sobib konteineritesse, hea l\u00f5ikelill.<\/p>","protected":false},"featured_media":25314,"template":"","meta":[],"product_brand":[],"product_cat":[9637,4413,6934,4401,4412,22],"product_tag":[],"class_list":{"0":"post-25311","1":"product","2":"type-product","3":"status-publish","4":"has-post-thumbnail","6":"product_cat-istutuskast","7":"product_cat-loikelilleaed","8":"product_cat-mesilassobralik-aed","9":"product_cat-pusikud","10":"product_cat-varjuaed","11":"product_cat-taimed","12":"pa_haiguskindlus-hea","13":"pa_kasvukorgus-100-cm","14":"pa_laius-50-cm","15":"pa_lisainfo-mesilaste-lemmik","16":"pa_lisainfo-sobilik-istutuskasti-jaoks","17":"pa_lisainfo-sobib-loikelilleks","18":"pa_lisainfo-sobib-osalise-varjuga-kasvualale","19":"pa_lisainfo-talub-ka-tuulisemat-kasvukohta","20":"pa_oie-varv-valge","21":"pa_oitsemise-aeg-juuni-juuli","22":"pa_talvekindlus-vaga-hea","23":"pa_tingimused-hea-drenaaz","24":"pa_tingimused-niiske","25":"pa_tingimused-parasniiske","26":"pa_tingimused-viljakas","27":"pa_tsoon-4-8","28":"pa_valguse-tingimused-poolvari","29":"pa_variatsioon-suurem-pott","30":"pa_variatsioon-vaiksem-pott","32":"first","33":"instock","34":"purchasable","35":"product-type-variable"},"acf":[],"_links":{"self":[{"href":"https:\/\/dev.garden.ee\/en\/wp-json\/wp\/v2\/product\/25311","targetHints":{"allow":["GET"]}}],"collection":[{"href":"https:\/\/dev.garden.ee\/en\/wp-json\/wp\/v2\/product"}],"about":[{"href":"https:\/\/dev.garden.ee\/en\/wp-json\/wp\/v2\/types\/product"}],"wp:featuredmedia":[{"embeddable":true,"href":"https:\/\/dev.garden.ee\/en\/wp-json\/wp\/v2\/media\/25314"}],"wp:attachment":[{"href":"https:\/\/dev.garden.ee\/en\/wp-json\/wp\/v2\/media?parent=25311"}],"wp:term":[{"taxonomy":"product_brand","embeddable":true,"href":"https:\/\/dev.garden.ee\/en\/wp-json\/wp\/v2\/product_brand?post=25311"},{"taxonomy":"product_cat","embeddable":true,"href":"https:\/\/dev.garden.ee\/en\/wp-json\/wp\/v2\/product_cat?post=25311"},{"taxonomy":"product_tag","embeddable":true,"href":"https:\/\/dev.garden.ee\/en\/wp-json\/wp\/v2\/product_tag?post=25311"}],"curies":[{"name":"wp","href":"https:\/\/api.w.org\/{rel}","templated":true}]}}