{"id":25307,"date":"2026-02-17T12:26:08","date_gmt":"2026-02-17T10:26:08","guid":{"rendered":"https:\/\/dev.garden.ee\/?post_type=product&#038;p=25307"},"modified":"2026-02-17T12:34:31","modified_gmt":"2026-02-17T10:34:31","slug":"aster-oblongifolius-symphyotrichum-oblongifolium-october-skies","status":"publish","type":"product","link":"https:\/\/dev.garden.ee\/en\/product\/aster-oblongifolius-symphyotrichum-oblongifolium-october-skies\/","title":{"rendered":"Aster oblongifolius \/ Symphyotrichum oblongifolium &#8216;October Skies&#8217;"},"content":{"rendered":"<input class=\"fooboxshare_post_id\" type=\"hidden\" value=\"25307\"\/>","protected":false},"excerpt":{"rendered":"<p>Madalakasvuline kompakte aster, mis kattub suvel l\u00f5pul rikkalikult sinakas lillakate karikakra moodi \u00f5itega, mille s\u00fcdamikud on kollased. \u00d5ied on heaks nektariks liblikatele ja sobivad v\u00e4ga h\u00e4sti ka l\u00f5ikelilleks. On aromaatne ja v\u00f5ib anda soodsates tingimustes isek\u00fclvi. Isek\u00fclvi v\u00e4ltimiseks l\u00f5ika s\u00fcgise l\u00f5pus &#8211; talve alguses tagasi. Sobib h\u00e4sti n\u00e4iteks naturaalse ilmega aeda ja oma tiheda vormi poolest ka pinnakatjaks.<\/p>\n<p>Saab hakkama p\u00f5ua, soola ja kehva pinnasega. Talub h\u00e4sti ka happelisemat ja aluselisemat pinnast. Jahukaste v\u00e4ltimiseks kasvata hea \u00f5huliiklusega kohas.<\/p>","protected":false},"featured_media":25310,"template":"","meta":[],"product_brand":[],"product_cat":[9702,4414,4413,9650,6934,9200,4401,22],"product_tag":[],"class_list":{"0":"post-25307","1":"product","2":"type-product","3":"status-publish","4":"has-post-thumbnail","6":"product_cat-linnaaed","7":"product_cat-lohnaaed","8":"product_cat-loikelilleaed","9":"product_cat-looduslik-aed","10":"product_cat-mesilassobralik-aed","11":"product_cat-pinnakatjad","12":"product_cat-pusikud","13":"product_cat-taimed","14":"pa_haiguskindlus-hea","15":"pa_kasvukorgus-40-60-cm","16":"pa_laius-50-60-cm","17":"pa_lisainfo-hea-pinnakatja","18":"pa_lisainfo-hirve-kahjustustele-vastupidav","19":"pa_lisainfo-janese-kahjustustele-vastupidav","20":"pa_lisainfo-mesilaste-lemmik","21":"pa_lisainfo-sobib-lohnaaeda","22":"pa_lisainfo-sobib-loikelilleks","23":"pa_lisainfo-talub-pouda","24":"pa_lisainfo-talub-soola","25":"pa_lohn-lohnav","26":"pa_oie-varv-sinakaslilla","27":"pa_oitsemise-aeg-august-oktoober","28":"pa_talvekindlus-vaga-hea","29":"pa_tingimused-hea-drenaaz","30":"pa_tingimused-koik-mullatuubid","31":"pa_tingimused-kuiv","32":"pa_tingimused-parasniiske","33":"pa_tsoon-3-8","34":"pa_valguse-tingimused-paike","35":"pa_variatsioon-suurem-pott","36":"pa_variatsioon-vaiksem-pott","38":"first","39":"instock","40":"purchasable","41":"product-type-variable"},"acf":[],"_links":{"self":[{"href":"https:\/\/dev.garden.ee\/en\/wp-json\/wp\/v2\/product\/25307","targetHints":{"allow":["GET"]}}],"collection":[{"href":"https:\/\/dev.garden.ee\/en\/wp-json\/wp\/v2\/product"}],"about":[{"href":"https:\/\/dev.garden.ee\/en\/wp-json\/wp\/v2\/types\/product"}],"wp:featuredmedia":[{"embeddable":true,"href":"https:\/\/dev.garden.ee\/en\/wp-json\/wp\/v2\/media\/25310"}],"wp:attachment":[{"href":"https:\/\/dev.garden.ee\/en\/wp-json\/wp\/v2\/media?parent=25307"}],"wp:term":[{"taxonomy":"product_brand","embeddable":true,"href":"https:\/\/dev.garden.ee\/en\/wp-json\/wp\/v2\/product_brand?post=25307"},{"taxonomy":"product_cat","embeddable":true,"href":"https:\/\/dev.garden.ee\/en\/wp-json\/wp\/v2\/product_cat?post=25307"},{"taxonomy":"product_tag","embeddable":true,"href":"https:\/\/dev.garden.ee\/en\/wp-json\/wp\/v2\/product_tag?post=25307"}],"curies":[{"name":"wp","href":"https:\/\/api.w.org\/{rel}","templated":true}]}}