{"id":25300,"date":"2026-02-17T11:50:35","date_gmt":"2026-02-17T09:50:35","guid":{"rendered":"https:\/\/dev.garden.ee\/?post_type=product&#038;p=25300"},"modified":"2026-02-17T11:57:11","modified_gmt":"2026-02-17T09:57:11","slug":"aster-novi-belgii-symphyotrichum-novi-belgii-patricia-ballard","status":"publish","type":"product","link":"https:\/\/dev.garden.ee\/en\/product\/aster-novi-belgii-symphyotrichum-novi-belgii-patricia-ballard\/","title":{"rendered":"Aster novi-belgii \/ Symphyotrichum novi-belgii &#8216;Patricia Ballard&#8217;"},"content":{"rendered":"<input class=\"fooboxshare_post_id\" type=\"hidden\" value=\"25300\"\/>","protected":false},"excerpt":{"rendered":"<p>S\u00fcgisene pilkup\u00fc\u00fcdev \u00f5itseja, mis sobib h\u00e4sti nii koduaia peenarde \u00e4\u00e4ristaimeks, kui ka naturaalsematele aladele, kuna sobib h\u00e4sti kokku k\u00f5rrelistega. Erksalt lillakasroosad liht kuni poolt\u00e4idis\u00f5ie vahepealsed \u00f5ied.<\/p>","protected":false},"featured_media":25303,"template":"","meta":[],"product_brand":[],"product_cat":[9650,6934,4401,22],"product_tag":[],"class_list":{"0":"post-25300","1":"product","2":"type-product","3":"status-publish","4":"has-post-thumbnail","6":"product_cat-looduslik-aed","7":"product_cat-mesilassobralik-aed","8":"product_cat-pusikud","9":"product_cat-taimed","10":"pa_haiguskindlus-hea","11":"pa_kasvukorgus-70-90-cm","12":"pa_laius-70-80-cm","13":"pa_lisainfo-mesilaste-lemmik","14":"pa_lisainfo-pilgupuudja","15":"pa_oie-varv-lillakasroosa","16":"pa_oitsemise-aeg-august-oktoober","17":"pa_talvekindlus-vaga-hea","18":"pa_tingimused-hea-drenaaz","19":"pa_tingimused-niiske","20":"pa_tingimused-viljakas","21":"pa_tsoon-3-9","22":"pa_valguse-tingimused-paike","23":"pa_variatsioon-suurem-pott","24":"pa_variatsioon-vaiksem-pott","26":"first","27":"instock","28":"purchasable","29":"product-type-variable"},"acf":[],"_links":{"self":[{"href":"https:\/\/dev.garden.ee\/en\/wp-json\/wp\/v2\/product\/25300","targetHints":{"allow":["GET"]}}],"collection":[{"href":"https:\/\/dev.garden.ee\/en\/wp-json\/wp\/v2\/product"}],"about":[{"href":"https:\/\/dev.garden.ee\/en\/wp-json\/wp\/v2\/types\/product"}],"wp:featuredmedia":[{"embeddable":true,"href":"https:\/\/dev.garden.ee\/en\/wp-json\/wp\/v2\/media\/25303"}],"wp:attachment":[{"href":"https:\/\/dev.garden.ee\/en\/wp-json\/wp\/v2\/media?parent=25300"}],"wp:term":[{"taxonomy":"product_brand","embeddable":true,"href":"https:\/\/dev.garden.ee\/en\/wp-json\/wp\/v2\/product_brand?post=25300"},{"taxonomy":"product_cat","embeddable":true,"href":"https:\/\/dev.garden.ee\/en\/wp-json\/wp\/v2\/product_cat?post=25300"},{"taxonomy":"product_tag","embeddable":true,"href":"https:\/\/dev.garden.ee\/en\/wp-json\/wp\/v2\/product_tag?post=25300"}],"curies":[{"name":"wp","href":"https:\/\/api.w.org\/{rel}","templated":true}]}}