{"id":25293,"date":"2026-02-17T10:40:48","date_gmt":"2026-02-17T08:40:48","guid":{"rendered":"https:\/\/dev.garden.ee\/?post_type=product&#038;p=25293"},"modified":"2026-02-17T10:58:43","modified_gmt":"2026-02-17T08:58:43","slug":"symphyotrichum-dumosum-aster-dumosus-starlight","status":"publish","type":"product","link":"https:\/\/dev.garden.ee\/en\/product\/symphyotrichum-dumosum-aster-dumosus-starlight\/","title":{"rendered":"Aster dumosus \/ Symphyotrichum dumosum &#8216;Starlight&#8217;"},"content":{"rendered":"<input class=\"fooboxshare_post_id\" type=\"hidden\" value=\"25293\"\/>","protected":false},"excerpt":{"rendered":"<p>V\u00e4ga kompaktse madala kasvuga aster, mille tumerohelise lehestiku taustale ilmub palju tumeroosasid poolt\u00e4idis\u00f5ielisi \u00f5isi. Suurep\u00e4rane \u00e4\u00e4ristaim peenrasse ja ka kondeinerisse, kuna p\u00fcsib kompaktse ja kaunina terve hooaja jooksul.<\/p>\n<p>Tugeva ja eluj\u00f5ulise kasvu hoidmiseks jaga taimi iga kahe v\u00f5i kolme aasta tagant.<\/p>","protected":false},"featured_media":25297,"template":"","meta":[],"product_brand":[],"product_cat":[9637,4401,22],"product_tag":[],"class_list":{"0":"post-25293","1":"product","2":"type-product","3":"status-publish","4":"has-post-thumbnail","6":"product_cat-istutuskast","7":"product_cat-pusikud","8":"product_cat-taimed","9":"pa_haiguskindlus-hea","10":"pa_kasvukorgus-30-50-cm","11":"pa_laius-30-cm","12":"pa_lisainfo-sobilik-istutuskasti-jaoks","13":"pa_oie-varv-roosakaslilla","14":"pa_oitsemise-aeg-august-oktoober","15":"pa_talvekindlus-vaga-hea","16":"pa_tingimused-hea-drenaaz","17":"pa_tingimused-niiske","18":"pa_tingimused-parasniiske","19":"pa_tingimused-viljakas","20":"pa_tsoon-3-8","21":"pa_valguse-tingimused-paike","22":"pa_variatsioon-suurem-pott","23":"pa_variatsioon-vaiksem-pott","25":"first","26":"instock","27":"purchasable","28":"product-type-variable"},"acf":[],"_links":{"self":[{"href":"https:\/\/dev.garden.ee\/en\/wp-json\/wp\/v2\/product\/25293","targetHints":{"allow":["GET"]}}],"collection":[{"href":"https:\/\/dev.garden.ee\/en\/wp-json\/wp\/v2\/product"}],"about":[{"href":"https:\/\/dev.garden.ee\/en\/wp-json\/wp\/v2\/types\/product"}],"wp:featuredmedia":[{"embeddable":true,"href":"https:\/\/dev.garden.ee\/en\/wp-json\/wp\/v2\/media\/25297"}],"wp:attachment":[{"href":"https:\/\/dev.garden.ee\/en\/wp-json\/wp\/v2\/media?parent=25293"}],"wp:term":[{"taxonomy":"product_brand","embeddable":true,"href":"https:\/\/dev.garden.ee\/en\/wp-json\/wp\/v2\/product_brand?post=25293"},{"taxonomy":"product_cat","embeddable":true,"href":"https:\/\/dev.garden.ee\/en\/wp-json\/wp\/v2\/product_cat?post=25293"},{"taxonomy":"product_tag","embeddable":true,"href":"https:\/\/dev.garden.ee\/en\/wp-json\/wp\/v2\/product_tag?post=25293"}],"curies":[{"name":"wp","href":"https:\/\/api.w.org\/{rel}","templated":true}]}}