{"id":25282,"date":"2026-02-17T09:59:51","date_gmt":"2026-02-17T07:59:51","guid":{"rendered":"https:\/\/dev.garden.ee\/?post_type=product&#038;p=25282"},"modified":"2026-02-17T10:57:58","modified_gmt":"2026-02-17T08:57:58","slug":"aster-dumosum-woods-pink","status":"publish","type":"product","link":"https:\/\/dev.garden.ee\/en\/product\/aster-dumosum-woods-pink\/","title":{"rendered":"Aster dumosus \/ Symphyotrichum dumosum &#8216;Wood&#8217;s Pink&#8217;"},"content":{"rendered":"<input class=\"fooboxshare_post_id\" type=\"hidden\" value=\"25282\"\/>","protected":false},"excerpt":{"rendered":"<p>See madal aster lisab hilissuve ja varas\u00fcgise aeda s\u00e4ravat v\u00e4rvi. \u00d5itseb rikkalikult v\u00e4ikeste poolt\u00e4idis\u00f5itega, mis on selge roosa tooniga ja kollase s\u00fcdamikuga. Taim moodustab tiheda, \u00fcmara puhmiku ning on kaetud l\u00e4ikivate tumeroheliste lehtedega, mis on tuntud hea haiguskindluse poolest. \u00d5itseb n\u00e4dalaid alates hilissuvest kuni varas\u00fcgiseni. Ideaalne t\u00e4isp\u00e4ikese p\u00fcsilillepeenardesse v\u00f5i \u00e4\u00e4ristaimeks. Meelitavad ligi linde ja liblikaid!\u00a0Talub h\u00e4sti p\u00f5uda, soolast pinnast ja ajutist liigniiskust.<\/p>\n<p data-start=\"0\" data-end=\"441\">Haiguste v\u00e4ltimiseks tuleb tagada hea \u00f5huringlus.\u00a0L\u00f5ika taim tagasi hiliss\u00fcgisel.<\/p>","protected":false},"featured_media":25285,"template":"","meta":[],"product_brand":[],"product_cat":[6934,4406,4401,22],"product_tag":[],"class_list":{"0":"post-25282","1":"product","2":"type-product","3":"status-publish","4":"has-post-thumbnail","6":"product_cat-mesilassobralik-aed","7":"product_cat-park","8":"product_cat-pusikud","9":"product_cat-taimed","10":"pa_haiguskindlus-hea","11":"pa_kasvukorgus-40-60-cm","12":"pa_laius-40-60-cm","13":"pa_lisainfo-hirve-kahjustustele-vastupidav","14":"pa_lisainfo-janese-kahjustustele-vastupidav","15":"pa_lisainfo-mesilaste-lemmik","16":"pa_lisainfo-sobib-osalise-varjuga-kasvualale","17":"pa_lisainfo-talub-pouda","18":"pa_lisainfo-talub-soola","19":"pa_oie-varv-roosa","20":"pa_oitsemise-aeg-august-oktoober","21":"pa_talvekindlus-vaga-hea","22":"pa_tingimused-hea-drenaaz","23":"pa_tingimused-keskmise-viljakusega","24":"pa_tingimused-parasniiske","25":"pa_tsoon-4-8","26":"pa_valguse-tingimused-paike","27":"pa_valguse-tingimused-poolvari","28":"pa_variatsioon-suurem-pott","29":"pa_variatsioon-vaiksem-pott","31":"first","32":"instock","33":"purchasable","34":"product-type-variable"},"acf":[],"_links":{"self":[{"href":"https:\/\/dev.garden.ee\/en\/wp-json\/wp\/v2\/product\/25282","targetHints":{"allow":["GET"]}}],"collection":[{"href":"https:\/\/dev.garden.ee\/en\/wp-json\/wp\/v2\/product"}],"about":[{"href":"https:\/\/dev.garden.ee\/en\/wp-json\/wp\/v2\/types\/product"}],"wp:featuredmedia":[{"embeddable":true,"href":"https:\/\/dev.garden.ee\/en\/wp-json\/wp\/v2\/media\/25285"}],"wp:attachment":[{"href":"https:\/\/dev.garden.ee\/en\/wp-json\/wp\/v2\/media?parent=25282"}],"wp:term":[{"taxonomy":"product_brand","embeddable":true,"href":"https:\/\/dev.garden.ee\/en\/wp-json\/wp\/v2\/product_brand?post=25282"},{"taxonomy":"product_cat","embeddable":true,"href":"https:\/\/dev.garden.ee\/en\/wp-json\/wp\/v2\/product_cat?post=25282"},{"taxonomy":"product_tag","embeddable":true,"href":"https:\/\/dev.garden.ee\/en\/wp-json\/wp\/v2\/product_tag?post=25282"}],"curies":[{"name":"wp","href":"https:\/\/api.w.org\/{rel}","templated":true}]}}