{"id":25266,"date":"2026-02-16T23:05:36","date_gmt":"2026-02-16T21:05:36","guid":{"rendered":"https:\/\/dev.garden.ee\/?post_type=product&#038;p=25266"},"modified":"2026-02-16T23:14:04","modified_gmt":"2026-02-16T21:14:04","slug":"armeria-pseudarmeria-daydream-uus","status":"publish","type":"product","link":"https:\/\/dev.garden.ee\/en\/product\/armeria-pseudarmeria-daydream-uus\/","title":{"rendered":"Armeria pseudarmeria &#8216;Daydream&#8217; UUS!"},"content":{"rendered":"<input class=\"fooboxshare_post_id\" type=\"hidden\" value=\"25266\"\/>","protected":false},"excerpt":{"rendered":"<p>Kena peenra \u00e4\u00e4ristajana v\u00f5i kiviktaimlasse. Merikann moodustab pehme armsa murum\u00e4tta, mille kohale ilmuvad \u00a0pikema, p\u00fcstise varre otsa puhasvalged v\u00e4ikesed pallikesed. M\u00f5jub efektselt suurema r\u00fchmana. P\u00e4rast \u00f5itsemist tuleks kuivanud \u00f5ied \u00e4ra l\u00f5igata, siis \u00f5itseb teistkordselt.<\/p>","protected":false},"featured_media":25260,"template":"","meta":[],"product_brand":[],"product_cat":[6934,9200,4401,22],"product_tag":[9780],"class_list":{"0":"post-25266","1":"product","2":"type-product","3":"status-publish","4":"has-post-thumbnail","6":"product_cat-mesilassobralik-aed","7":"product_cat-pinnakatjad","8":"product_cat-pusikud","9":"product_cat-taimed","10":"product_tag-uus","11":"pa_kasvukorgus-25-30-cm-2","12":"pa_laius-20-25-cm","13":"pa_lisainfo-hea-pinnakatja","14":"pa_lisainfo-mesilaste-lemmik","15":"pa_oie-varv-roosa","16":"pa_oitsemise-aeg-juuni-juuli","17":"pa_tingimused-hea-drenaaz","18":"pa_valguse-tingimused-paike","19":"pa_variatsioon-suurem-pott","20":"pa_variatsioon-vaiksem-pott","22":"first","23":"onbackorder","24":"purchasable","25":"product-type-variable"},"acf":[],"_links":{"self":[{"href":"https:\/\/dev.garden.ee\/en\/wp-json\/wp\/v2\/product\/25266","targetHints":{"allow":["GET"]}}],"collection":[{"href":"https:\/\/dev.garden.ee\/en\/wp-json\/wp\/v2\/product"}],"about":[{"href":"https:\/\/dev.garden.ee\/en\/wp-json\/wp\/v2\/types\/product"}],"wp:featuredmedia":[{"embeddable":true,"href":"https:\/\/dev.garden.ee\/en\/wp-json\/wp\/v2\/media\/25260"}],"wp:attachment":[{"href":"https:\/\/dev.garden.ee\/en\/wp-json\/wp\/v2\/media?parent=25266"}],"wp:term":[{"taxonomy":"product_brand","embeddable":true,"href":"https:\/\/dev.garden.ee\/en\/wp-json\/wp\/v2\/product_brand?post=25266"},{"taxonomy":"product_cat","embeddable":true,"href":"https:\/\/dev.garden.ee\/en\/wp-json\/wp\/v2\/product_cat?post=25266"},{"taxonomy":"product_tag","embeddable":true,"href":"https:\/\/dev.garden.ee\/en\/wp-json\/wp\/v2\/product_tag?post=25266"}],"curies":[{"name":"wp","href":"https:\/\/api.w.org\/{rel}","templated":true}]}}