{"id":25243,"date":"2026-02-16T18:13:38","date_gmt":"2026-02-16T16:13:38","guid":{"rendered":"https:\/\/dev.garden.ee\/?post_type=product&#038;p=25243"},"modified":"2026-02-16T18:23:01","modified_gmt":"2026-02-16T16:23:01","slug":"anemone-tomentosa-robustissima","status":"publish","type":"product","link":"https:\/\/dev.garden.ee\/en\/product\/anemone-tomentosa-robustissima\/","title":{"rendered":"Anemone tomentosa &#8216;Robustissima&#8217;"},"content":{"rendered":"<input class=\"fooboxshare_post_id\" type=\"hidden\" value=\"25243\"\/>","protected":false},"excerpt":{"rendered":"<p>V\u00e4ga atraktiivne oma pika \u00f5itsemise aja ja lehestiku kohale sirguvate k\u00f5rgete \u00f5ievartega, mille tippudes armsad heleroosad \u00f5ied avanevad. Kasvab edukalt igasugusel aiamullal, kuid tuleb arvestada, et v\u00f5ib hakata soodsas kasvukohas j\u00f5uliselt levima.<\/p>","protected":false},"featured_media":25246,"template":"","meta":[],"product_brand":[],"product_cat":[4413,4401,22],"product_tag":[],"class_list":{"0":"post-25243","1":"product","2":"type-product","3":"status-publish","4":"has-post-thumbnail","6":"product_cat-loikelilleaed","7":"product_cat-pusikud","8":"product_cat-taimed","9":"pa_haiguskindlus-hea","10":"pa_kasvukorgus-120-150-cm","11":"pa_laius-60-90-cm","12":"pa_lisainfo-hirve-kahjustustele-vastupidav","13":"pa_lisainfo-janese-kahjustustele-vastupidav","14":"pa_lisainfo-murgine","15":"pa_lisainfo-sobib-loikelilleks","16":"pa_lisainfo-sobib-osalise-varjuga-kasvualale","17":"pa_oie-varv-roosa","18":"pa_oitsemise-aeg-juuli-september","19":"pa_talvekindlus-vaga-hea","20":"pa_tingimused-hea-drenaaz","21":"pa_tingimused-koik-mullatuubid","22":"pa_tingimused-niiske","23":"pa_tingimused-parasniiske","24":"pa_tsoon-4-8","25":"pa_valguse-tingimused-paike","26":"pa_valguse-tingimused-poolvari","27":"pa_variatsioon-suurem-pott","28":"pa_variatsioon-vaiksem-pott","30":"first","31":"instock","32":"purchasable","33":"product-type-variable"},"acf":[],"_links":{"self":[{"href":"https:\/\/dev.garden.ee\/en\/wp-json\/wp\/v2\/product\/25243","targetHints":{"allow":["GET"]}}],"collection":[{"href":"https:\/\/dev.garden.ee\/en\/wp-json\/wp\/v2\/product"}],"about":[{"href":"https:\/\/dev.garden.ee\/en\/wp-json\/wp\/v2\/types\/product"}],"wp:featuredmedia":[{"embeddable":true,"href":"https:\/\/dev.garden.ee\/en\/wp-json\/wp\/v2\/media\/25246"}],"wp:attachment":[{"href":"https:\/\/dev.garden.ee\/en\/wp-json\/wp\/v2\/media?parent=25243"}],"wp:term":[{"taxonomy":"product_brand","embeddable":true,"href":"https:\/\/dev.garden.ee\/en\/wp-json\/wp\/v2\/product_brand?post=25243"},{"taxonomy":"product_cat","embeddable":true,"href":"https:\/\/dev.garden.ee\/en\/wp-json\/wp\/v2\/product_cat?post=25243"},{"taxonomy":"product_tag","embeddable":true,"href":"https:\/\/dev.garden.ee\/en\/wp-json\/wp\/v2\/product_tag?post=25243"}],"curies":[{"name":"wp","href":"https:\/\/api.w.org\/{rel}","templated":true}]}}