{"id":25221,"date":"2026-02-13T20:02:11","date_gmt":"2026-02-13T18:02:11","guid":{"rendered":"https:\/\/dev.garden.ee\/?post_type=product&#038;p=25221"},"modified":"2026-02-13T20:12:00","modified_gmt":"2026-02-13T18:12:00","slug":"allium-schoenoprasum","status":"publish","type":"product","link":"https:\/\/dev.garden.ee\/en\/product\/allium-schoenoprasum\/","title":{"rendered":"Allium schoenoprasum"},"content":{"rendered":"<input class=\"fooboxshare_post_id\" type=\"hidden\" value=\"25221\"\/>","protected":false},"excerpt":{"rendered":"<p>Murulauk hakkab \u00f5itsema suve algul ja on ilus hiliss\u00fcgiseni. Ta on hea meetaim, meelitab aeda mesilasi, k\u00fclmakindel ja paljuneb isek\u00fclviga.\u00a0Murulaugu kasutamiseks l\u00f5igatakse vaid osa varsi maapinna l\u00e4hedalt maha, taim v\u00f5sub j\u00e4rk-j\u00e4rgult uuesti terve vegetatsiooniperioodi jooksul. Vanemate varte l\u00f5ikamine 2\u20135 cm pikkuseks aitab kaasa noorte ja mahlaste varte kasvule. Murulauku kasutatakse maitsetaimena.\u00a0 Ta sisaldab palju C-vitamiini ja seep\u00e4rast on teda \u00f5igem tarbida v\u00e4rskelt. K\u00fclmutamise v\u00f5i kuivatamisega h\u00e4vib suur osa vitamiinidest.<\/p>","protected":false},"featured_media":25224,"template":"","meta":[],"product_brand":[],"product_cat":[4401,4410,22],"product_tag":[],"class_list":{"0":"post-25221","1":"product","2":"type-product","3":"status-publish","4":"has-post-thumbnail","6":"product_cat-pusikud","7":"product_cat-tarbeaed","8":"product_cat-taimed","9":"pa_haiguskindlus-hea","10":"pa_kasvukorgus-20-30-cm","11":"pa_laius-20-30-cm","12":"pa_lisainfo-sobilik-istutuskasti-jaoks","13":"pa_oie-varv-lilla","14":"pa_oitsemise-aeg-juuni-oktoober","15":"pa_talvekindlus-vaga-hea","16":"pa_tingimused-hea-drenaaz","17":"pa_tingimused-viljakas","18":"pa_tsoon-3-9","19":"pa_valguse-tingimused-paike","20":"pa_valguse-tingimused-poolvari","21":"pa_variatsioon-suurem-pott","22":"pa_variatsioon-vaiksem-pott","24":"first","25":"instock","26":"purchasable","27":"product-type-variable"},"acf":[],"_links":{"self":[{"href":"https:\/\/dev.garden.ee\/en\/wp-json\/wp\/v2\/product\/25221","targetHints":{"allow":["GET"]}}],"collection":[{"href":"https:\/\/dev.garden.ee\/en\/wp-json\/wp\/v2\/product"}],"about":[{"href":"https:\/\/dev.garden.ee\/en\/wp-json\/wp\/v2\/types\/product"}],"wp:featuredmedia":[{"embeddable":true,"href":"https:\/\/dev.garden.ee\/en\/wp-json\/wp\/v2\/media\/25224"}],"wp:attachment":[{"href":"https:\/\/dev.garden.ee\/en\/wp-json\/wp\/v2\/media?parent=25221"}],"wp:term":[{"taxonomy":"product_brand","embeddable":true,"href":"https:\/\/dev.garden.ee\/en\/wp-json\/wp\/v2\/product_brand?post=25221"},{"taxonomy":"product_cat","embeddable":true,"href":"https:\/\/dev.garden.ee\/en\/wp-json\/wp\/v2\/product_cat?post=25221"},{"taxonomy":"product_tag","embeddable":true,"href":"https:\/\/dev.garden.ee\/en\/wp-json\/wp\/v2\/product_tag?post=25221"}],"curies":[{"name":"wp","href":"https:\/\/api.w.org\/{rel}","templated":true}]}}