{"id":25215,"date":"2026-02-13T16:35:06","date_gmt":"2026-02-13T14:35:06","guid":{"rendered":"https:\/\/dev.garden.ee\/?post_type=product&#038;p=25215"},"modified":"2026-02-13T19:29:57","modified_gmt":"2026-02-13T17:29:57","slug":"ajuga-reptans-gold-chang","status":"publish","type":"product","link":"https:\/\/dev.garden.ee\/en\/product\/ajuga-reptans-gold-chang\/","title":{"rendered":"Ajuga reptans &#8216;Gold Chang&#8217;"},"content":{"rendered":"<input class=\"fooboxshare_post_id\" type=\"hidden\" value=\"25215\"\/>","protected":false},"excerpt":{"rendered":"<p>V\u00e4ga hea pinnakatja on huvitav oma igihalja kollakas roheliste lehtede poolest. Kevade l\u00f5pupoole hakkavad \u00f5itsema tema roosad \u00f5ied, mis oleksid nagu kuldsel vaibal. \u00d5ied meelitavad liblikaid. Taim on v\u00e4ga hea pinnakatja, kuid ei muutu invasiivseks. Kipub v\u00e4ltima t\u00e4isp\u00e4ikest ja ei edene h\u00e4sti kuivas.\u00a0Sobib ideaalselt n\u00e4iteks tee\u00e4\u00e4ristajaks, rikkaliku mullaga varju.<\/p>\n<p>K\u00e4rbi pleekinud \u00f5isi, et pikendada \u00f5itsemist ja vajadusel kahjustatud lehti. Puhasta talve l\u00f5pus.<\/p>","protected":false},"featured_media":25220,"template":"","meta":[],"product_brand":[],"product_cat":[6934,9200,4401,4412,22],"product_tag":[],"class_list":{"0":"post-25215","1":"product","2":"type-product","3":"status-publish","4":"has-post-thumbnail","6":"product_cat-mesilassobralik-aed","7":"product_cat-pinnakatjad","8":"product_cat-pusikud","9":"product_cat-varjuaed","10":"product_cat-taimed","11":"pa_haiguskindlus-hea","12":"pa_kasvukorgus-7-15","13":"pa_laius-20-25-cm","14":"pa_lisainfo-dekoratiivne-lehestik","15":"pa_lisainfo-hea-pinnakatja","16":"pa_lisainfo-hirve-kahjustustele-vastupidav","17":"pa_lisainfo-janese-kahjustustele-vastupidav","18":"pa_lisainfo-mesilaste-lemmik","19":"pa_oie-varv-roosa","20":"pa_oitsemise-aeg-mai-juuni","21":"pa_talvekindlus-vaga-hea","22":"pa_tingimused-niiske","23":"pa_tingimused-parasniiske","24":"pa_tsoon-999","25":"pa_valguse-tingimused-poolvari","26":"pa_valguse-tingimused-vari","27":"pa_variatsioon-suurem-pott","28":"pa_variatsioon-vaiksem-pott","30":"first","31":"instock","32":"purchasable","33":"product-type-variable"},"acf":[],"_links":{"self":[{"href":"https:\/\/dev.garden.ee\/en\/wp-json\/wp\/v2\/product\/25215","targetHints":{"allow":["GET"]}}],"collection":[{"href":"https:\/\/dev.garden.ee\/en\/wp-json\/wp\/v2\/product"}],"about":[{"href":"https:\/\/dev.garden.ee\/en\/wp-json\/wp\/v2\/types\/product"}],"wp:featuredmedia":[{"embeddable":true,"href":"https:\/\/dev.garden.ee\/en\/wp-json\/wp\/v2\/media\/25220"}],"wp:attachment":[{"href":"https:\/\/dev.garden.ee\/en\/wp-json\/wp\/v2\/media?parent=25215"}],"wp:term":[{"taxonomy":"product_brand","embeddable":true,"href":"https:\/\/dev.garden.ee\/en\/wp-json\/wp\/v2\/product_brand?post=25215"},{"taxonomy":"product_cat","embeddable":true,"href":"https:\/\/dev.garden.ee\/en\/wp-json\/wp\/v2\/product_cat?post=25215"},{"taxonomy":"product_tag","embeddable":true,"href":"https:\/\/dev.garden.ee\/en\/wp-json\/wp\/v2\/product_tag?post=25215"}],"curies":[{"name":"wp","href":"https:\/\/api.w.org\/{rel}","templated":true}]}}