{"id":25197,"date":"2026-02-13T11:22:12","date_gmt":"2026-02-13T09:22:12","guid":{"rendered":"https:\/\/dev.garden.ee\/?post_type=product&#038;p=25197"},"modified":"2026-02-13T12:26:17","modified_gmt":"2026-02-13T10:26:17","slug":"achillea-millefolium-credo","status":"publish","type":"product","link":"https:\/\/dev.garden.ee\/en\/product\/achillea-millefolium-credo\/","title":{"rendered":"Achillea millefolium &#8216;Credo&#8217;"},"content":{"rendered":"<input class=\"fooboxshare_post_id\" type=\"hidden\" value=\"25197\"\/>","protected":false},"excerpt":{"rendered":"<p>P\u00fcstise kasvukujuga ja puhmikut moodustav p\u00fcsik (m\u00f5nikord l\u00fchiealine), mis kasvab kuni 80 cm k\u00f5rguseks. Taimel on peenelt l\u00f5histunud hallikasroheline lehestik ning lamedad \u00f5isikupead, mis koosnevad eredatest, kanarikollastest \u00f5itest, mis vananedes muutuvad kreemikaks. \u00d5itseb juunis ja juulis, lisades aeda s\u00e4ra ja kerget metsiku looduse h\u00f5ngu.<\/p>\n<p>Liiga rikkalikus mullas kaotab ilusa vormi ja v\u00f5ib \u00e4ra vajuda. K\u00f5ige paremini tunneb end taim kuivemas, p\u00e4ikeselisemas ja kindlasti tuulevaikses kasvukohas. Talub h\u00e4sti kuuma suvep\u00e4ikest.\u00a0Liblikate lemmik.<\/p>\n<p>Hooldus: Puhmjas p\u00fcsik, mis ei vaja palju hooldust. K\u00fcll aga n\u00e4evad raudrohud v\u00e4rskemad ja uhkemad v\u00e4lja, kui nende h\u00e4\u00e4bunud \u00f5isi korrap\u00e4raselt \u00e4ra l\u00f5igata. Peale \u00f5itsemist v\u00f5ib taime tagasi l\u00f5igata kuni p\u00f5hilehtedeni v\u00e4lja, sel juhul on v\u00f5imalus saada s\u00fcgisepoole uusi \u00f5isi. Iga 3-4 aasta j\u00e4rel tuleks taime jagada.<\/p>","protected":false},"featured_media":25201,"template":"","meta":[],"product_brand":[],"product_cat":[4401,22],"product_tag":[],"class_list":{"0":"post-25197","1":"product","2":"type-product","3":"status-publish","4":"has-post-thumbnail","6":"product_cat-pusikud","7":"product_cat-taimed","8":"pa_haiguskindlus-vaga-hea","9":"pa_lisainfo-hirve-kahjustustele-vastupidav","10":"pa_lisainfo-janese-kahjustustele-vastupidav","11":"pa_moodud-k-80-cm-2","12":"pa_moodud-l-45-cm","13":"pa_oie-varv-kollane","14":"pa_oitsemise-aeg-juuni-juuli","15":"pa_talvekindlus-vaga-hea","16":"pa_tingimused-kuivema-poolsem","17":"pa_tingimused-vaheviljakas","18":"pa_tsoon-4-9","19":"pa_valguse-tingimused-paike","20":"pa_variatsioon-suurem-pott","21":"pa_variatsioon-vaiksem-pott","23":"first","24":"instock","25":"purchasable","26":"product-type-variable"},"acf":[],"_links":{"self":[{"href":"https:\/\/dev.garden.ee\/en\/wp-json\/wp\/v2\/product\/25197","targetHints":{"allow":["GET"]}}],"collection":[{"href":"https:\/\/dev.garden.ee\/en\/wp-json\/wp\/v2\/product"}],"about":[{"href":"https:\/\/dev.garden.ee\/en\/wp-json\/wp\/v2\/types\/product"}],"wp:featuredmedia":[{"embeddable":true,"href":"https:\/\/dev.garden.ee\/en\/wp-json\/wp\/v2\/media\/25201"}],"wp:attachment":[{"href":"https:\/\/dev.garden.ee\/en\/wp-json\/wp\/v2\/media?parent=25197"}],"wp:term":[{"taxonomy":"product_brand","embeddable":true,"href":"https:\/\/dev.garden.ee\/en\/wp-json\/wp\/v2\/product_brand?post=25197"},{"taxonomy":"product_cat","embeddable":true,"href":"https:\/\/dev.garden.ee\/en\/wp-json\/wp\/v2\/product_cat?post=25197"},{"taxonomy":"product_tag","embeddable":true,"href":"https:\/\/dev.garden.ee\/en\/wp-json\/wp\/v2\/product_tag?post=25197"}],"curies":[{"name":"wp","href":"https:\/\/api.w.org\/{rel}","templated":true}]}}