{"id":25190,"date":"2026-02-12T20:43:27","date_gmt":"2026-02-12T18:43:27","guid":{"rendered":"https:\/\/dev.garden.ee\/?post_type=product&#038;p=25190"},"modified":"2026-03-05T11:24:15","modified_gmt":"2026-03-05T09:24:15","slug":"paeonia-lactiflora-felix-crousse","status":"publish","type":"product","link":"https:\/\/dev.garden.ee\/en\/product\/paeonia-lactiflora-felix-crousse\/","title":{"rendered":"Paeonia lactiflora &#8216;Felix Crousse&#8217;"},"content":{"rendered":"<input class=\"fooboxshare_post_id\" type=\"hidden\" value=\"25190\"\/>","protected":false},"excerpt":{"rendered":"<p>Suured vaarika punased topelt \u00f5ied on elegantselt sasitud ja t\u00e4istatud \u00f5rnade h\u00f5bedase l\u00f5ikega tippudega. See sort on meeldivalt l\u00f5hnav. L\u00f5igates l\u00f5ikelilled avaneva punga faasis, seisavad \u00f5ied vaasis pikalt. \u00d5ied meelitavad ligi liblikaid.<\/p>\n<p>P\u00e4rjatud Award of Garden Merit tiitliga.<\/p>\n<p>\u00d5itsenud \u00f5isikud l\u00f5ika tagasi madalamate lehtedeni, et s\u00e4ilitada taime kompaktne vorm. Suve l\u00f5pu poole v\u00e4rvuvad lehed huvitavatesse punakatesse toonidesse.<\/p>","protected":false},"featured_media":25825,"template":"","meta":[],"product_brand":[],"product_cat":[4415,4414,4413,4401,22],"product_tag":[9209],"class_list":{"0":"post-25190","1":"product","2":"type-product","3":"status-publish","4":"has-post-thumbnail","6":"product_cat-lilleaed","7":"product_cat-lohnaaed","8":"product_cat-loikelilleaed","9":"product_cat-pusikud","10":"product_cat-taimed","11":"product_tag-rhs-award-of-garden-merit","12":"pa_haiguskindlus-hea","13":"pa_kasvukorgus-80-cm","14":"pa_laius-80-cm","15":"pa_lisainfo-hirve-kahjustustele-vastupidav","16":"pa_lisainfo-janese-kahjustustele-vastupidav","17":"pa_lisainfo-mesilaste-lemmik","18":"pa_lisainfo-murgine","19":"pa_lisainfo-pilgupuudja","20":"pa_lisainfo-sobib-lohnaaeda","21":"pa_lisainfo-sobib-loikelilleks","22":"pa_oie-varv-roosa","23":"pa_oitsemise-aeg-juuni-juuli","24":"pa_talvekindlus-vaga-hea","25":"pa_tingimused-hea-drenaaz","26":"pa_tingimused-parasniiske","27":"pa_tingimused-viljakas","28":"pa_tsoon-3-8","29":"pa_valguse-tingimused-paike","30":"pa_valguse-tingimused-poolvari","31":"pa_variatsioon-suurem-pott","32":"pa_variatsioon-vaiksem-pott","34":"first","35":"instock","36":"purchasable","37":"product-type-variable"},"acf":[],"_links":{"self":[{"href":"https:\/\/dev.garden.ee\/en\/wp-json\/wp\/v2\/product\/25190","targetHints":{"allow":["GET"]}}],"collection":[{"href":"https:\/\/dev.garden.ee\/en\/wp-json\/wp\/v2\/product"}],"about":[{"href":"https:\/\/dev.garden.ee\/en\/wp-json\/wp\/v2\/types\/product"}],"wp:featuredmedia":[{"embeddable":true,"href":"https:\/\/dev.garden.ee\/en\/wp-json\/wp\/v2\/media\/25825"}],"wp:attachment":[{"href":"https:\/\/dev.garden.ee\/en\/wp-json\/wp\/v2\/media?parent=25190"}],"wp:term":[{"taxonomy":"product_brand","embeddable":true,"href":"https:\/\/dev.garden.ee\/en\/wp-json\/wp\/v2\/product_brand?post=25190"},{"taxonomy":"product_cat","embeddable":true,"href":"https:\/\/dev.garden.ee\/en\/wp-json\/wp\/v2\/product_cat?post=25190"},{"taxonomy":"product_tag","embeddable":true,"href":"https:\/\/dev.garden.ee\/en\/wp-json\/wp\/v2\/product_tag?post=25190"}],"curies":[{"name":"wp","href":"https:\/\/api.w.org\/{rel}","templated":true}]}}