{"id":2518,"date":"2023-01-18T17:15:48","date_gmt":"2023-01-18T15:15:48","guid":{"rendered":"https:\/\/dev.zezz.ee\/garden\/toode\/hosta-barbara-ann\/"},"modified":"2026-02-27T15:31:45","modified_gmt":"2026-02-27T13:31:45","slug":"hosta-barbara-ann","status":"publish","type":"product","link":"https:\/\/dev.garden.ee\/en\/product\/hosta-barbara-ann\/","title":{"rendered":"Hosta &#8216;Barbara Ann&#8217;"},"content":{"rendered":"<input class=\"fooboxshare_post_id\" type=\"hidden\" value=\"2518\"\/>","protected":false},"excerpt":{"rendered":"<p>Hostade erinevad h\u00fcbriidid oma esindusliku v\u00e4limusega ja erinevate v\u00e4rvivariatsioonidega on juba aastaid tuntud varjuaia kaunimate seas. Barbara Ann on aretatud Suur-Britannias. Sort on v\u00f5imsate, p\u00fcsti hoidvate ja tugevalt kurruliste, s\u00fcdamekujuliste lehtedega. Sinirohelised teravatipulised lehed, mis \u00fcpris laialt \u00e4\u00e4ristatud kreemvalgega, on pisut rullis. Valged, liilia\u00f5ie moodi \u00f5ied ilmuvad juuni l\u00f5pus. \u00d5ied p\u00fcsivad h\u00e4sti vaasis. Taim on m\u00f5\u00f5tmetelt p\u00e4ris suur ja vajab seet\u00f5ttu k\u00fcllaldaselt kasvuruumi. Hostad vajavad kasvamiseks rammusat mulda ja niiskemat pinnast. Taim on pikaealine. Soodsates tingimustes v\u00f5ib ta \u00fchel kohal kasvada aastak\u00fcmneid. Sobivad h\u00e4sti nii p\u00fcsilillepeenardesse kui ka haljasaladele, murudesse ja mitmesugustele istutusaladele, \u00fcksk\u00f5ik, kas \u00fcksikp\u00f5\u00f5saste v\u00f5i r\u00fchmadena. Sobib suurep\u00e4raselt ka linnakeskkonda. Seda sorti kiriteod eriti ei armasta.<\/p>","protected":false},"featured_media":2519,"template":"","meta":[],"product_brand":[],"product_cat":[4406,4401,4412,22],"product_tag":[],"class_list":{"0":"post-2518","1":"product","2":"type-product","3":"status-publish","4":"has-post-thumbnail","6":"product_cat-park","7":"product_cat-pusikud","8":"product_cat-varjuaed","9":"product_cat-taimed","10":"pa_haiguskindlus-vaga-hea","11":"pa_moodud-k-50-cm-l-90-cm","12":"pa_oie-varv-valge","13":"pa_oitsemise-aeg-juuni","14":"pa_talvekindlus-vaga-hea","15":"pa_tsoon-3-9","16":"pa_variatsioon-suurem-pott","17":"pa_variatsioon-suurem-pott-soodushind-50","18":"pa_variatsioon-vaiksem-pott","20":"first","21":"instock","22":"sale","23":"purchasable","24":"product-type-variable"},"acf":[],"_links":{"self":[{"href":"https:\/\/dev.garden.ee\/en\/wp-json\/wp\/v2\/product\/2518","targetHints":{"allow":["GET"]}}],"collection":[{"href":"https:\/\/dev.garden.ee\/en\/wp-json\/wp\/v2\/product"}],"about":[{"href":"https:\/\/dev.garden.ee\/en\/wp-json\/wp\/v2\/types\/product"}],"wp:featuredmedia":[{"embeddable":true,"href":"https:\/\/dev.garden.ee\/en\/wp-json\/wp\/v2\/media\/2519"}],"wp:attachment":[{"href":"https:\/\/dev.garden.ee\/en\/wp-json\/wp\/v2\/media?parent=2518"}],"wp:term":[{"taxonomy":"product_brand","embeddable":true,"href":"https:\/\/dev.garden.ee\/en\/wp-json\/wp\/v2\/product_brand?post=2518"},{"taxonomy":"product_cat","embeddable":true,"href":"https:\/\/dev.garden.ee\/en\/wp-json\/wp\/v2\/product_cat?post=2518"},{"taxonomy":"product_tag","embeddable":true,"href":"https:\/\/dev.garden.ee\/en\/wp-json\/wp\/v2\/product_tag?post=2518"}],"curies":[{"name":"wp","href":"https:\/\/api.w.org\/{rel}","templated":true}]}}