{"id":25157,"date":"2026-02-10T10:05:18","date_gmt":"2026-02-10T08:05:18","guid":{"rendered":"https:\/\/dev.garden.ee\/?post_type=product&#038;p=25157"},"modified":"2026-02-10T10:43:34","modified_gmt":"2026-02-10T08:43:34","slug":"rosa-damascena-weisse-jacques-cartier-uus","status":"publish","type":"product","link":"https:\/\/dev.garden.ee\/en\/product\/rosa-damascena-weisse-jacques-cartier-uus\/","title":{"rendered":"Rosa damascena &#8216;Weisse Jacques Cartier&#8217; UUS!"},"content":{"rendered":"<input class=\"fooboxshare_post_id\" type=\"hidden\" value=\"25157\"\/>","protected":false},"excerpt":{"rendered":"<p>Robustne, j\u00f5uline ja ajalooline p\u00f5\u00f5sasroos. Tuntud Damaskuse p\u00f5\u00f5sasroosi &#8216;Jacques Cartier&#8217;\u00a0 valge mutatsioon, mis on s\u00e4ilitanud k\u00f5ik oma ihaldusv\u00e4\u00e4rsed omadused, mille tulemuseks on silmapaistev valge roos. Intensiivse v\u00fcrtsika l\u00f5hnaga \u00f5ied avanevad tihedalt asetsevatest kerakujulistest pungadest. Esimesed \u00f5ied on m\u00f5nikord roosaka varjundiga. Rustikaalsed \u00f5ied on v\u00e4ga t\u00e4idlased, lamedad, tavaliselt neljaks jaotatud ja l\u00fchikeste, laineliste kroonlehtedega. Nagu Damaskuse roosi puhul t\u00fc\u00fcpiline, kasvavad roosid tugeva ja lopsaka lehestiku l\u00e4hedal ja v\u00f5ivad paikneda s\u00fcgaval lehestiku sees, kuna \u00f5itsemise ajaks on tavaliselt juba tekkinud uued v\u00f5rsed, mis annavad edasisi pungi. P\u00f5\u00f5sas kasvab v\u00e4ga kompaktselt, kohevalt ja \u00fcmaralt. \u00a0Lehed on mattrohelised ja teravatipulised; see on korduvalt \u00f5itsev, v\u00e4ga tugev ja k\u00fclmakindel sort.<\/p>\n<p>Sobib roosi kroonlehtede korjamiseks, mis on \u00fchtlasi ka s\u00f6\u00f6davad, ja konteinerites kasvatamiseks.<\/p>\n<p>Mutatsioon ei ole t\u00e4iesti stabiilne. M\u00f5nikord, isegi mitme aasta p\u00e4rast, v\u00f5ivad \u00fcksikud taimed osaliselt v\u00f5i t\u00e4ielikult roosa vormi taastada.<\/p>\n<p><span style=\"color: #ff0000;\">ETTETELLIMINE, V\u00c4LJASTAMINE APRILLI KESKPAIGAST<\/span><\/p>","protected":false},"featured_media":25163,"template":"","meta":[],"product_brand":[],"product_cat":[4395,9637,4414,4413,9650,4416,4402,22],"product_tag":[9780],"class_list":{"0":"post-25157","1":"product","2":"type-product","3":"status-publish","4":"has-post-thumbnail","6":"product_cat-hekid","7":"product_cat-istutuskast","8":"product_cat-lohnaaed","9":"product_cat-loikelilleaed","10":"product_cat-looduslik-aed","11":"product_cat-roosiaed","12":"product_cat-roosid","13":"product_cat-taimed","14":"product_tag-uus","15":"pa_haiguskindlus-vaga-hea","16":"pa_kasvukorgus-120-150-cm","17":"pa_laius-120-150-cm","18":"pa_lisainfo-ideaalne-heki-loomiseks","19":"pa_lisainfo-sobilik-istutuskasti-jaoks","20":"pa_lisainfo-sobib-lohnaaeda","21":"pa_lisainfo-sobib-loikelilleks","22":"pa_lisainfo-sobib-osalise-varjuga-kasvualale","23":"pa_lohn-tugev","24":"pa_lohn-vurtsikas","25":"pa_oie-suurus-keskmine","26":"pa_oie-varv-roosakas","27":"pa_oie-varv-valge","28":"pa_oietuup-taidisois","29":"pa_oitsemine-korduvalt-oitsev","30":"pa_sort-poosasroos","31":"pa_taimede-arvestus-ruutmeetri-9220","32":"pa_talvekindlus-vaga-hea","33":"pa_variatsioon-paljasjuurne-ainult-kevadel","34":"pa_variatsioon-potis-4-6l","35":"pa_variatsioon-potis-4-6l-suvel-ja-sugisel","37":"first","38":"outofstock","39":"purchasable","40":"product-type-variable"},"acf":[],"_links":{"self":[{"href":"https:\/\/dev.garden.ee\/en\/wp-json\/wp\/v2\/product\/25157","targetHints":{"allow":["GET"]}}],"collection":[{"href":"https:\/\/dev.garden.ee\/en\/wp-json\/wp\/v2\/product"}],"about":[{"href":"https:\/\/dev.garden.ee\/en\/wp-json\/wp\/v2\/types\/product"}],"wp:featuredmedia":[{"embeddable":true,"href":"https:\/\/dev.garden.ee\/en\/wp-json\/wp\/v2\/media\/25163"}],"wp:attachment":[{"href":"https:\/\/dev.garden.ee\/en\/wp-json\/wp\/v2\/media?parent=25157"}],"wp:term":[{"taxonomy":"product_brand","embeddable":true,"href":"https:\/\/dev.garden.ee\/en\/wp-json\/wp\/v2\/product_brand?post=25157"},{"taxonomy":"product_cat","embeddable":true,"href":"https:\/\/dev.garden.ee\/en\/wp-json\/wp\/v2\/product_cat?post=25157"},{"taxonomy":"product_tag","embeddable":true,"href":"https:\/\/dev.garden.ee\/en\/wp-json\/wp\/v2\/product_tag?post=25157"}],"curies":[{"name":"wp","href":"https:\/\/api.w.org\/{rel}","templated":true}]}}