{"id":25151,"date":"2026-02-10T09:48:11","date_gmt":"2026-02-10T07:48:11","guid":{"rendered":"https:\/\/dev.garden.ee\/?post_type=product&#038;p=25151"},"modified":"2026-02-10T09:57:11","modified_gmt":"2026-02-10T07:57:11","slug":"weisse-wolke","status":"publish","type":"product","link":"https:\/\/dev.garden.ee\/en\/product\/weisse-wolke\/","title":{"rendered":"Weisse Wolke\u00ae"},"content":{"rendered":"<input class=\"fooboxshare_post_id\" type=\"hidden\" value=\"25151\"\/>","protected":false},"excerpt":{"rendered":"<p>P\u00fcstise kasvuga p\u00f5\u00f5saroos rikkalike kobaratega, mille moodustavad poolkahekordsed kuppel\u00f5ied. \u00d5ied puhasvalged roosade pungadega, kontrastiks h\u00e4sti tumerohelisele ja l\u00e4ikivale lehestikule. K\u00f5rge haiguskindlusega, kuuma- ja ilmastikukindel sort. Moodustab kibuvitsamarju, on mesilaste lemmikuks ja sobib h\u00e4sti roosihekiks.<\/p>\n<p>Rahvusvaheliselt hinnatud sort. Auhind Baden-Badenis 2016. aastal.<\/p>","protected":false},"featured_media":25155,"template":"","meta":[],"product_brand":[],"product_cat":[4395,9702,6934,9550,4416,4402,22],"product_tag":[],"class_list":{"0":"post-25151","1":"product","2":"type-product","3":"status-publish","4":"has-post-thumbnail","6":"product_cat-hekid","7":"product_cat-linnaaed","8":"product_cat-mesilassobralik-aed","9":"product_cat-rodu-ja-terrass","10":"product_cat-roosiaed","11":"product_cat-roosid","12":"product_cat-taimed","13":"pa_aretus-w-kordes-sohne","14":"pa_avalikustamisaasta-saksamaa-2018","15":"pa_haiguskindlus-vaga-hea","16":"pa_kasvukorgus-120-cm","17":"pa_kollektsioon-hedge-charmers","18":"pa_laius-70-cm","19":"pa_lisainfo-dekoratiivsed-viljad","20":"pa_lisainfo-ideaalne-heki-loomiseks","21":"pa_lisainfo-mesilaste-lemmik","22":"pa_lisainfo-sobib-osalise-varjuga-kasvualale","23":"pa_lisainfo-talvine-ponevus","24":"pa_lohn-orn","25":"pa_oie-suurus-keskmine","26":"pa_oie-varv-valge","27":"pa_oietuup-pooltaidisois","28":"pa_oitsemine-korduvalt-oitsev","29":"pa_sort-poosasroos","30":"pa_taimede-arvestus-ruutmeetri-9213","31":"pa_talvekindlus-hea","32":"pa_variatsioon-potis-2l-kevadel","33":"pa_variatsioon-potis-4-6l","35":"first","36":"outofstock","37":"purchasable","38":"product-type-variable"},"acf":[],"_links":{"self":[{"href":"https:\/\/dev.garden.ee\/en\/wp-json\/wp\/v2\/product\/25151","targetHints":{"allow":["GET"]}}],"collection":[{"href":"https:\/\/dev.garden.ee\/en\/wp-json\/wp\/v2\/product"}],"about":[{"href":"https:\/\/dev.garden.ee\/en\/wp-json\/wp\/v2\/types\/product"}],"wp:featuredmedia":[{"embeddable":true,"href":"https:\/\/dev.garden.ee\/en\/wp-json\/wp\/v2\/media\/25155"}],"wp:attachment":[{"href":"https:\/\/dev.garden.ee\/en\/wp-json\/wp\/v2\/media?parent=25151"}],"wp:term":[{"taxonomy":"product_brand","embeddable":true,"href":"https:\/\/dev.garden.ee\/en\/wp-json\/wp\/v2\/product_brand?post=25151"},{"taxonomy":"product_cat","embeddable":true,"href":"https:\/\/dev.garden.ee\/en\/wp-json\/wp\/v2\/product_cat?post=25151"},{"taxonomy":"product_tag","embeddable":true,"href":"https:\/\/dev.garden.ee\/en\/wp-json\/wp\/v2\/product_tag?post=25151"}],"curies":[{"name":"wp","href":"https:\/\/api.w.org\/{rel}","templated":true}]}}