{"id":25147,"date":"2026-02-09T21:00:43","date_gmt":"2026-02-09T19:00:43","guid":{"rendered":"https:\/\/dev.garden.ee\/?post_type=product&#038;p=25147"},"modified":"2026-02-09T21:17:50","modified_gmt":"2026-02-09T19:17:50","slug":"volare-uus","status":"publish","type":"product","link":"https:\/\/dev.garden.ee\/en\/product\/volare-uus\/","title":{"rendered":"Volare\u00ae UUS!"},"content":{"rendered":"<input class=\"fooboxshare_post_id\" type=\"hidden\" value=\"25147\"\/>","protected":false},"excerpt":{"rendered":"<p>Kaunis vana roosi v\u00f5luga roniroos, mis annab erakordselt palju v\u00e4ikeseid, kobaras olevaid, rosetikujulisi \u00f5isi. Heleroosade \u00f5ite suuruseks 5,5cm ja koosnevad need 18-20 kroonlehest. Tumerohelise l\u00e4ikiva lehestiku kontrast on t\u00f5eliselt kaunis. V\u00e4ga hea haiguskindlus.<\/p>\n<p>Sobib kasutamiseks seintel, aedadel, sammastel, pergolatel. Saab kasvatada ka suurte p\u00f5\u00f5sastena v\u00f5i pinnakatjaks.<\/p>\n<p>Auhinnad: Gold medal in Saverne (France 2018); The first prize and a certificate of merit in Bagatelle (Paris 2017); the first prize in Lyon and the Gold Medal in (Madrid 2014).<\/p>\n<p><span style=\"color: #ff0000;\">ETTETELLIMINE, V\u00c4LJASTAMINE APRILLI KESKPAIGAST<\/span><\/p>","protected":false},"featured_media":25150,"template":"","meta":[],"product_brand":[],"product_cat":[9200,4416,4402,22],"product_tag":[9780],"class_list":{"0":"post-25147","1":"product","2":"type-product","3":"status-publish","4":"has-post-thumbnail","6":"product_cat-pinnakatjad","7":"product_cat-roosiaed","8":"product_cat-roosid","9":"product_cat-taimed","10":"product_tag-uus","11":"pa_aretus-nirp","12":"pa_avalikustamisaasta-prantsusmaa-2016","13":"pa_haiguskindlus-vaga-hea","14":"pa_kasvukorgus-250-300-cm","15":"pa_kollektsioon-nirpescape","16":"pa_laius-40-50-cm","17":"pa_lisainfo-ronitaim","18":"pa_lohn-lohnatu","19":"pa_oie-suurus-vaike","20":"pa_oie-varv-roosa","21":"pa_oietuup-taidisois","22":"pa_oitsemine-korduvalt-oitsev","23":"pa_sort-roniroos","24":"pa_taimede-arvestus-ruutmeetri-9218","25":"pa_variatsioon-paljasjuurne-ainult-kevadel","26":"pa_variatsioon-potis-4-6l","27":"pa_variatsioon-potis-4-6l-suvel-ja-sugisel","29":"first","30":"outofstock","31":"purchasable","32":"product-type-variable"},"acf":[],"_links":{"self":[{"href":"https:\/\/dev.garden.ee\/en\/wp-json\/wp\/v2\/product\/25147","targetHints":{"allow":["GET"]}}],"collection":[{"href":"https:\/\/dev.garden.ee\/en\/wp-json\/wp\/v2\/product"}],"about":[{"href":"https:\/\/dev.garden.ee\/en\/wp-json\/wp\/v2\/types\/product"}],"wp:featuredmedia":[{"embeddable":true,"href":"https:\/\/dev.garden.ee\/en\/wp-json\/wp\/v2\/media\/25150"}],"wp:attachment":[{"href":"https:\/\/dev.garden.ee\/en\/wp-json\/wp\/v2\/media?parent=25147"}],"wp:term":[{"taxonomy":"product_brand","embeddable":true,"href":"https:\/\/dev.garden.ee\/en\/wp-json\/wp\/v2\/product_brand?post=25147"},{"taxonomy":"product_cat","embeddable":true,"href":"https:\/\/dev.garden.ee\/en\/wp-json\/wp\/v2\/product_cat?post=25147"},{"taxonomy":"product_tag","embeddable":true,"href":"https:\/\/dev.garden.ee\/en\/wp-json\/wp\/v2\/product_tag?post=25147"}],"curies":[{"name":"wp","href":"https:\/\/api.w.org\/{rel}","templated":true}]}}