{"id":25139,"date":"2026-02-09T20:25:49","date_gmt":"2026-02-09T18:25:49","guid":{"rendered":"https:\/\/dev.garden.ee\/?post_type=product&#038;p=25139"},"modified":"2026-02-09T20:45:55","modified_gmt":"2026-02-09T18:45:55","slug":"tucan-uudis","status":"publish","type":"product","link":"https:\/\/dev.garden.ee\/en\/product\/tucan-uudis\/","title":{"rendered":"Tucan\u00ae UUDIS!"},"content":{"rendered":"<input class=\"fooboxshare_post_id\" type=\"hidden\" value=\"25139\"\/>","protected":false},"excerpt":{"rendered":"<p>R\u00f5\u00f5msad ja v\u00e4rvilised keskmise suurusega (6-8cm) \u00f5ied kaunistavad kaarjaid v\u00f5rseid. \u00dcksikult istutatuna k\u00f6idab see t\u00e4helepanu oma suuruse ja kasvukujuga ning paitab meeldiva kerge aroomiga. Ilusa tumeda l\u00e4ikega lehestikul on k\u00f5rge vastupidavus seenhaigustele.<\/p>\n<p>V\u00f5ib kasutada l\u00f5hnaaedades, hekkides, massistutuses, \u00e4\u00e4riste tagaosas, vaheseinal, segaroosipeenardes, suurtes peenardes, looduslikes aedades, v\u00e4ikestes r\u00fchmades, segapeenardes, romantilistes aedades koos p\u00fcsikutega. Koos siniste \u00f5itega p\u00fcsikutega istutatuna on tulemuseks eriti p\u00f5nev vaatepilt.<\/p>\n<p><span style=\"color: #ff0000;\">ETTETELLIMINE, V\u00c4LJASTAMINE APRILLI TEISEST POOLEST<\/span><\/p>","protected":false},"featured_media":25142,"template":"","meta":[],"product_brand":[],"product_cat":[4395,4414,9650,4406,4416,4402,22],"product_tag":[9776],"class_list":{"0":"post-25139","1":"product","2":"type-product","3":"status-publish","4":"has-post-thumbnail","6":"product_cat-hekid","7":"product_cat-lohnaaed","8":"product_cat-looduslik-aed","9":"product_cat-park","10":"product_cat-roosiaed","11":"product_cat-roosid","12":"product_cat-taimed","13":"product_tag-uudissort","14":"pa_aretus-rosen-tantau","15":"pa_avalikustamisaasta-saksamaa-2024","16":"pa_haiguskindlus-vaga-hea","17":"pa_kasvukorgus-120-150-cm","18":"pa_laius-60-cm","19":"pa_lisainfo-ideaalne-heki-loomiseks","20":"pa_lisainfo-sobib-lohnaaeda","21":"pa_lohn-keskmine","22":"pa_oie-suurus-keskmine","23":"pa_oie-varv-aprikoos","24":"pa_oie-varv-kollane","25":"pa_oie-varv-mitmevarviline","26":"pa_oie-varv-roosa","27":"pa_oie-varv-roosakas","28":"pa_oietuup-taidisois","29":"pa_oitsemine-korduvalt-oitsev","30":"pa_sort-poosasroos","31":"pa_taimede-arvestus-ruutmeetri-9213","32":"pa_talvekindlus-vaga-hea","33":"pa_variatsioon-potis-2l-kevadel","34":"pa_variatsioon-potis-4-6l","36":"first","37":"outofstock","38":"purchasable","39":"product-type-variable"},"acf":[],"_links":{"self":[{"href":"https:\/\/dev.garden.ee\/en\/wp-json\/wp\/v2\/product\/25139","targetHints":{"allow":["GET"]}}],"collection":[{"href":"https:\/\/dev.garden.ee\/en\/wp-json\/wp\/v2\/product"}],"about":[{"href":"https:\/\/dev.garden.ee\/en\/wp-json\/wp\/v2\/types\/product"}],"wp:featuredmedia":[{"embeddable":true,"href":"https:\/\/dev.garden.ee\/en\/wp-json\/wp\/v2\/media\/25142"}],"wp:attachment":[{"href":"https:\/\/dev.garden.ee\/en\/wp-json\/wp\/v2\/media?parent=25139"}],"wp:term":[{"taxonomy":"product_brand","embeddable":true,"href":"https:\/\/dev.garden.ee\/en\/wp-json\/wp\/v2\/product_brand?post=25139"},{"taxonomy":"product_cat","embeddable":true,"href":"https:\/\/dev.garden.ee\/en\/wp-json\/wp\/v2\/product_cat?post=25139"},{"taxonomy":"product_tag","embeddable":true,"href":"https:\/\/dev.garden.ee\/en\/wp-json\/wp\/v2\/product_tag?post=25139"}],"curies":[{"name":"wp","href":"https:\/\/api.w.org\/{rel}","templated":true}]}}