{"id":25135,"date":"2026-02-09T19:46:26","date_gmt":"2026-02-09T17:46:26","guid":{"rendered":"https:\/\/dev.garden.ee\/?post_type=product&#038;p=25135"},"modified":"2026-02-09T20:23:06","modified_gmt":"2026-02-09T18:23:06","slug":"tresor-uus","status":"publish","type":"product","link":"https:\/\/dev.garden.ee\/en\/product\/tresor-uus\/","title":{"rendered":"Tresor\u00ae UUS!"},"content":{"rendered":"<input class=\"fooboxshare_post_id\" type=\"hidden\" value=\"25135\"\/>","protected":false},"excerpt":{"rendered":"<p>Kobar\u00f5ieline p\u00f5\u00f5sasroos, mis kasvab h\u00e4sti hargnevaks kompaktseks p\u00f5\u00f5saks. Suur, tassikujuline \u00f5is on l\u00e4bim\u00f5\u00f5duga 12 cm ja koosneb 40\u201345 kergelt keerdunud kreemikast kroonlehest, mille keskosa on merevaigukollase varjundiga. \u00d5itel on tugev tsitrusel\u00f5hn. Lehestik tumeroheline. Uuesti \u00f5itsev, v\u00e4ga tervislik ja j\u00f5uline sort.<\/p>\n<p>Ideaalne l\u00f5ikelilledeks ja romantiliste kimpude jaoks. Talub h\u00e4sti kuumust ja kohandub konteinerkasvatusega. Kaunis ka \u00e4\u00e4ristaimena.<\/p>\n<p>Auhinnad:\u00a0Gold Medal at SNHF\u00a0and\u00a0Public&#8217;s Choice Award\u00a0in\u00a0Saverne 2022; SNHF (Grand Prix de la Rose), Gran Prix &#8211; 1\u00b0 Prize &#8211; Flo (France 2022); Silver Medal in Nyon 2021, Fragrance Award\u00a0at\u00a0Bagatelle 2020.<\/p>\n<p><span style=\"color: #ff0000;\">ETTETELLIMINE, V\u00c4LJASTAMINE APRILLI KESKPAIGAST<\/span><\/p>","protected":false},"featured_media":25138,"template":"","meta":[],"product_brand":[],"product_cat":[9637,9702,4414,4413,9550,4416,4402,22],"product_tag":[9780],"class_list":{"0":"post-25135","1":"product","2":"type-product","3":"status-publish","4":"has-post-thumbnail","6":"product_cat-istutuskast","7":"product_cat-linnaaed","8":"product_cat-lohnaaed","9":"product_cat-loikelilleaed","10":"product_cat-rodu-ja-terrass","11":"product_cat-roosiaed","12":"product_cat-roosid","13":"product_cat-taimed","14":"product_tag-uus","15":"pa_aretus-nirp","16":"pa_haiguskindlus-vaga-hea","17":"pa_kasvukorgus-60-70-cm","18":"pa_kollektsioon-nirpescape","19":"pa_laius-40-50-cm","20":"pa_lisainfo-sobilik-istutuskasti-jaoks","21":"pa_lisainfo-sobib-lohnaaeda","22":"pa_lisainfo-sobib-loikelilleks","23":"pa_lohn-tugev","24":"pa_lohn-tsitruseline","25":"pa_oie-suurus-suur","26":"pa_oie-varv-aprikoos","27":"pa_oie-varv-kreemjas","28":"pa_oietuup-taidisois","29":"pa_oitsemine-korduvalt-oitsev","30":"pa_sort-floribund-ehk-paljuoieline-roos","31":"pa_taimede-arvestus-ruutmeetri-9218","32":"pa_variatsioon-paljasjuurne-ainult-kevadel","33":"pa_variatsioon-potis-4-6l","34":"pa_variatsioon-potis-4-6l-suvel-ja-sugisel","36":"first","37":"outofstock","38":"purchasable","39":"product-type-variable"},"acf":[],"_links":{"self":[{"href":"https:\/\/dev.garden.ee\/en\/wp-json\/wp\/v2\/product\/25135","targetHints":{"allow":["GET"]}}],"collection":[{"href":"https:\/\/dev.garden.ee\/en\/wp-json\/wp\/v2\/product"}],"about":[{"href":"https:\/\/dev.garden.ee\/en\/wp-json\/wp\/v2\/types\/product"}],"wp:featuredmedia":[{"embeddable":true,"href":"https:\/\/dev.garden.ee\/en\/wp-json\/wp\/v2\/media\/25138"}],"wp:attachment":[{"href":"https:\/\/dev.garden.ee\/en\/wp-json\/wp\/v2\/media?parent=25135"}],"wp:term":[{"taxonomy":"product_brand","embeddable":true,"href":"https:\/\/dev.garden.ee\/en\/wp-json\/wp\/v2\/product_brand?post=25135"},{"taxonomy":"product_cat","embeddable":true,"href":"https:\/\/dev.garden.ee\/en\/wp-json\/wp\/v2\/product_cat?post=25135"},{"taxonomy":"product_tag","embeddable":true,"href":"https:\/\/dev.garden.ee\/en\/wp-json\/wp\/v2\/product_tag?post=25135"}],"curies":[{"name":"wp","href":"https:\/\/api.w.org\/{rel}","templated":true}]}}