{"id":25121,"date":"2026-02-09T17:09:02","date_gmt":"2026-02-09T15:09:02","guid":{"rendered":"https:\/\/dev.garden.ee\/?post_type=product&#038;p=25121"},"modified":"2026-02-09T17:24:56","modified_gmt":"2026-02-09T15:24:56","slug":"the-fairy","status":"publish","type":"product","link":"https:\/\/dev.garden.ee\/en\/product\/the-fairy\/","title":{"rendered":"The Fairy"},"content":{"rendered":"<input class=\"fooboxshare_post_id\" type=\"hidden\" value=\"25121\"\/>","protected":false},"excerpt":{"rendered":"<p>Armsad v\u00e4ikesed \u00f5ied katavad heleroosa vahuga keskmise k\u00f5rgusega laialivalguva ja lehvikukujulise kasvuga kompaktset p\u00f5\u00f5sast. \u00d5ied ilmuvad tavap\u00e4rasest pisut hiljem, see eest \u00f5itseb vahetpidamata kuni s\u00fcgiseni. Tugeva tervisega, talvekindel sort.<\/p>\n<p>Sobib kasutamiseks nii \u00fcksikult kui ka peenra \u00e4\u00e4ristusena. Ideaalne v\u00e4iksesse aeda v\u00f5i konteinerisse.<\/p>","protected":false},"featured_media":25124,"template":"","meta":[],"product_brand":[],"product_cat":[9637,9200,4416,4402,4408,22],"product_tag":[],"class_list":{"0":"post-25121","1":"product","2":"type-product","3":"status-publish","4":"has-post-thumbnail","6":"product_cat-istutuskast","7":"product_cat-pinnakatjad","8":"product_cat-roosiaed","9":"product_cat-roosid","10":"product_cat-vaike-aed","11":"product_cat-taimed","12":"pa_aretus-bentall","13":"pa_avalikustamisaasta-uhendkuningriigid-1932","14":"pa_haiguskindlus-vaga-hea","15":"pa_kasvukorgus-80-cm","16":"pa_laius-90-cm","17":"pa_lisainfo-hea-pinnakatja","18":"pa_lisainfo-sobilik-istutuskasti-jaoks","19":"pa_lohn-lohnatu","20":"pa_oie-suurus-vaike","21":"pa_oie-varv-hele-roosa","22":"pa_oietuup-pooltaidisois","23":"pa_oitsemine-korduvalt-oitsev","24":"pa_sort-david-austini-roos","25":"pa_sort-vaikepoosas","26":"pa_taimede-arvestus-ruutmeetri-1-2","27":"pa_talvekindlus-vaga-hea","28":"pa_variatsioon-paljasjuurne-ainult-kevadel","29":"pa_variatsioon-potis-4-6l","30":"pa_variatsioon-potis-4-6l-suvel-ja-sugisel","32":"first","33":"outofstock","34":"purchasable","35":"product-type-variable"},"acf":[],"_links":{"self":[{"href":"https:\/\/dev.garden.ee\/en\/wp-json\/wp\/v2\/product\/25121","targetHints":{"allow":["GET"]}}],"collection":[{"href":"https:\/\/dev.garden.ee\/en\/wp-json\/wp\/v2\/product"}],"about":[{"href":"https:\/\/dev.garden.ee\/en\/wp-json\/wp\/v2\/types\/product"}],"wp:featuredmedia":[{"embeddable":true,"href":"https:\/\/dev.garden.ee\/en\/wp-json\/wp\/v2\/media\/25124"}],"wp:attachment":[{"href":"https:\/\/dev.garden.ee\/en\/wp-json\/wp\/v2\/media?parent=25121"}],"wp:term":[{"taxonomy":"product_brand","embeddable":true,"href":"https:\/\/dev.garden.ee\/en\/wp-json\/wp\/v2\/product_brand?post=25121"},{"taxonomy":"product_cat","embeddable":true,"href":"https:\/\/dev.garden.ee\/en\/wp-json\/wp\/v2\/product_cat?post=25121"},{"taxonomy":"product_tag","embeddable":true,"href":"https:\/\/dev.garden.ee\/en\/wp-json\/wp\/v2\/product_tag?post=25121"}],"curies":[{"name":"wp","href":"https:\/\/api.w.org\/{rel}","templated":true}]}}