{"id":2511,"date":"2023-01-18T17:15:43","date_gmt":"2023-01-18T15:15:43","guid":{"rendered":"https:\/\/dev.zezz.ee\/garden\/toode\/iris-ciel-gris-sur-poilly\/"},"modified":"2026-02-28T16:10:17","modified_gmt":"2026-02-28T14:10:17","slug":"iris-ciel-gris-sur-poilly","status":"publish","type":"product","link":"https:\/\/dev.garden.ee\/en\/product\/iris-ciel-gris-sur-poilly\/","title":{"rendered":"Iris &#8216;Ciel Gris sur Poilly&#8217;"},"content":{"rendered":"<input class=\"fooboxshare_post_id\" type=\"hidden\" value=\"2511\"\/>","protected":false},"excerpt":{"rendered":"<p>\u00dcks pikka aega kaalutud kaunitare &#8211; valged \u00fclemised ja lillakas-hallid alumised kroonlehed, mis hoiavad end peaaegu horisontaalselt. Kollane habe elavdab p\u00f5nevat kombinatsiooni. 5-6 \u00f5it varrel.\u00a0Cayeux aretus 2011<\/p>\n<p>Saadaval risoomina alates augustist, enne ja p\u00e4rast saadaval potis.<\/p>","protected":false},"featured_media":2512,"template":"","meta":[],"product_brand":[],"product_cat":[4398,4415,4401,22],"product_tag":[],"class_list":{"0":"post-2511","1":"product","2":"type-product","3":"status-publish","4":"has-post-thumbnail","6":"product_cat-iirised","7":"product_cat-lilleaed","8":"product_cat-pusikud","9":"product_cat-taimed","10":"pa_moodud-k-80-cm-l-50-cm","11":"pa_oie-varv-valge","12":"pa_oitsemise-aeg-keskmine-hiline","13":"pa_talvekindlus-vaga-hea","14":"pa_tsoon-3-9","15":"pa_variatsioon-suurem-pott-soodushind-70","17":"first","18":"outofstock","19":"sale","20":"purchasable","21":"product-type-variable"},"acf":[],"_links":{"self":[{"href":"https:\/\/dev.garden.ee\/en\/wp-json\/wp\/v2\/product\/2511","targetHints":{"allow":["GET"]}}],"collection":[{"href":"https:\/\/dev.garden.ee\/en\/wp-json\/wp\/v2\/product"}],"about":[{"href":"https:\/\/dev.garden.ee\/en\/wp-json\/wp\/v2\/types\/product"}],"wp:featuredmedia":[{"embeddable":true,"href":"https:\/\/dev.garden.ee\/en\/wp-json\/wp\/v2\/media\/2512"}],"wp:attachment":[{"href":"https:\/\/dev.garden.ee\/en\/wp-json\/wp\/v2\/media?parent=2511"}],"wp:term":[{"taxonomy":"product_brand","embeddable":true,"href":"https:\/\/dev.garden.ee\/en\/wp-json\/wp\/v2\/product_brand?post=2511"},{"taxonomy":"product_cat","embeddable":true,"href":"https:\/\/dev.garden.ee\/en\/wp-json\/wp\/v2\/product_cat?post=2511"},{"taxonomy":"product_tag","embeddable":true,"href":"https:\/\/dev.garden.ee\/en\/wp-json\/wp\/v2\/product_tag?post=2511"}],"curies":[{"name":"wp","href":"https:\/\/api.w.org\/{rel}","templated":true}]}}