{"id":25108,"date":"2026-02-09T16:16:45","date_gmt":"2026-02-09T14:16:45","guid":{"rendered":"https:\/\/dev.garden.ee\/?post_type=product&#038;p=25108"},"modified":"2026-03-12T19:03:20","modified_gmt":"2026-03-12T17:03:20","slug":"zelmanis-dream-uudis","status":"publish","type":"product","link":"https:\/\/dev.garden.ee\/en\/product\/zelmanis-dream-uudis\/","title":{"rendered":"Zelmani&#8217;s Dream\u00ae UUDIS!"},"content":{"rendered":"<input class=\"fooboxshare_post_id\" type=\"hidden\" value=\"25108\"\/>","protected":false},"excerpt":{"rendered":"<p>Suure\u00f5ieline ronitaim, millel on meeldiv aroom, k\u00f5rge haiguskindlus ja usaldusv\u00e4\u00e4rne vastupidavus. Tumeroheline l\u00e4ikiv lehestik loob kena kontrasti v\u00f5luvalt v\u00e4rviliste t\u00e4idis\u00f5itega, mis avanevad redisepunastest pungadest kreemjate kroonlehtedega.<\/p>\n<p>Nimi anti Rootsi laulja Sophie Zelmani j\u00e4rgi Maailma Roosi\u00fchingute F\u00f6deratsiooni (WFRS) konventsiooni raames Kalmaris 2024. aasta suvel.<\/p>\n<p><span style=\"color: #ff0000;\">ETTETELLIMINE, V\u00c4LJASTAMINE APRILLI KESKPAIGAST<\/span><\/p>","protected":false},"featured_media":25112,"template":"","meta":[],"product_brand":[],"product_cat":[4414,4397,4416,4402,22],"product_tag":[9776],"class_list":{"0":"post-25108","1":"product","2":"type-product","3":"status-publish","4":"has-post-thumbnail","6":"product_cat-lohnaaed","7":"product_cat-ronitaimed","8":"product_cat-roosiaed","9":"product_cat-roosid","10":"product_cat-taimed","11":"product_tag-uudissort","12":"pa_aretus-w-kordes-sohne","13":"pa_avalikustamisaasta-saksamaa-2024","14":"pa_haiguskindlus-vaga-hea","15":"pa_kasvukorgus-200-250-cm","16":"pa_kollektsioon-climbing-max","17":"pa_laius-1-m","18":"pa_lisainfo-ronitaim","19":"pa_lisainfo-sobib-lohnaaeda","20":"pa_lohn-tugev","21":"pa_oie-suurus-suur","22":"pa_oie-varv-kreemjas","23":"pa_oie-varv-roosa","24":"pa_oietuup-taidisois","25":"pa_oitsemine-korduvalt-oitsev","26":"pa_sort-roniroos","27":"pa_taimede-arvestus-ruutmeetri-9220","28":"pa_talvekindlus-vaga-hea","29":"pa_variatsioon-paljasjuurne-ainult-kevadel","30":"pa_variatsioon-potis-2l-kevadel","31":"pa_variatsioon-potis-4-6l","32":"pa_variatsioon-potis-4-6l-suvel-ja-sugisel","34":"first","35":"outofstock","36":"purchasable","37":"product-type-variable"},"acf":[],"_links":{"self":[{"href":"https:\/\/dev.garden.ee\/en\/wp-json\/wp\/v2\/product\/25108","targetHints":{"allow":["GET"]}}],"collection":[{"href":"https:\/\/dev.garden.ee\/en\/wp-json\/wp\/v2\/product"}],"about":[{"href":"https:\/\/dev.garden.ee\/en\/wp-json\/wp\/v2\/types\/product"}],"wp:featuredmedia":[{"embeddable":true,"href":"https:\/\/dev.garden.ee\/en\/wp-json\/wp\/v2\/media\/25112"}],"wp:attachment":[{"href":"https:\/\/dev.garden.ee\/en\/wp-json\/wp\/v2\/media?parent=25108"}],"wp:term":[{"taxonomy":"product_brand","embeddable":true,"href":"https:\/\/dev.garden.ee\/en\/wp-json\/wp\/v2\/product_brand?post=25108"},{"taxonomy":"product_cat","embeddable":true,"href":"https:\/\/dev.garden.ee\/en\/wp-json\/wp\/v2\/product_cat?post=25108"},{"taxonomy":"product_tag","embeddable":true,"href":"https:\/\/dev.garden.ee\/en\/wp-json\/wp\/v2\/product_tag?post=25108"}],"curies":[{"name":"wp","href":"https:\/\/api.w.org\/{rel}","templated":true}]}}