{"id":25097,"date":"2026-02-09T13:38:59","date_gmt":"2026-02-09T11:38:59","guid":{"rendered":"https:\/\/dev.garden.ee\/?post_type=product&#038;p=25097"},"modified":"2026-02-09T13:51:28","modified_gmt":"2026-02-09T11:51:28","slug":"stadt-rom","status":"publish","type":"product","link":"https:\/\/dev.garden.ee\/en\/product\/stadt-rom\/","title":{"rendered":"Stadt Rom\u00ae"},"content":{"rendered":"<input class=\"fooboxshare_post_id\" type=\"hidden\" value=\"25097\"\/>","protected":false},"excerpt":{"rendered":"<p data-start=\"0\" data-end=\"308\">Uue p\u00f5lvkonna erakordselt rikkalikult \u00f5itsev madal p\u00f5\u00f5sasroos, mis p\u00fcsib \u00f5ites kuni talveni, s\u00e4rades sooja l\u00f5heroosa tooniga. See on eriti eluj\u00f5uline, kuid samas tiheda, madala ja p\u00f5\u00f5sja kasvukujuga.<\/p>\n<p data-start=\"310\" data-end=\"581\">Suurep\u00e4rane valik suurtesse istutusaladesse, m\u00fc\u00fcride \u00e4\u00e4rde, v\u00e4ikestesse r\u00fchmadesse, peenarde \u00e4\u00e4ristamiseks, pottidesse ja anumatesse, kivim\u00fc\u00fcridele, massistutustesse, kirikaedadesse ning avalikesse haljasaladesse.<\/p>\n<p data-start=\"583\" data-end=\"920\" data-is-last-node=\"\" data-is-only-node=\"\">T\u00e4nu oma vastupidavusele ja dekoratiivsusele on see roos p\u00e4lvinud maailmas mitmeid auhindu, sealhulgas Kuldmedalid Haagis (Holland), Genfis (\u0160veits), Pariisis (Prantsusmaa), Lyonis (Prantsusmaa), Badenis (Austria), Monacos ning T\u0161ehhis ja Belgias. Samuti on see hinnatud ADR roos (2007) ja saanud tiitli Top Rose 2011\/12.<\/p>","protected":false},"featured_media":25100,"template":"","meta":[],"product_brand":[],"product_cat":[9637,9775,6934,4406,4416,4402,22],"product_tag":[9418],"class_list":{"0":"post-25097","1":"product","2":"type-product","3":"status-publish","4":"has-post-thumbnail","6":"product_cat-istutuskast","7":"product_cat-kalmistu","8":"product_cat-mesilassobralik-aed","9":"product_cat-park","10":"product_cat-roosiaed","11":"product_cat-roosid","12":"product_cat-taimed","13":"product_tag-adr-roos","14":"pa_adr-9805","15":"pa_aretus-rosen-tantau","16":"pa_avalikustamisaasta-saksamaa-2007","17":"pa_haiguskindlus-vaga-hea","18":"pa_kasvukorgus-50-80-cm","19":"pa_laius-45-50-cm","20":"pa_lisainfo-mesilaste-lemmik","21":"pa_lisainfo-sobilik-istutuskasti-jaoks","22":"pa_lohn-orn","23":"pa_oie-suurus-vaike","24":"pa_oie-varv-roosa","25":"pa_oietuup-lihtois","26":"pa_oitsemine-korduvalt-oitsev","27":"pa_sort-pinnakatteroos","28":"pa_sunonuum-citta-di-roma-i","29":"pa_sunonuum-lilliana-uk","30":"pa_sunonuum-xylon-f","31":"pa_taimede-arvestus-ruutmeetri-4-5","32":"pa_talvekindlus-hea","33":"pa_variatsioon-potis-2l-kevadel","34":"pa_variatsioon-potis-4-6l","36":"first","37":"outofstock","38":"purchasable","39":"product-type-variable"},"acf":[],"_links":{"self":[{"href":"https:\/\/dev.garden.ee\/en\/wp-json\/wp\/v2\/product\/25097","targetHints":{"allow":["GET"]}}],"collection":[{"href":"https:\/\/dev.garden.ee\/en\/wp-json\/wp\/v2\/product"}],"about":[{"href":"https:\/\/dev.garden.ee\/en\/wp-json\/wp\/v2\/types\/product"}],"wp:featuredmedia":[{"embeddable":true,"href":"https:\/\/dev.garden.ee\/en\/wp-json\/wp\/v2\/media\/25100"}],"wp:attachment":[{"href":"https:\/\/dev.garden.ee\/en\/wp-json\/wp\/v2\/media?parent=25097"}],"wp:term":[{"taxonomy":"product_brand","embeddable":true,"href":"https:\/\/dev.garden.ee\/en\/wp-json\/wp\/v2\/product_brand?post=25097"},{"taxonomy":"product_cat","embeddable":true,"href":"https:\/\/dev.garden.ee\/en\/wp-json\/wp\/v2\/product_cat?post=25097"},{"taxonomy":"product_tag","embeddable":true,"href":"https:\/\/dev.garden.ee\/en\/wp-json\/wp\/v2\/product_tag?post=25097"}],"curies":[{"name":"wp","href":"https:\/\/api.w.org\/{rel}","templated":true}]}}