{"id":25093,"date":"2026-02-09T13:30:48","date_gmt":"2026-02-09T11:30:48","guid":{"rendered":"https:\/\/dev.garden.ee\/?post_type=product&#038;p=25093"},"modified":"2026-02-09T13:38:17","modified_gmt":"2026-02-09T11:38:17","slug":"spinelli-uudis","status":"publish","type":"product","link":"https:\/\/dev.garden.ee\/en\/product\/spinelli-uudis\/","title":{"rendered":"Spinelli\u00ae UUDIS!"},"content":{"rendered":"<input class=\"fooboxshare_post_id\" type=\"hidden\" value=\"25093\"\/>","protected":false},"excerpt":{"rendered":"<p data-start=\"0\" data-end=\"359\">Spinelli on keskmiste (6-8cm) s\u00e4ravkollaste \u00f5itega roos, mis toob aeda p\u00e4ikeselist r\u00f5\u00f5mu ja energiat. Kollane s\u00fcmboliseerib v\u00e4rvips\u00fchholoogias elur\u00f5\u00f5mu, valgust, optimismi ja tarkust, muutes Spinelli ideaalseks saadikuks BUGA 2023 t\u00e4htsatele teemadele: kliima, keskkond, energia ja toidujulgeolek. Kuid eelk\u00f5ige on see roos lihtsalt p\u00e4ikesekiir sinu aias!<\/p>\n<p data-start=\"576\" data-end=\"832\" data-is-last-node=\"\" data-is-only-node=\"\">Spinelli on p\u00fcstise ja p\u00f5\u00f5sasja kasvuga roos, mis sobib ideaalselt hekkideks, segapeenardesse, suurtesse istutusaladesse, v\u00e4ikestesse r\u00fchmadesse, \u00fcksikp\u00f5\u00f5sana, romantilistesse aedadesse koos p\u00fcsikutega, peenarde tagaserva ja haljastuseks.<\/p>\n<p data-start=\"576\" data-end=\"832\" data-is-last-node=\"\" data-is-only-node=\"\">Sordi nimi on austusavaldus USA s\u00f5dur Dominic Spinellile, kes hukkus Teise maailmas\u00f5ja ajal haavatud kaaslasi p\u00e4\u00e4stes. P\u00e4rast BUGA 2023 aiandusn\u00e4itust nimetatakse selle toimumispaik Spinelli pargiks.<\/p>","protected":false},"featured_media":25096,"template":"","meta":[],"product_brand":[],"product_cat":[4395,6934,4416,4402,22],"product_tag":[9776],"class_list":{"0":"post-25093","1":"product","2":"type-product","3":"status-publish","4":"has-post-thumbnail","6":"product_cat-hekid","7":"product_cat-mesilassobralik-aed","8":"product_cat-roosiaed","9":"product_cat-roosid","10":"product_cat-taimed","11":"product_tag-uudissort","12":"pa_aretus-rosen-tantau","13":"pa_avalikustamisaasta-saksamaa-2023","14":"pa_haiguskindlus-vaga-hea","15":"pa_kasvukorgus-150-200-cm","16":"pa_laius-50-60-cm","17":"pa_lisainfo-ideaalne-heki-loomiseks","18":"pa_lisainfo-mesilaste-lemmik","19":"pa_lohn-keskmine","20":"pa_lohn-kerge","21":"pa_oie-suurus-keskmine","22":"pa_oie-varv-kollane","23":"pa_oietuup-taidisois","24":"pa_oitsemine-korduvalt-oitsev","25":"pa_sort-poosasroos","26":"pa_taimede-arvestus-ruutmeetri-3-4","27":"pa_talvekindlus-hea","28":"pa_variatsioon-potis-2l-kevadel","29":"pa_variatsioon-potis-4-6l","31":"first","32":"outofstock","33":"purchasable","34":"product-type-variable"},"acf":[],"_links":{"self":[{"href":"https:\/\/dev.garden.ee\/en\/wp-json\/wp\/v2\/product\/25093","targetHints":{"allow":["GET"]}}],"collection":[{"href":"https:\/\/dev.garden.ee\/en\/wp-json\/wp\/v2\/product"}],"about":[{"href":"https:\/\/dev.garden.ee\/en\/wp-json\/wp\/v2\/types\/product"}],"wp:featuredmedia":[{"embeddable":true,"href":"https:\/\/dev.garden.ee\/en\/wp-json\/wp\/v2\/media\/25096"}],"wp:attachment":[{"href":"https:\/\/dev.garden.ee\/en\/wp-json\/wp\/v2\/media?parent=25093"}],"wp:term":[{"taxonomy":"product_brand","embeddable":true,"href":"https:\/\/dev.garden.ee\/en\/wp-json\/wp\/v2\/product_brand?post=25093"},{"taxonomy":"product_cat","embeddable":true,"href":"https:\/\/dev.garden.ee\/en\/wp-json\/wp\/v2\/product_cat?post=25093"},{"taxonomy":"product_tag","embeddable":true,"href":"https:\/\/dev.garden.ee\/en\/wp-json\/wp\/v2\/product_tag?post=25093"}],"curies":[{"name":"wp","href":"https:\/\/api.w.org\/{rel}","templated":true}]}}