{"id":25087,"date":"2026-02-09T13:21:03","date_gmt":"2026-02-09T11:21:03","guid":{"rendered":"https:\/\/dev.garden.ee\/?post_type=product&#038;p=25087"},"modified":"2026-02-09T13:29:51","modified_gmt":"2026-02-09T11:29:51","slug":"sophie-luise","status":"publish","type":"product","link":"https:\/\/dev.garden.ee\/en\/product\/sophie-luise\/","title":{"rendered":"Sophie Luise\u00ae"},"content":{"rendered":"<input class=\"fooboxshare_post_id\" type=\"hidden\" value=\"25087\"\/>","protected":false},"excerpt":{"rendered":"<p>See nostalgiline teeh\u00fcbriidroos v\u00f5lub idamaise ja intensiivse l\u00f5hnaga, meenutades ajaloolisi Damaskuse roose. Selle t\u00e4idetud keskmise suurusega (8-10cm)\u00a0 \u00f5ied on lopsakad ja arvukad, lisades aeda romantilist v\u00f5lu.<\/p>\n<p>P\u00fcstise ja kompaktse kasvukujuga p\u00f5\u00f5sas sobib h\u00e4sti v\u00e4ikestesse r\u00fchmadesse, l\u00f5hnaaedadesse, h\u00fcbriidteerooside peenardesse, romantilistesse aedadesse koos p\u00fcsikutega, segapeenardesse ning l\u00f5ike\u00f5iteks.<\/p>","protected":false},"featured_media":25092,"template":"","meta":[],"product_brand":[],"product_cat":[4414,4413,4416,4402,22],"product_tag":[],"class_list":{"0":"post-25087","1":"product","2":"type-product","3":"status-publish","4":"has-post-thumbnail","6":"product_cat-lohnaaed","7":"product_cat-loikelilleaed","8":"product_cat-roosiaed","9":"product_cat-roosid","10":"product_cat-taimed","11":"pa_aretus-rosen-tantau","12":"pa_avalikustamisaasta-saksamaa-2019","13":"pa_haiguskindlus-vaga-hea","14":"pa_kasvukorgus-80-120-cm","15":"pa_laius-45-50-cm","16":"pa_lisainfo-sobib-lohnaaeda","17":"pa_lisainfo-sobib-loikelilleks","18":"pa_lohn-tugev","19":"pa_lohn-idamaine","20":"pa_lohn-intensiivne","21":"pa_oie-suurus-keskmine","22":"pa_oie-varv-roosa","23":"pa_oie-varv-roosakas","24":"pa_oietuup-taidisois","25":"pa_oitsemine-korduvalt-oitsev","26":"pa_sort-nostalgiline-teehubriidroos","27":"pa_taimede-arvestus-ruutmeetri-4-5","28":"pa_talvekindlus-hea","29":"pa_variatsioon-potis-2l-kevadel","30":"pa_variatsioon-potis-4-6l","32":"first","33":"outofstock","34":"purchasable","35":"product-type-variable"},"acf":[],"_links":{"self":[{"href":"https:\/\/dev.garden.ee\/en\/wp-json\/wp\/v2\/product\/25087","targetHints":{"allow":["GET"]}}],"collection":[{"href":"https:\/\/dev.garden.ee\/en\/wp-json\/wp\/v2\/product"}],"about":[{"href":"https:\/\/dev.garden.ee\/en\/wp-json\/wp\/v2\/types\/product"}],"wp:featuredmedia":[{"embeddable":true,"href":"https:\/\/dev.garden.ee\/en\/wp-json\/wp\/v2\/media\/25092"}],"wp:attachment":[{"href":"https:\/\/dev.garden.ee\/en\/wp-json\/wp\/v2\/media?parent=25087"}],"wp:term":[{"taxonomy":"product_brand","embeddable":true,"href":"https:\/\/dev.garden.ee\/en\/wp-json\/wp\/v2\/product_brand?post=25087"},{"taxonomy":"product_cat","embeddable":true,"href":"https:\/\/dev.garden.ee\/en\/wp-json\/wp\/v2\/product_cat?post=25087"},{"taxonomy":"product_tag","embeddable":true,"href":"https:\/\/dev.garden.ee\/en\/wp-json\/wp\/v2\/product_tag?post=25087"}],"curies":[{"name":"wp","href":"https:\/\/api.w.org\/{rel}","templated":true}]}}