{"id":25083,"date":"2026-02-09T13:07:34","date_gmt":"2026-02-09T11:07:34","guid":{"rendered":"https:\/\/dev.garden.ee\/?post_type=product&#038;p=25083"},"modified":"2026-02-09T13:49:53","modified_gmt":"2026-02-09T11:49:53","slug":"solo-uudis","status":"publish","type":"product","link":"https:\/\/dev.garden.ee\/en\/product\/solo-uudis\/","title":{"rendered":"Solo\u00ae UUDIS!"},"content":{"rendered":"<input class=\"fooboxshare_post_id\" type=\"hidden\" value=\"25083\"\/>","protected":false},"excerpt":{"rendered":"<div class=\"n4sEPd\">\n<div class=\"QFw9Te BLojaf\"><\/div>\n<div class=\"xMmqsf\">\n<p><span class=\"jCAhz ChMk0b\"><span class=\"ryNqvb\">N\u00e4itab muljetavaldavat heleduse ja pimeduse kontrasti. S<\/span><\/span><span class=\"jCAhz ChMk0b\"><span class=\"ryNqvb\">uured (8-10cm) lumivalged \u00f5ied on efektiivses kontrastis s\u00fcgavrohelise l\u00e4ikiva lehestikuga.<\/span><\/span> <span class=\"jCAhz ChMk0b\"><span class=\"ryNqvb\">See roos on \u00fcks Tantau tervemaid roose ja kannab ADR-kvaliteedim\u00e4rki.<\/span><\/span> <span class=\"jCAhz ChMk0b\"><span class=\"ryNqvb\">Oma eluj\u00f5ulisuse t\u00f5ttu talub see isegi poolvarjulisi kohti ning \u00f5ite s\u00e4ra toob valgust aia tumedamatesse piirkondadesse.<\/span><\/span><\/p>\n<p>P\u00fcstise kasvuga, p\u00f5\u00f5sasjas roos sobib l\u00f5ike\u00f5ieks, h\u00fcbriidteerooside peenardesse, romantilistesse aedadesse koos p\u00fcsikutega, segapeenardesse, suurtesse istutusaladesse, v\u00e4ikestesse r\u00fchmadesse ja l\u00f5hnaaedadesse.<\/p>\n<p>S\u00fcnon\u00fc\u00fcm #yeswecare ristiti Munsburgi lossi roosiaias Luksemburgi Roosi\u00fchingu poolt ja seel\u00e4bi p\u00fchendati see k\u00f5igile tervishoiut\u00f6\u00f6tajatele. Ristivanemateks olid tervishoiuminister pr Paulette Lehnert ja tervishoiuameti direktor dr Jean-Claude Schmit. &#8220;#yeswecare&#8221; on Luksemburgi COVID-19 testimisjaamade ja vaktsineerimiskeskuste loosung.<\/p>\n<\/div>\n<\/div>\n<p><span style=\"color: #ff0000;\">ETTETELLIMINE, V\u00c4LJASTAMINE APRILLI TEISEST POOLEST<\/span><\/p>","protected":false},"featured_media":25086,"template":"","meta":[],"product_brand":[],"product_cat":[4414,4413,4416,4402,22],"product_tag":[9418,9776],"class_list":{"0":"post-25083","1":"product","2":"type-product","3":"status-publish","4":"has-post-thumbnail","6":"product_cat-lohnaaed","7":"product_cat-loikelilleaed","8":"product_cat-roosiaed","9":"product_cat-roosid","10":"product_cat-taimed","11":"product_tag-adr-roos","12":"product_tag-uudissort","13":"pa_adr-9803","14":"pa_aretus-rosen-tantau","15":"pa_avalikustamisaasta-saksamaa-2023","16":"pa_haiguskindlus-vaga-hea","17":"pa_kasvukorgus-100-130-cm","18":"pa_laius-45-50-cm","19":"pa_lisainfo-sobib-lohnaaeda","20":"pa_lisainfo-sobib-loikelilleks","21":"pa_lohn-keskmine","22":"pa_lohn-kerge","23":"pa_lohn-teehubriidi","24":"pa_oie-suurus-suur","25":"pa_oie-varv-valge","26":"pa_oietuup-taidisois","27":"pa_oitsemine-korduvalt-oitsev","28":"pa_sort-teehubriidroos","29":"pa_sunonuum-yeswecare","30":"pa_taimede-arvestus-ruutmeetri-4-5","31":"pa_talvekindlus-vaga-hea","32":"pa_variatsioon-potis-2l-kevadel","33":"pa_variatsioon-potis-4-6l","35":"first","36":"outofstock","37":"purchasable","38":"product-type-variable"},"acf":[],"_links":{"self":[{"href":"https:\/\/dev.garden.ee\/en\/wp-json\/wp\/v2\/product\/25083","targetHints":{"allow":["GET"]}}],"collection":[{"href":"https:\/\/dev.garden.ee\/en\/wp-json\/wp\/v2\/product"}],"about":[{"href":"https:\/\/dev.garden.ee\/en\/wp-json\/wp\/v2\/types\/product"}],"wp:featuredmedia":[{"embeddable":true,"href":"https:\/\/dev.garden.ee\/en\/wp-json\/wp\/v2\/media\/25086"}],"wp:attachment":[{"href":"https:\/\/dev.garden.ee\/en\/wp-json\/wp\/v2\/media?parent=25083"}],"wp:term":[{"taxonomy":"product_brand","embeddable":true,"href":"https:\/\/dev.garden.ee\/en\/wp-json\/wp\/v2\/product_brand?post=25083"},{"taxonomy":"product_cat","embeddable":true,"href":"https:\/\/dev.garden.ee\/en\/wp-json\/wp\/v2\/product_cat?post=25083"},{"taxonomy":"product_tag","embeddable":true,"href":"https:\/\/dev.garden.ee\/en\/wp-json\/wp\/v2\/product_tag?post=25083"}],"curies":[{"name":"wp","href":"https:\/\/api.w.org\/{rel}","templated":true}]}}