{"id":25072,"date":"2026-02-09T12:17:29","date_gmt":"2026-02-09T10:17:29","guid":{"rendered":"https:\/\/dev.garden.ee\/?post_type=product&#038;p=25072"},"modified":"2026-02-09T12:30:55","modified_gmt":"2026-02-09T10:30:55","slug":"see-you-in-purple","status":"publish","type":"product","link":"https:\/\/dev.garden.ee\/en\/product\/see-you-in-purple\/","title":{"rendered":"SEE YOU\u00ae in purple"},"content":{"rendered":"<input class=\"fooboxshare_post_id\" type=\"hidden\" value=\"25072\"\/>","protected":false},"excerpt":{"rendered":"<p>Persica roosi h\u00fcbriid, millel on erksad v\u00e4rvim\u00e4ngud avatud kuppide, kollaste tolmukate ja lillaka keskosaga. Sellele roosile on iseloomulik kauakestvad keskmise suurusega (6-7 cm) ilmastikukindlad \u00f5ied, v\u00e4he okkaid ja k\u00f5rge haigustekindlus.<\/p>","protected":false},"featured_media":25078,"template":"","meta":[],"product_brand":[],"product_cat":[9637,9702,6934,9550,4416,4402,22],"product_tag":[],"class_list":{"0":"post-25072","1":"product","2":"type-product","3":"status-publish","4":"has-post-thumbnail","6":"product_cat-istutuskast","7":"product_cat-linnaaed","8":"product_cat-mesilassobralik-aed","9":"product_cat-rodu-ja-terrass","10":"product_cat-roosiaed","11":"product_cat-roosid","12":"product_cat-taimed","13":"pa_aretus-w-kordes-sohne","14":"pa_avalikustamisaasta-saksamaa-2018","15":"pa_haiguskindlus-vaga-hea","16":"pa_kasvukorgus-70-cm","17":"pa_kollektsioon-see-you","18":"pa_laius-50-cm","19":"pa_lisainfo-mesilaste-lemmik","20":"pa_lisainfo-sobilik-istutuskasti-jaoks","21":"pa_lohn-orn","22":"pa_oie-suurus-keskmine","23":"pa_oie-varv-kreemjas","24":"pa_oie-varv-lilla","25":"pa_oie-varv-valge","26":"pa_oietuup-lihtois","27":"pa_oitsemine-korduvalt-oitsev","28":"pa_sort-floribund-ehk-paljuoieline-roos","29":"pa_taimede-arvestus-ruutmeetri-4-5","30":"pa_talvekindlus-vaga-hea","31":"pa_variatsioon-potis-2l-kevadel","32":"pa_variatsioon-potis-4-6l","34":"first","35":"outofstock","36":"purchasable","37":"product-type-variable"},"acf":[],"_links":{"self":[{"href":"https:\/\/dev.garden.ee\/en\/wp-json\/wp\/v2\/product\/25072","targetHints":{"allow":["GET"]}}],"collection":[{"href":"https:\/\/dev.garden.ee\/en\/wp-json\/wp\/v2\/product"}],"about":[{"href":"https:\/\/dev.garden.ee\/en\/wp-json\/wp\/v2\/types\/product"}],"wp:featuredmedia":[{"embeddable":true,"href":"https:\/\/dev.garden.ee\/en\/wp-json\/wp\/v2\/media\/25078"}],"wp:attachment":[{"href":"https:\/\/dev.garden.ee\/en\/wp-json\/wp\/v2\/media?parent=25072"}],"wp:term":[{"taxonomy":"product_brand","embeddable":true,"href":"https:\/\/dev.garden.ee\/en\/wp-json\/wp\/v2\/product_brand?post=25072"},{"taxonomy":"product_cat","embeddable":true,"href":"https:\/\/dev.garden.ee\/en\/wp-json\/wp\/v2\/product_cat?post=25072"},{"taxonomy":"product_tag","embeddable":true,"href":"https:\/\/dev.garden.ee\/en\/wp-json\/wp\/v2\/product_tag?post=25072"}],"curies":[{"name":"wp","href":"https:\/\/api.w.org\/{rel}","templated":true}]}}