{"id":25056,"date":"2026-02-09T11:26:40","date_gmt":"2026-02-09T09:26:40","guid":{"rendered":"https:\/\/dev.garden.ee\/?post_type=product&#038;p=25056"},"modified":"2026-02-09T11:34:53","modified_gmt":"2026-02-09T09:34:53","slug":"ruby-kiss-uudis","status":"publish","type":"product","link":"https:\/\/dev.garden.ee\/en\/product\/ruby-kiss-uudis\/","title":{"rendered":"Ruby Kiss\u00ae UUDIS!"},"content":{"rendered":"<input class=\"fooboxshare_post_id\" type=\"hidden\" value=\"25056\"\/>","protected":false},"excerpt":{"rendered":"<p>P\u00fcstiselt p\u00f5\u00f5sasjalt kasvav teeh\u00fcbriid suurte, v\u00e4ga t\u00e4idlaste \u00f5itega, mis avanevad romantiliselt kaunistesse tassidesse, mis teeb sellest ideaalse kandidaadi Eleganza Antique\u00ae kollektsiooni. Silmapaistev terve lehestik, mida teeh\u00fcbriididel harva leidub, muudab selle j\u00f5ulise roosi puhul seenhaiguste p\u00e4rast muretsemise tarbetuks.<\/p>","protected":false},"featured_media":25059,"template":"","meta":[],"product_brand":[],"product_cat":[4413,4416,4402,22],"product_tag":[9776],"class_list":{"0":"post-25056","1":"product","2":"type-product","3":"status-publish","4":"has-post-thumbnail","6":"product_cat-loikelilleaed","7":"product_cat-roosiaed","8":"product_cat-roosid","9":"product_cat-taimed","10":"product_tag-uudissort","11":"pa_aretus-w-kordes-sohne","12":"pa_avalikustamisaasta-saksamaa-2023","13":"pa_haiguskindlus-vaga-hea","14":"pa_kasvukorgus-100-cm","15":"pa_kollektsioon-antique","16":"pa_kollektsioon-eleganza","17":"pa_laius-50-cm","18":"pa_lisainfo-sobib-loikelilleks","19":"pa_lohn-orn","20":"pa_oie-suurus-keskmine","21":"pa_oie-varv-veinipunane","22":"pa_oietuup-taidisois","23":"pa_oitsemine-korduvalt-oitsev","24":"pa_sort-teehubriidroos","25":"pa_taimede-arvestus-ruutmeetri-4-5","26":"pa_talvekindlus-vaga-hea","27":"pa_variatsioon-potis-2l-kevadel","28":"pa_variatsioon-potis-4-6l","30":"first","31":"outofstock","32":"purchasable","33":"product-type-variable"},"acf":[],"_links":{"self":[{"href":"https:\/\/dev.garden.ee\/en\/wp-json\/wp\/v2\/product\/25056","targetHints":{"allow":["GET"]}}],"collection":[{"href":"https:\/\/dev.garden.ee\/en\/wp-json\/wp\/v2\/product"}],"about":[{"href":"https:\/\/dev.garden.ee\/en\/wp-json\/wp\/v2\/types\/product"}],"wp:featuredmedia":[{"embeddable":true,"href":"https:\/\/dev.garden.ee\/en\/wp-json\/wp\/v2\/media\/25059"}],"wp:attachment":[{"href":"https:\/\/dev.garden.ee\/en\/wp-json\/wp\/v2\/media?parent=25056"}],"wp:term":[{"taxonomy":"product_brand","embeddable":true,"href":"https:\/\/dev.garden.ee\/en\/wp-json\/wp\/v2\/product_brand?post=25056"},{"taxonomy":"product_cat","embeddable":true,"href":"https:\/\/dev.garden.ee\/en\/wp-json\/wp\/v2\/product_cat?post=25056"},{"taxonomy":"product_tag","embeddable":true,"href":"https:\/\/dev.garden.ee\/en\/wp-json\/wp\/v2\/product_tag?post=25056"}],"curies":[{"name":"wp","href":"https:\/\/api.w.org\/{rel}","templated":true}]}}