{"id":25050,"date":"2026-02-09T10:59:46","date_gmt":"2026-02-09T08:59:46","guid":{"rendered":"https:\/\/dev.garden.ee\/?post_type=product&#038;p=25050"},"modified":"2026-02-09T11:12:44","modified_gmt":"2026-02-09T09:12:44","slug":"rosenstadt-freising","status":"publish","type":"product","link":"https:\/\/dev.garden.ee\/en\/product\/rosenstadt-freising\/","title":{"rendered":"Rosenstadt Freising"},"content":{"rendered":"<input class=\"fooboxshare_post_id\" type=\"hidden\" value=\"25050\"\/>","protected":false},"excerpt":{"rendered":"<p>J\u00f5uline ja v\u00f5luv p\u00f5\u00f5sasroos, mis v\u00f5lub oma keskmiste (6-7cm) \u00f5ite kolme v\u00e4rvigammaga, mis on sarnased Freisingi linna v\u00e4rvidega.<\/p>\n<p>Sobib kasutamiseks hekkideks ja l\u00f5ikelillena.<\/p>\n<p>Auhinnad: ADR 1996. aastal; Silver Medal Kortrijkis, Monzas ja Roomas.<\/p>","protected":false},"featured_media":25053,"template":"","meta":[],"product_brand":[],"product_cat":[4395,4413,4416,4402,22],"product_tag":[9418],"class_list":{"0":"post-25050","1":"product","2":"type-product","3":"status-publish","4":"has-post-thumbnail","6":"product_cat-hekid","7":"product_cat-loikelilleaed","8":"product_cat-roosiaed","9":"product_cat-roosid","10":"product_cat-taimed","11":"product_tag-adr-roos","12":"pa_adr-9800","13":"pa_aretus-w-kordes-sohne","14":"pa_avalikustamisaasta-saksamaa-2003","15":"pa_haiguskindlus-vaga-hea","16":"pa_kasvukorgus-120-cm","17":"pa_kollektsioon-hedge-charmers","18":"pa_laius-80-cm","19":"pa_lisainfo-ideaalne-heki-loomiseks","20":"pa_lisainfo-sobib-loikelilleks","21":"pa_lohn-orn","22":"pa_oie-suurus-keskmine","23":"pa_oie-varv-punane","24":"pa_oie-varv-valge","25":"pa_oietuup-taidisois","26":"pa_oitsemine-korduvalt-oitsev","27":"pa_sort-poosasroos","28":"pa_taimede-arvestus-ruutmeetri-2-3","29":"pa_talvekindlus-vaga-hea","30":"pa_variatsioon-potis-2l-kevadel","31":"pa_variatsioon-potis-4-6l","33":"first","34":"outofstock","35":"purchasable","36":"product-type-variable"},"acf":[],"_links":{"self":[{"href":"https:\/\/dev.garden.ee\/en\/wp-json\/wp\/v2\/product\/25050","targetHints":{"allow":["GET"]}}],"collection":[{"href":"https:\/\/dev.garden.ee\/en\/wp-json\/wp\/v2\/product"}],"about":[{"href":"https:\/\/dev.garden.ee\/en\/wp-json\/wp\/v2\/types\/product"}],"wp:featuredmedia":[{"embeddable":true,"href":"https:\/\/dev.garden.ee\/en\/wp-json\/wp\/v2\/media\/25053"}],"wp:attachment":[{"href":"https:\/\/dev.garden.ee\/en\/wp-json\/wp\/v2\/media?parent=25050"}],"wp:term":[{"taxonomy":"product_brand","embeddable":true,"href":"https:\/\/dev.garden.ee\/en\/wp-json\/wp\/v2\/product_brand?post=25050"},{"taxonomy":"product_cat","embeddable":true,"href":"https:\/\/dev.garden.ee\/en\/wp-json\/wp\/v2\/product_cat?post=25050"},{"taxonomy":"product_tag","embeddable":true,"href":"https:\/\/dev.garden.ee\/en\/wp-json\/wp\/v2\/product_tag?post=25050"}],"curies":[{"name":"wp","href":"https:\/\/api.w.org\/{rel}","templated":true}]}}