{"id":25034,"date":"2026-02-08T19:10:43","date_gmt":"2026-02-08T17:10:43","guid":{"rendered":"https:\/\/dev.garden.ee\/?post_type=product&#038;p=25034"},"modified":"2026-02-08T19:50:38","modified_gmt":"2026-02-08T17:50:38","slug":"perfume-dreams","status":"publish","type":"product","link":"https:\/\/dev.garden.ee\/en\/product\/perfume-dreams\/","title":{"rendered":"Perfume Dreams UUS!"},"content":{"rendered":"<input class=\"fooboxshare_post_id\" type=\"hidden\" value=\"25034\"\/>","protected":false},"excerpt":{"rendered":"<p>Sellel uuel roniroosil on palju meeldivat. Sellel on v\u00e4ga atraktiivsed tumerohelised l\u00e4ikivad lehed ja uutel v\u00f5rsetel on v\u00e4he okkaid. Kreemikasvalged \u00f5ied on v\u00e4iksemad, umbes 3,8\u20135 cm l\u00e4bim\u00f5\u00f5duga ja 25 kroonlehega, kuid paiknevad igal varrel kuni kahek\u00fcmne \u00f5iega kobarates, mis loob kena vaate. Sellel roosil on t\u00f5eliselt sensuaalne l\u00f5hn \u2013 see on tugev ja magus, meenutades maikellukest. Sellel on suurep\u00e4rane haiguskindlus ja see kordab \u00f5isi vabalt kasvuperioodil. Suurep\u00e4rane kasvatamiseks v\u00f5rel, obeliskil v\u00f5i seina \u00e4\u00e4res.<\/p>\n<p>Auhind: Golden Rose of The Hague 2019.<\/p>\n<p><span style=\"color: #ff0000;\">ETTETELLIMINE, V\u00c4LJASTAMINE APRILLI KESKPAIGAST<\/span><\/p>","protected":false},"featured_media":25037,"template":"","meta":[],"product_brand":[],"product_cat":[6934,4397,4416,4402,22],"product_tag":[9780],"class_list":{"0":"post-25034","1":"product","2":"type-product","3":"status-publish","4":"has-post-thumbnail","6":"product_cat-mesilassobralik-aed","7":"product_cat-ronitaimed","8":"product_cat-roosiaed","9":"product_cat-roosid","10":"product_cat-taimed","11":"product_tag-uus","12":"pa_aretus-martin-vissers","13":"pa_haiguskindlus-vaga-hea","14":"pa_kasvukorgus-200-300-cm","15":"pa_laius-120-180-cm","16":"pa_lisainfo-mesilaste-lemmik","17":"pa_lisainfo-ronitaim","18":"pa_lisainfo-sobib-osalise-varjuga-kasvualale","19":"pa_lohn-tugev","20":"pa_lohn-magus","21":"pa_oie-suurus-keskmine","22":"pa_oie-varv-kreemikasvalge","23":"pa_oietuup-pooltaidisois","24":"pa_oitsemine-korduvalt-oitsev","25":"pa_sort-roniroos","26":"pa_talvekindlus-vaga-hea","27":"pa_variatsioon-paljasjuurne-ainult-kevadel","28":"pa_variatsioon-potis-4-6l","29":"pa_variatsioon-potis-4-6l-suvel-ja-sugisel","31":"first","32":"outofstock","33":"purchasable","34":"product-type-variable"},"acf":[],"_links":{"self":[{"href":"https:\/\/dev.garden.ee\/en\/wp-json\/wp\/v2\/product\/25034","targetHints":{"allow":["GET"]}}],"collection":[{"href":"https:\/\/dev.garden.ee\/en\/wp-json\/wp\/v2\/product"}],"about":[{"href":"https:\/\/dev.garden.ee\/en\/wp-json\/wp\/v2\/types\/product"}],"wp:featuredmedia":[{"embeddable":true,"href":"https:\/\/dev.garden.ee\/en\/wp-json\/wp\/v2\/media\/25037"}],"wp:attachment":[{"href":"https:\/\/dev.garden.ee\/en\/wp-json\/wp\/v2\/media?parent=25034"}],"wp:term":[{"taxonomy":"product_brand","embeddable":true,"href":"https:\/\/dev.garden.ee\/en\/wp-json\/wp\/v2\/product_brand?post=25034"},{"taxonomy":"product_cat","embeddable":true,"href":"https:\/\/dev.garden.ee\/en\/wp-json\/wp\/v2\/product_cat?post=25034"},{"taxonomy":"product_tag","embeddable":true,"href":"https:\/\/dev.garden.ee\/en\/wp-json\/wp\/v2\/product_tag?post=25034"}],"curies":[{"name":"wp","href":"https:\/\/api.w.org\/{rel}","templated":true}]}}