{"id":25028,"date":"2026-02-08T18:47:54","date_gmt":"2026-02-08T16:47:54","guid":{"rendered":"https:\/\/dev.garden.ee\/?post_type=product&#038;p=25028"},"modified":"2026-02-08T19:05:33","modified_gmt":"2026-02-08T17:05:33","slug":"penelope-lively-uudis","status":"publish","type":"product","link":"https:\/\/dev.garden.ee\/en\/product\/penelope-lively-uudis\/","title":{"rendered":"Penelope Lively UUDIS!"},"content":{"rendered":"<input class=\"fooboxshare_post_id\" type=\"hidden\" value=\"25028\"\/>","protected":false},"excerpt":{"rendered":"<p>Oodake marjapunaseid \u00f5ienuppe, mis puhkevad klassikaliseks ja elegantseks roosiks, millel on keskmiselt roosad, kausjad \u00f5ied tasakaalustatud ja avatud \u00f5ites. Tema \u00f5ied on keskmise suurusega, erinevate roosade kroonlehtede varjunditega, mis aja jooksul tuhmuvad lavendliv\u00e4rvi. Elegantset v\u00e4rvipaletti t\u00e4iendades kannab see keskmise tugevusega klassikalist roosil\u00f5hna vaarika, sidruni ja m\u00fcrri nootidega.<\/p>\n<p>Nime saanud tuntud kirjaniku j\u00e4rgi &#8211; Penelope Lively loomingus on palju \u017eanre, alates auhinnatud romaanidest ja l\u00fchijuttudest nii t\u00e4iskasvanutele kui ka lastele ning kaunilt kirjutatud memuaaridest \u201eElu aias\u201c. Penelope kirjeldab: \u201eKaks keskset tegevust minu elus \u2013 lisaks kirjutamisele \u2013 on olnud lugemine ja aiandus,\u201c ning see raamat \u00fchendab need kaks elegantselt. Aiandus on Penelope geenides. Tema vanaema l\u00f5i imelise aia, mis oli v\u00e4ga inspireeritud Gertrude Jekylli loomingust, samal ajal kui tema ema ehitas Egiptusesse inglise aia, mis oli sisustatud muruplatside, liiliatiikide ja roosiaiaga, pakkudes tausta paljudele tema lapsep\u00f5lvem\u00e4lestustele.<\/p>\n<p><span style=\"color: #ff0000;\">ETTETELLIMINE, V\u00c4LJASTAMINE APRILLI KESKPAIGAST<\/span><\/p>","protected":false},"featured_media":25031,"template":"","meta":[],"product_brand":[],"product_cat":[4413,4416,4402,22],"product_tag":[9776],"class_list":{"0":"post-25028","1":"product","2":"type-product","3":"status-publish","4":"has-post-thumbnail","6":"product_cat-loikelilleaed","7":"product_cat-roosiaed","8":"product_cat-roosid","9":"product_cat-taimed","10":"product_tag-uudissort","11":"pa_aretus-david-austin","12":"pa_avalikustamisaasta-uhendkuningriik-2023","13":"pa_haiguskindlus-vaga-hea","14":"pa_kasvukorgus-110-cm","15":"pa_laius-125-cm","16":"pa_lisainfo-sobib-loikelilleks","17":"pa_lisainfo-sobib-osalise-varjuga-kasvualale","18":"pa_lohn-keskmine","19":"pa_lohn-tugev","20":"pa_lohn-murrine","21":"pa_lohn-puuviljane","22":"pa_oie-suurus-keskmine","23":"pa_oie-varv-roosa","24":"pa_oietuup-taidisois","25":"pa_oitsemine-korduvalt-oitsev","26":"pa_sort-poosasroos","27":"pa_taimede-arvestus-ruutmeetri-9220","28":"pa_talvekindlus-vaga-hea","29":"pa_variatsioon-paljasjuurne-ainult-kevadel","30":"pa_variatsioon-potis-4-6l","31":"pa_variatsioon-potis-4-6l-suvel-ja-sugisel","33":"first","34":"outofstock","35":"purchasable","36":"product-type-variable"},"acf":[],"_links":{"self":[{"href":"https:\/\/dev.garden.ee\/en\/wp-json\/wp\/v2\/product\/25028","targetHints":{"allow":["GET"]}}],"collection":[{"href":"https:\/\/dev.garden.ee\/en\/wp-json\/wp\/v2\/product"}],"about":[{"href":"https:\/\/dev.garden.ee\/en\/wp-json\/wp\/v2\/types\/product"}],"wp:featuredmedia":[{"embeddable":true,"href":"https:\/\/dev.garden.ee\/en\/wp-json\/wp\/v2\/media\/25031"}],"wp:attachment":[{"href":"https:\/\/dev.garden.ee\/en\/wp-json\/wp\/v2\/media?parent=25028"}],"wp:term":[{"taxonomy":"product_brand","embeddable":true,"href":"https:\/\/dev.garden.ee\/en\/wp-json\/wp\/v2\/product_brand?post=25028"},{"taxonomy":"product_cat","embeddable":true,"href":"https:\/\/dev.garden.ee\/en\/wp-json\/wp\/v2\/product_cat?post=25028"},{"taxonomy":"product_tag","embeddable":true,"href":"https:\/\/dev.garden.ee\/en\/wp-json\/wp\/v2\/product_tag?post=25028"}],"curies":[{"name":"wp","href":"https:\/\/api.w.org\/{rel}","templated":true}]}}