{"id":25022,"date":"2026-02-08T18:09:11","date_gmt":"2026-02-08T16:09:11","guid":{"rendered":"https:\/\/dev.garden.ee\/?post_type=product&#038;p=25022"},"modified":"2026-02-08T18:46:32","modified_gmt":"2026-02-08T16:46:32","slug":"perfumy-siluetta","status":"publish","type":"product","link":"https:\/\/dev.garden.ee\/en\/product\/perfumy-siluetta\/","title":{"rendered":"Perfumy Siluetta\u00ae"},"content":{"rendered":"<input class=\"fooboxshare_post_id\" type=\"hidden\" value=\"25022\"\/>","protected":false},"excerpt":{"rendered":"<p>Uuesti \u00f5itsev, kauni l\u00f5hnaga rambler intensiivsete \u00f5itega ja suurep\u00e4rase haiguskindlusega. M\u00f5\u00f5duka kasvuj\u00f5u t\u00f5ttu sobib ideaalselt terrassile v\u00f5i r\u00f5dule konteineritesse kasvatamiseks ja v\u00e4iksematesse aedadesse kasvatamiseks.<\/p>","protected":false},"featured_media":25027,"template":"","meta":[],"product_brand":[],"product_cat":[9637,9702,4414,6934,9550,4397,4416,4402,4408,22],"product_tag":[9418],"class_list":{"0":"post-25022","1":"product","2":"type-product","3":"status-publish","4":"has-post-thumbnail","6":"product_cat-istutuskast","7":"product_cat-linnaaed","8":"product_cat-lohnaaed","9":"product_cat-mesilassobralik-aed","10":"product_cat-rodu-ja-terrass","11":"product_cat-ronitaimed","12":"product_cat-roosiaed","13":"product_cat-roosid","14":"product_cat-vaike-aed","15":"product_cat-taimed","16":"product_tag-adr-roos","17":"pa_adr-jah","18":"pa_aretus-w-kordes-sohne","19":"pa_avalikustamisaasta-saksamaa-2022","20":"pa_haiguskindlus-hea","21":"pa_kasvukorgus-150-180-cm","22":"pa_kollektsioon-siluetta","23":"pa_laius-70-cm","24":"pa_lisainfo-mesilaste-lemmik","25":"pa_lisainfo-ronitaim","26":"pa_lisainfo-sobib-lohnaaeda","27":"pa_lisainfo-sobib-osalise-varjuga-kasvualale","28":"pa_lohn-tugev","29":"pa_oie-suurus-vaike","30":"pa_oie-varv-magenta","31":"pa_oie-varv-roosa","32":"pa_oie-varv-violetne","33":"pa_oietuup-taidisois","34":"pa_oitsemine-korduvalt-oitsev","35":"pa_sort-mini-roniroos","36":"pa_taimede-arvestus-ruutmeetri-1-2","37":"pa_talvekindlus-vaga-hea","38":"pa_variatsioon-potis-2l-kevadel","39":"pa_variatsioon-potis-4-6l","41":"first","42":"outofstock","43":"purchasable","44":"product-type-variable"},"acf":[],"_links":{"self":[{"href":"https:\/\/dev.garden.ee\/en\/wp-json\/wp\/v2\/product\/25022","targetHints":{"allow":["GET"]}}],"collection":[{"href":"https:\/\/dev.garden.ee\/en\/wp-json\/wp\/v2\/product"}],"about":[{"href":"https:\/\/dev.garden.ee\/en\/wp-json\/wp\/v2\/types\/product"}],"wp:featuredmedia":[{"embeddable":true,"href":"https:\/\/dev.garden.ee\/en\/wp-json\/wp\/v2\/media\/25027"}],"wp:attachment":[{"href":"https:\/\/dev.garden.ee\/en\/wp-json\/wp\/v2\/media?parent=25022"}],"wp:term":[{"taxonomy":"product_brand","embeddable":true,"href":"https:\/\/dev.garden.ee\/en\/wp-json\/wp\/v2\/product_brand?post=25022"},{"taxonomy":"product_cat","embeddable":true,"href":"https:\/\/dev.garden.ee\/en\/wp-json\/wp\/v2\/product_cat?post=25022"},{"taxonomy":"product_tag","embeddable":true,"href":"https:\/\/dev.garden.ee\/en\/wp-json\/wp\/v2\/product_tag?post=25022"}],"curies":[{"name":"wp","href":"https:\/\/api.w.org\/{rel}","templated":true}]}}