{"id":25015,"date":"2026-02-08T17:51:33","date_gmt":"2026-02-08T15:51:33","guid":{"rendered":"https:\/\/dev.garden.ee\/?post_type=product&#038;p=25015"},"modified":"2026-02-08T18:08:12","modified_gmt":"2026-02-08T16:08:12","slug":"perennial-domino","status":"publish","type":"product","link":"https:\/\/dev.garden.ee\/en\/product\/perennial-domino\/","title":{"rendered":"Perennial Domino\u00ae"},"content":{"rendered":"<input class=\"fooboxshare_post_id\" type=\"hidden\" value=\"25015\"\/>","protected":false},"excerpt":{"rendered":"<p>\u00d5itseb pidevalt suurtes magenta-punastes \u00f5iekobarates. See kasvab l\u00e4bitungimatuks m\u00fc\u00fcriks v\u00f5i kompaktseks \u00f5issambaks. Kasv p\u00fcstine ja kaarjas.<\/p>\n<p>Selgelt n\u00f5rgem teine \u200b\u200b\u00f5itsemine &#8211; seet\u00f5ttu on soovituslik p\u00e4rast esimest \u00f5itsemist j\u00e4rjepidevalt rakendada suvist p\u00fcgamist.<\/p>\n<p>Sobib kasvatamiseks v\u00f5redel ja kaartel, roosiv\u00f5res, puudel, pergolatel, paviljonil, maja esiseinal, looduslikes aedades.<\/p>\n<p>Baden-Badeni uudsusv\u00f5istlus on \u00fcks maailma prestii\u017esemaid roosikatsetusi. P\u00e4rast kolme aastat mitmete \u017e\u00fcriide auhindu p\u00e4lvis\u00a0 Saksa Roosi\u00fchingu aupreemia, kuldmedali ronirooside kategoorias ja isegi esimese roniroosina ajaloos v\u00f5istluse k\u00f5rgeima auhinna: Baden-Badeni kuldne roos 2020.<\/p>\n<p>Auhinnad: Gold medal cat. Climber and public award Bologna (Italy 2023); ADR 2023; Rose of the year 2022 (Germany); Golden Rose and Gold Medal Climbing Rose Baden-Baden (Germany 2020), Honorary Award of the German Rose Society Baden-Baden (Germany 2020).<\/p>","protected":false},"featured_media":25021,"template":"","meta":[],"product_brand":[],"product_cat":[9650,6934,4397,4416,4402,22],"product_tag":[9418],"class_list":{"0":"post-25015","1":"product","2":"type-product","3":"status-publish","4":"has-post-thumbnail","6":"product_cat-looduslik-aed","7":"product_cat-mesilassobralik-aed","8":"product_cat-ronitaimed","9":"product_cat-roosiaed","10":"product_cat-roosid","11":"product_cat-taimed","12":"product_tag-adr-roos","13":"pa_adr-9797","14":"pa_aretus-rosen-tantau","15":"pa_avalikustamisaasta-saksamaa-2021","16":"pa_haiguskindlus-vaga-hea","17":"pa_kasvukorgus-250-350-cm","18":"pa_laius-80-cm","19":"pa_lisainfo-mesilaste-lemmik","20":"pa_lisainfo-ronitaim","21":"pa_lohn-orn","22":"pa_oie-suurus-vaike","23":"pa_oie-varv-punane","24":"pa_oietuup-taidisois","25":"pa_oitsemine-korduvalt-oitsev","26":"pa_sort-rambler","27":"pa_sort-roniroos","28":"pa_taimede-arvestus-ruutmeetri-9216","29":"pa_talvekindlus-vaga-hea","30":"pa_variatsioon-potis-2l-kevadel","31":"pa_variatsioon-potis-4-6l","33":"first","34":"outofstock","35":"purchasable","36":"product-type-variable"},"acf":[],"_links":{"self":[{"href":"https:\/\/dev.garden.ee\/en\/wp-json\/wp\/v2\/product\/25015","targetHints":{"allow":["GET"]}}],"collection":[{"href":"https:\/\/dev.garden.ee\/en\/wp-json\/wp\/v2\/product"}],"about":[{"href":"https:\/\/dev.garden.ee\/en\/wp-json\/wp\/v2\/types\/product"}],"wp:featuredmedia":[{"embeddable":true,"href":"https:\/\/dev.garden.ee\/en\/wp-json\/wp\/v2\/media\/25021"}],"wp:attachment":[{"href":"https:\/\/dev.garden.ee\/en\/wp-json\/wp\/v2\/media?parent=25015"}],"wp:term":[{"taxonomy":"product_brand","embeddable":true,"href":"https:\/\/dev.garden.ee\/en\/wp-json\/wp\/v2\/product_brand?post=25015"},{"taxonomy":"product_cat","embeddable":true,"href":"https:\/\/dev.garden.ee\/en\/wp-json\/wp\/v2\/product_cat?post=25015"},{"taxonomy":"product_tag","embeddable":true,"href":"https:\/\/dev.garden.ee\/en\/wp-json\/wp\/v2\/product_tag?post=25015"}],"curies":[{"name":"wp","href":"https:\/\/api.w.org\/{rel}","templated":true}]}}