{"id":25010,"date":"2026-02-08T17:02:28","date_gmt":"2026-02-08T15:02:28","guid":{"rendered":"https:\/\/dev.garden.ee\/?post_type=product&#038;p=25010"},"modified":"2026-02-08T17:21:23","modified_gmt":"2026-02-08T15:21:23","slug":"pepino-uus","status":"publish","type":"product","link":"https:\/\/dev.garden.ee\/en\/product\/pepino-uus\/","title":{"rendered":"Pepino\u00ae UUS!"},"content":{"rendered":"<input class=\"fooboxshare_post_id\" type=\"hidden\" value=\"25010\"\/>","protected":false},"excerpt":{"rendered":"<p>Tumepunaste keskmiste 6-8cm \u00f5itega floribundaroos. Selle lopsakas, pehme ja kompaktne kasv muudavad selle ideaalseks tiheda \u00f5itsemise efekti saavutamiseks peenardes. Lisaks on v\u00e4ga atraktiivne ka v\u00e4rvikoordineeritud segaistutusteks p\u00fcsikute v\u00f5i l\u00fchikeste k\u00f5rrelistega disainis.<\/p>\n<p>Sobib kasutamiseks segaroosipeenardes, hekkides, pottides ja vannides, segapeenardes, v\u00e4ikestes r\u00fchmades.<\/p>\n<p>Auhinnad: Golden Rose 2025 Den Haag (Netherlands); BUGA 2023 Mannheim (Germany) &#8211; Silver medal.<\/p>\n<p><span style=\"color: #ff0000;\">ETTETELLIMINE, V\u00c4LJASTAMINE APRILLI TEISEST POOLEST<\/span><\/p>","protected":false},"featured_media":25014,"template":"","meta":[],"product_brand":[],"product_cat":[4395,9637,6934,4416,4402,22],"product_tag":[9780],"class_list":{"0":"post-25010","1":"product","2":"type-product","3":"status-publish","4":"has-post-thumbnail","6":"product_cat-hekid","7":"product_cat-istutuskast","8":"product_cat-mesilassobralik-aed","9":"product_cat-roosiaed","10":"product_cat-roosid","11":"product_cat-taimed","12":"product_tag-uus","13":"pa_aretus-rosen-tantau","14":"pa_avalikustamisaasta-saksamaa-2021","15":"pa_haiguskindlus-vaga-hea","16":"pa_kasvukorgus-50-80-cm","17":"pa_laius-45-50-cm","18":"pa_lisainfo-ideaalne-heki-loomiseks","19":"pa_lisainfo-mesilaste-lemmik","20":"pa_lisainfo-sobilik-istutuskasti-jaoks","21":"pa_lohn-orn","22":"pa_oie-suurus-keskmine","23":"pa_oie-varv-punane","24":"pa_oietuup-taidisois","25":"pa_oitsemine-korduvalt-oitsev","26":"pa_sort-floribund-ehk-paljuoieline-roos","27":"pa_sort-peenraroos","28":"pa_taimede-arvestus-ruutmeetri-4-5","29":"pa_talvekindlus-vaga-hea","30":"pa_variatsioon-potis-2l-kevadel","31":"pa_variatsioon-potis-4-6l","33":"first","34":"outofstock","35":"purchasable","36":"product-type-variable"},"acf":[],"_links":{"self":[{"href":"https:\/\/dev.garden.ee\/en\/wp-json\/wp\/v2\/product\/25010","targetHints":{"allow":["GET"]}}],"collection":[{"href":"https:\/\/dev.garden.ee\/en\/wp-json\/wp\/v2\/product"}],"about":[{"href":"https:\/\/dev.garden.ee\/en\/wp-json\/wp\/v2\/types\/product"}],"wp:featuredmedia":[{"embeddable":true,"href":"https:\/\/dev.garden.ee\/en\/wp-json\/wp\/v2\/media\/25014"}],"wp:attachment":[{"href":"https:\/\/dev.garden.ee\/en\/wp-json\/wp\/v2\/media?parent=25010"}],"wp:term":[{"taxonomy":"product_brand","embeddable":true,"href":"https:\/\/dev.garden.ee\/en\/wp-json\/wp\/v2\/product_brand?post=25010"},{"taxonomy":"product_cat","embeddable":true,"href":"https:\/\/dev.garden.ee\/en\/wp-json\/wp\/v2\/product_cat?post=25010"},{"taxonomy":"product_tag","embeddable":true,"href":"https:\/\/dev.garden.ee\/en\/wp-json\/wp\/v2\/product_tag?post=25010"}],"curies":[{"name":"wp","href":"https:\/\/api.w.org\/{rel}","templated":true}]}}