{"id":25003,"date":"2026-02-08T14:21:42","date_gmt":"2026-02-08T12:21:42","guid":{"rendered":"https:\/\/dev.garden.ee\/?post_type=product&#038;p=25003"},"modified":"2026-02-08T16:05:01","modified_gmt":"2026-02-08T14:05:01","slug":"pashmina-uudis","status":"publish","type":"product","link":"https:\/\/dev.garden.ee\/en\/product\/pashmina-uudis\/","title":{"rendered":"Pashmina\u00ae UUDIS!"},"content":{"rendered":"<input class=\"fooboxshare_post_id\" type=\"hidden\" value=\"25003\"\/>","protected":false},"excerpt":{"rendered":"<p>Erakordselt kaunis ja suhteliselt graatsilise kasvuga maastiku p\u00f5\u00f5sasroos, millel on kaarjas ja kummarduv kasv. Sobib rikkalike v\u00e4ikeste (3-4cm) heleroosade \u00f5itega nii massistutuseks kui ka segapeenardesse p\u00fcsikutega kombineerimiseks.<\/p>\n<p>Sobib poolvarju, rippuvatele kohtadele, pottidesse, \u00e4\u00e4ristaimeks, l\u00f5ikelilleks.<\/p>\n<p>V\u00f5itnud auhindu rahvusvahelistel roosiv\u00f5istlustel.<\/p>\n<p><span style=\"color: #ff0000;\">ETTETELLIMINE, V\u00c4LJASTAMINE APRILLI TEISEST POOLEST<\/span><\/p>","protected":false},"featured_media":25006,"template":"","meta":[],"product_brand":[],"product_cat":[9637,4413,4406,4416,4402,22],"product_tag":[9776],"class_list":{"0":"post-25003","1":"product","2":"type-product","3":"status-publish","4":"has-post-thumbnail","6":"product_cat-istutuskast","7":"product_cat-loikelilleaed","8":"product_cat-park","9":"product_cat-roosiaed","10":"product_cat-roosid","11":"product_cat-taimed","12":"product_tag-uudissort","13":"pa_aretus-w-kordes-sohne","14":"pa_avalikustamisaasta-saksamaa-2023","15":"pa_haiguskindlus-vaga-hea","16":"pa_kasvukorgus-80-cm","17":"pa_laius-50-cm","18":"pa_lisainfo-ripptaim","19":"pa_lisainfo-sobilik-istutuskasti-jaoks","20":"pa_lisainfo-sobib-loikelilleks","21":"pa_lisainfo-sobib-osalise-varjuga-kasvualale","22":"pa_lohn-keskmine","23":"pa_oie-suurus-vaike","24":"pa_oie-varv-ornroosa","25":"pa_oietuup-taidisois","26":"pa_oitsemine-korduvalt-oitsev","27":"pa_sort-poosasroos","28":"pa_taimede-arvestus-ruutmeetri-9213","29":"pa_talvekindlus-vaga-hea","30":"pa_variatsioon-potis-2l-kevadel","31":"pa_variatsioon-potis-4-6l","33":"first","34":"outofstock","35":"purchasable","36":"product-type-variable"},"acf":[],"_links":{"self":[{"href":"https:\/\/dev.garden.ee\/en\/wp-json\/wp\/v2\/product\/25003","targetHints":{"allow":["GET"]}}],"collection":[{"href":"https:\/\/dev.garden.ee\/en\/wp-json\/wp\/v2\/product"}],"about":[{"href":"https:\/\/dev.garden.ee\/en\/wp-json\/wp\/v2\/types\/product"}],"wp:featuredmedia":[{"embeddable":true,"href":"https:\/\/dev.garden.ee\/en\/wp-json\/wp\/v2\/media\/25006"}],"wp:attachment":[{"href":"https:\/\/dev.garden.ee\/en\/wp-json\/wp\/v2\/media?parent=25003"}],"wp:term":[{"taxonomy":"product_brand","embeddable":true,"href":"https:\/\/dev.garden.ee\/en\/wp-json\/wp\/v2\/product_brand?post=25003"},{"taxonomy":"product_cat","embeddable":true,"href":"https:\/\/dev.garden.ee\/en\/wp-json\/wp\/v2\/product_cat?post=25003"},{"taxonomy":"product_tag","embeddable":true,"href":"https:\/\/dev.garden.ee\/en\/wp-json\/wp\/v2\/product_tag?post=25003"}],"curies":[{"name":"wp","href":"https:\/\/api.w.org\/{rel}","templated":true}]}}