{"id":24998,"date":"2026-02-08T14:09:27","date_gmt":"2026-02-08T12:09:27","guid":{"rendered":"https:\/\/dev.garden.ee\/?post_type=product&#038;p=24998"},"modified":"2026-03-12T16:18:02","modified_gmt":"2026-03-12T14:18:02","slug":"orienta-milya-uudis","status":"publish","type":"product","link":"https:\/\/dev.garden.ee\/en\/product\/orienta-milya-uudis\/","title":{"rendered":"Orienta\u00ae Milya UUDIS!"},"content":{"rendered":"<input class=\"fooboxshare_post_id\" type=\"hidden\" value=\"24998\"\/>","protected":false},"excerpt":{"rendered":"<p>Oma erkpunaste m\u00e4rgistega on see sort ajaloo esimene Persica h\u00fcbriid, mis on v\u00f5itnud Baden-Badeni Kuldse Roosi auhinna. See teeb sellest roosiaretuses tohutu h\u00fcppe! Oma laitmatu tervise ja uudse kuldse v\u00e4rvusega \u00e4ratas see 30 aretaja 141 sordi seas k\u00f5igi t\u00e4helepanu ja p\u00e4lvis tipphinded. Kasv p\u00fcstine ja \u00f5ied keskmise suurusega 6-8cm.<\/p>\n<p>Sobib kasutamiseks avalikel haljastusaladel, suurtes peenardes, segaroosipeenardes, pottides ja vannides, romantilistes aedades koos p\u00fcsikutega, segapeenardes, v\u00e4ikestes r\u00fchmades, massistutustes, looduslikes aedades.<\/p>\n<p>Auhind: Golden Rose Baden-Baden (Germany 2025).<\/p>\n<p><span style=\"color: #ff0000;\">ETTETELLIMINE, V\u00c4LJASTAMINE APRILLI TEISEST POOLEST<\/span><\/p>","protected":false},"featured_media":25001,"template":"","meta":[],"product_brand":[],"product_cat":[9637,9650,6934,4406,4416,4402,22],"product_tag":[9776],"class_list":{"0":"post-24998","1":"product","2":"type-product","3":"status-publish","4":"has-post-thumbnail","6":"product_cat-istutuskast","7":"product_cat-looduslik-aed","8":"product_cat-mesilassobralik-aed","9":"product_cat-park","10":"product_cat-roosiaed","11":"product_cat-roosid","12":"product_cat-taimed","13":"product_tag-uudissort","14":"pa_aretus-rosen-tantau","15":"pa_avalikustamisaasta-saksamaa-2025","16":"pa_haiguskindlus-vaga-hea","17":"pa_kasvukorgus-50-80-cm","18":"pa_kollektsioon-orienta","19":"pa_laius-50-60-cm","20":"pa_lisainfo-mesilaste-lemmik","21":"pa_lisainfo-sobilik-istutuskasti-jaoks","22":"pa_lohn-orn","23":"pa_oie-suurus-keskmine","24":"pa_oie-varv-punane","25":"pa_oie-varv-kahevarviline","26":"pa_oie-varv-kollane","27":"pa_oietuup-lihtois","28":"pa_oitsemine-korduvalt-oitsev","29":"pa_sort-peenraroos","30":"pa_taimede-arvestus-ruutmeetri-3-4","31":"pa_talvekindlus-vaga-hea","32":"pa_variatsioon-potis-2l-kevadel","33":"pa_variatsioon-potis-4-6l","35":"first","36":"outofstock","37":"purchasable","38":"product-type-variable"},"acf":[],"_links":{"self":[{"href":"https:\/\/dev.garden.ee\/en\/wp-json\/wp\/v2\/product\/24998","targetHints":{"allow":["GET"]}}],"collection":[{"href":"https:\/\/dev.garden.ee\/en\/wp-json\/wp\/v2\/product"}],"about":[{"href":"https:\/\/dev.garden.ee\/en\/wp-json\/wp\/v2\/types\/product"}],"wp:featuredmedia":[{"embeddable":true,"href":"https:\/\/dev.garden.ee\/en\/wp-json\/wp\/v2\/media\/25001"}],"wp:attachment":[{"href":"https:\/\/dev.garden.ee\/en\/wp-json\/wp\/v2\/media?parent=24998"}],"wp:term":[{"taxonomy":"product_brand","embeddable":true,"href":"https:\/\/dev.garden.ee\/en\/wp-json\/wp\/v2\/product_brand?post=24998"},{"taxonomy":"product_cat","embeddable":true,"href":"https:\/\/dev.garden.ee\/en\/wp-json\/wp\/v2\/product_cat?post=24998"},{"taxonomy":"product_tag","embeddable":true,"href":"https:\/\/dev.garden.ee\/en\/wp-json\/wp\/v2\/product_tag?post=24998"}],"curies":[{"name":"wp","href":"https:\/\/api.w.org\/{rel}","templated":true}]}}