{"id":24991,"date":"2026-02-08T13:44:57","date_gmt":"2026-02-08T11:44:57","guid":{"rendered":"https:\/\/dev.garden.ee\/?post_type=product&#038;p=24991"},"modified":"2026-02-08T13:56:40","modified_gmt":"2026-02-08T11:56:40","slug":"orienta-djamila-uus","status":"publish","type":"product","link":"https:\/\/dev.garden.ee\/en\/product\/orienta-djamila-uus\/","title":{"rendered":"Orienta\u00ae Djamila UUS!"},"content":{"rendered":"<input class=\"fooboxshare_post_id\" type=\"hidden\" value=\"24991\"\/>","protected":false},"excerpt":{"rendered":"<p>Nimi Djamila t\u00e4hendab ilu ja see roos on oma nime igati \u00e4ra teeninud. See on Orienta\u00ae roosidest k\u00f5ige tumedam ja eriti populaarne oma murakav\u00e4rvilise varjundi poolest. Sellel on ka intensiivne ja maitsev aroom, mida mesilased v\u00e4ga hindavad. \u00d5ied v\u00e4ikesed kuni kesmised, 4-6cm. Kasvukuju p\u00fcstine ja p\u00f5\u00f5sasjas.<\/p>\n<p>Sobib kasutamiseks pottides ja vannides, segaroosipeenardes, v\u00e4ikestes r\u00fchmades, l\u00f5hnaaedades, segapeenardes.<\/p>\n<p><span style=\"color: #ff0000;\">ETTETELLIMINE, V\u00c4LJASTAMINE APRILLI TEISEST POOLEST<\/span><\/p>","protected":false},"featured_media":24995,"template":"","meta":[],"product_brand":[],"product_cat":[9637,4414,6934,4416,4402,22],"product_tag":[9780],"class_list":{"0":"post-24991","1":"product","2":"type-product","3":"status-publish","4":"has-post-thumbnail","6":"product_cat-istutuskast","7":"product_cat-lohnaaed","8":"product_cat-mesilassobralik-aed","9":"product_cat-roosiaed","10":"product_cat-roosid","11":"product_cat-taimed","12":"product_tag-uus","13":"pa_aretus-rosen-tantau","14":"pa_avalikustamisaasta-saksamaa-2020","15":"pa_haiguskindlus-vaga-hea","16":"pa_kasvukorgus-50-80-cm","17":"pa_kollektsioon-orienta","18":"pa_laius-50-60-cm","19":"pa_lisainfo-mesilaste-lemmik","20":"pa_lisainfo-sobilik-istutuskasti-jaoks","21":"pa_lisainfo-sobib-lohnaaeda","22":"pa_lohn-tugev","23":"pa_lohn-intensiivne","24":"pa_oie-suurus-keskmine","25":"pa_oie-varv-violetne","26":"pa_oietuup-pooltaidisois","27":"pa_oitsemine-korduvalt-oitsev","28":"pa_sort-vaikepoosas","29":"pa_taimede-arvestus-ruutmeetri-3-4","30":"pa_talvekindlus-vaga-hea","31":"pa_variatsioon-potis-2l-kevadel","32":"pa_variatsioon-potis-4-6l","34":"first","35":"outofstock","36":"purchasable","37":"product-type-variable"},"acf":[],"_links":{"self":[{"href":"https:\/\/dev.garden.ee\/en\/wp-json\/wp\/v2\/product\/24991","targetHints":{"allow":["GET"]}}],"collection":[{"href":"https:\/\/dev.garden.ee\/en\/wp-json\/wp\/v2\/product"}],"about":[{"href":"https:\/\/dev.garden.ee\/en\/wp-json\/wp\/v2\/types\/product"}],"wp:featuredmedia":[{"embeddable":true,"href":"https:\/\/dev.garden.ee\/en\/wp-json\/wp\/v2\/media\/24995"}],"wp:attachment":[{"href":"https:\/\/dev.garden.ee\/en\/wp-json\/wp\/v2\/media?parent=24991"}],"wp:term":[{"taxonomy":"product_brand","embeddable":true,"href":"https:\/\/dev.garden.ee\/en\/wp-json\/wp\/v2\/product_brand?post=24991"},{"taxonomy":"product_cat","embeddable":true,"href":"https:\/\/dev.garden.ee\/en\/wp-json\/wp\/v2\/product_cat?post=24991"},{"taxonomy":"product_tag","embeddable":true,"href":"https:\/\/dev.garden.ee\/en\/wp-json\/wp\/v2\/product_tag?post=24991"}],"curies":[{"name":"wp","href":"https:\/\/api.w.org\/{rel}","templated":true}]}}