{"id":24981,"date":"2026-02-07T21:37:02","date_gmt":"2026-02-07T19:37:02","guid":{"rendered":"https:\/\/dev.garden.ee\/?post_type=product&#038;p=24981"},"modified":"2026-02-07T22:00:40","modified_gmt":"2026-02-07T20:00:40","slug":"nye-bevan","status":"publish","type":"product","link":"https:\/\/dev.garden.ee\/en\/product\/nye-bevan\/","title":{"rendered":"Nye Bevan"},"content":{"rendered":"<input class=\"fooboxshare_post_id\" type=\"hidden\" value=\"24981\"\/>","protected":false},"excerpt":{"rendered":"<p>Meeldiv roos, mis kannab ebatavalisi avatud kaussjakujulisi \u00f5isi, mis on pehmekollased, kahvatud kuni kreemikad. Kammkarbikujulised, kumerad kroonlehed on l\u00f5dvalt, kuid heldelt koondunud \u00fcmber kesksete ja kuldsete tolmukate punga, luues pehme ja \u00f5hulise v\u00e4limuse. Esimesed \u00f5ied on suurejoonelised, h\u00e4sti asetsevates \u00f5isikutes ja paistavad uhkelt keskrohelise, pooll\u00e4ikiva lehestiku taustal. Moodustab terve, keskmise suurusega p\u00fcstise p\u00f5\u00f5sa, millel on kerge m\u00fcrril\u00f5hn ja mille \u00f5ied tuleb korduva \u00f5itsemise soodustamiseks eemaldada.<\/p>\n<p>Roos on saanud oma nime Waleslase Nye Bevani j\u00e4rgi, keda peetakse Suurbritannia riikliku tervishoiuteenuse (<em>NHS &#8211; National Health Service<\/em>) rajajaks.<\/p>","protected":false},"featured_media":24987,"template":"","meta":[],"product_brand":[],"product_cat":[4395,9637,4416,4402,22],"product_tag":[],"class_list":{"0":"post-24981","1":"product","2":"type-product","3":"status-publish","4":"has-post-thumbnail","6":"product_cat-hekid","7":"product_cat-istutuskast","8":"product_cat-roosiaed","9":"product_cat-roosid","10":"product_cat-taimed","11":"pa_aretus-david-austin","12":"pa_avalikustamisaasta-uhendkuningriik-2021","13":"pa_haiguskindlus-vaga-hea","14":"pa_kasvukorgus-110-cm","15":"pa_laius-75-cm","16":"pa_lisainfo-ideaalne-heki-loomiseks","17":"pa_lisainfo-sobilik-istutuskasti-jaoks","18":"pa_lisainfo-sobib-osalise-varjuga-kasvualale","19":"pa_lohn-keskmine","20":"pa_lohn-murrine","21":"pa_oie-suurus-keskmine","22":"pa_oie-varv-kahvatukollane","23":"pa_oietuup-taidisois","24":"pa_oitsemine-korduvalt-oitsev","25":"pa_sort-peenraroos","26":"pa_taimede-arvestus-ruutmeetri-2-3","27":"pa_talvekindlus-hea","28":"pa_variatsioon-paljasjuurne-ainult-kevadel","29":"pa_variatsioon-potis-4-6l","30":"pa_variatsioon-potis-4-6l-suvel-ja-sugisel","32":"first","33":"outofstock","34":"purchasable","35":"product-type-variable"},"acf":[],"_links":{"self":[{"href":"https:\/\/dev.garden.ee\/en\/wp-json\/wp\/v2\/product\/24981","targetHints":{"allow":["GET"]}}],"collection":[{"href":"https:\/\/dev.garden.ee\/en\/wp-json\/wp\/v2\/product"}],"about":[{"href":"https:\/\/dev.garden.ee\/en\/wp-json\/wp\/v2\/types\/product"}],"wp:featuredmedia":[{"embeddable":true,"href":"https:\/\/dev.garden.ee\/en\/wp-json\/wp\/v2\/media\/24987"}],"wp:attachment":[{"href":"https:\/\/dev.garden.ee\/en\/wp-json\/wp\/v2\/media?parent=24981"}],"wp:term":[{"taxonomy":"product_brand","embeddable":true,"href":"https:\/\/dev.garden.ee\/en\/wp-json\/wp\/v2\/product_brand?post=24981"},{"taxonomy":"product_cat","embeddable":true,"href":"https:\/\/dev.garden.ee\/en\/wp-json\/wp\/v2\/product_cat?post=24981"},{"taxonomy":"product_tag","embeddable":true,"href":"https:\/\/dev.garden.ee\/en\/wp-json\/wp\/v2\/product_tag?post=24981"}],"curies":[{"name":"wp","href":"https:\/\/api.w.org\/{rel}","templated":true}]}}