{"id":24973,"date":"2026-02-07T20:44:29","date_gmt":"2026-02-07T18:44:29","guid":{"rendered":"https:\/\/dev.garden.ee\/?post_type=product&#038;p=24973"},"modified":"2026-02-07T21:02:37","modified_gmt":"2026-02-07T19:02:37","slug":"naranga","status":"publish","type":"product","link":"https:\/\/dev.garden.ee\/en\/product\/naranga\/","title":{"rendered":"Naranga\u00ae"},"content":{"rendered":"<input class=\"fooboxshare_post_id\" type=\"hidden\" value=\"24973\"\/>","protected":false},"excerpt":{"rendered":"<p>Naranga\u00ae toob ronirooside hulka kauaoodatud v\u00e4rvi: s\u00e4rav vaskoran\u017eid t\u00e4idetud \u00f5ied (6-8cm), mida t\u00e4iustab aromaatne l\u00f5hn. Sobib aias eriti harmooniliselt kokku punaste ja kollaste toonidega. Selle lehestik on tumeroheline ja kaunilt l\u00e4ikiv.<\/p>\n<p>Oma kaarduva ja tiheda kasvuga sobib h\u00e4sti v\u00f5restikele, roosiv\u00f5redele, pergolatele, paviljonidele, maja seinale.<\/p>\n<p>Naranga t\u00e4hendab sanskriti keeles &#8220;apelsinipuud&#8221;.<\/p>\n<p>Auhind: Prize of Honour Den Haag (Netherland 2022).<\/p>\n<p><span style=\"color: #ff0000;\">ETTETELLIMINE, V\u00c4LJASTAMINE APRILLI TEISEST POOLEST<\/span><\/p>","protected":false},"featured_media":24978,"template":"","meta":[],"product_brand":[],"product_cat":[6934,4397,4416,4402,22],"product_tag":[],"class_list":{"0":"post-24973","1":"product","2":"type-product","3":"status-publish","4":"has-post-thumbnail","6":"product_cat-mesilassobralik-aed","7":"product_cat-ronitaimed","8":"product_cat-roosiaed","9":"product_cat-roosid","10":"product_cat-taimed","11":"pa_aretus-rosen-tantau","12":"pa_avalikustamisaasta-saksamaa-2019","13":"pa_haiguskindlus-vaga-hea","14":"pa_kasvukorgus-200-300-cm","15":"pa_laius-1-m","16":"pa_lisainfo-mesilaste-lemmik","17":"pa_lisainfo-ronitaim","18":"pa_lohn-tugev","19":"pa_oie-suurus-keskmine","20":"pa_oie-varv-oranz","21":"pa_oietuup-taidisois","22":"pa_oitsemine-korduvalt-oitsev","23":"pa_sort-roniroos","24":"pa_taimede-arvestus-ruutmeetri-9220","25":"pa_talvekindlus-hea","26":"pa_variatsioon-potis-2l-kevadel","27":"pa_variatsioon-potis-4-6l","29":"first","30":"outofstock","31":"purchasable","32":"product-type-variable"},"acf":[],"_links":{"self":[{"href":"https:\/\/dev.garden.ee\/en\/wp-json\/wp\/v2\/product\/24973","targetHints":{"allow":["GET"]}}],"collection":[{"href":"https:\/\/dev.garden.ee\/en\/wp-json\/wp\/v2\/product"}],"about":[{"href":"https:\/\/dev.garden.ee\/en\/wp-json\/wp\/v2\/types\/product"}],"wp:featuredmedia":[{"embeddable":true,"href":"https:\/\/dev.garden.ee\/en\/wp-json\/wp\/v2\/media\/24978"}],"wp:attachment":[{"href":"https:\/\/dev.garden.ee\/en\/wp-json\/wp\/v2\/media?parent=24973"}],"wp:term":[{"taxonomy":"product_brand","embeddable":true,"href":"https:\/\/dev.garden.ee\/en\/wp-json\/wp\/v2\/product_brand?post=24973"},{"taxonomy":"product_cat","embeddable":true,"href":"https:\/\/dev.garden.ee\/en\/wp-json\/wp\/v2\/product_cat?post=24973"},{"taxonomy":"product_tag","embeddable":true,"href":"https:\/\/dev.garden.ee\/en\/wp-json\/wp\/v2\/product_tag?post=24973"}],"curies":[{"name":"wp","href":"https:\/\/api.w.org\/{rel}","templated":true}]}}