{"id":24967,"date":"2026-02-07T19:22:53","date_gmt":"2026-02-07T17:22:53","guid":{"rendered":"https:\/\/dev.garden.ee\/?post_type=product&#038;p=24967"},"modified":"2026-02-07T19:38:54","modified_gmt":"2026-02-07T17:38:54","slug":"morning-sun-uus","status":"publish","type":"product","link":"https:\/\/dev.garden.ee\/en\/product\/morning-sun-uus\/","title":{"rendered":"Morning Sun\u00ae UUS!"},"content":{"rendered":"<input class=\"fooboxshare_post_id\" type=\"hidden\" value=\"24967\"\/>","protected":false},"excerpt":{"rendered":"<p>Floribunda roosi rikkalik \u00f5iev\u00e4rv s\u00e4rab suviselt kuldoran\u017eilt. Poolt\u00e4idlased keskmise suurusega \u00f5ied (6-8cm) on isepuhastuvad. Seenhaiguste suhtes v\u00e4ga vastupidav. V\u00e4ga atraktiivne ja lihtne roos!<\/p>\n<p>Sobib kasutamiseks segaroosipeenardes, romantilistes aedades koos p\u00fcsikutega, segapeenardes, suurtes peenardes, pottides ja vannides, terrassidel, v\u00e4ikestes r\u00fchmades.<\/p>\n<p>Auhinnad: Certificate of Merit in Le Roeulx (Belgium, 2017); Honorary Award of the Ministry for Rural Areas and Consumer Protection in Baden-Baden (Germany 2015).<\/p>\n<p><span style=\"color: #ff0000;\">ETTETELLIMINE, V\u00c4LJASTAMINE APRILLI TEISEST POOLEST<\/span><\/p>","protected":false},"featured_media":24971,"template":"","meta":[],"product_brand":[],"product_cat":[9637,9702,9550,4416,4402,22],"product_tag":[9780],"class_list":{"0":"post-24967","1":"product","2":"type-product","3":"status-publish","4":"has-post-thumbnail","6":"product_cat-istutuskast","7":"product_cat-linnaaed","8":"product_cat-rodu-ja-terrass","9":"product_cat-roosiaed","10":"product_cat-roosid","11":"product_cat-taimed","12":"product_tag-uus","13":"pa_aretus-rosen-tantau","14":"pa_avalikustamisaasta-saksamaa-2016","15":"pa_haiguskindlus-vaga-hea","16":"pa_kasvukorgus-50-80-cm","17":"pa_laius-40-50-cm","18":"pa_lisainfo-mesilaste-lemmik","19":"pa_lisainfo-sobilik-istutuskasti-jaoks","20":"pa_lohn-orn","21":"pa_oie-suurus-keskmine","22":"pa_oie-varv-oranz","23":"pa_oietuup-pooltaidisois","24":"pa_oitsemine-korduvalt-oitsev","25":"pa_sort-floribund-ehk-paljuoieline-roos","26":"pa_sort-peenraroos","27":"pa_sunonuum-salto-f","28":"pa_taimede-arvestus-ruutmeetri-5-6","29":"pa_talvekindlus-vaga-hea","30":"pa_variatsioon-potis-2l-kevadel","31":"pa_variatsioon-potis-4-6l","33":"first","34":"outofstock","35":"purchasable","36":"product-type-variable"},"acf":[],"_links":{"self":[{"href":"https:\/\/dev.garden.ee\/en\/wp-json\/wp\/v2\/product\/24967","targetHints":{"allow":["GET"]}}],"collection":[{"href":"https:\/\/dev.garden.ee\/en\/wp-json\/wp\/v2\/product"}],"about":[{"href":"https:\/\/dev.garden.ee\/en\/wp-json\/wp\/v2\/types\/product"}],"wp:featuredmedia":[{"embeddable":true,"href":"https:\/\/dev.garden.ee\/en\/wp-json\/wp\/v2\/media\/24971"}],"wp:attachment":[{"href":"https:\/\/dev.garden.ee\/en\/wp-json\/wp\/v2\/media?parent=24967"}],"wp:term":[{"taxonomy":"product_brand","embeddable":true,"href":"https:\/\/dev.garden.ee\/en\/wp-json\/wp\/v2\/product_brand?post=24967"},{"taxonomy":"product_cat","embeddable":true,"href":"https:\/\/dev.garden.ee\/en\/wp-json\/wp\/v2\/product_cat?post=24967"},{"taxonomy":"product_tag","embeddable":true,"href":"https:\/\/dev.garden.ee\/en\/wp-json\/wp\/v2\/product_tag?post=24967"}],"curies":[{"name":"wp","href":"https:\/\/api.w.org\/{rel}","templated":true}]}}